{"id":5036,"date":"2019-10-29T21:04:04","date_gmt":"2019-10-29T21:04:04","guid":{"rendered":"https:\/\/tenerifecenter.dev-evocode.net\/?page_id=5036"},"modified":"2024-11-26T16:57:16","modified_gmt":"2024-11-26T16:57:16","slug":"transazioni-immobiliari","status":"publish","type":"page","link":"https:\/\/alicantecenter.com\/it\/info\/transazioni-immobiliari\/","title":{"rendered":"Transazioni immobiliari"},"content":{"rendered":"<p>Sia i residenti che i non residenti hanno gli stessi diritti quando acquistano una propriet\u00e0 nel territorio nazionale spagnolo. Il mercato immobiliare del paese offre una grande variet\u00e0 di scelte, ecco perch\u00e9 i nostri professionisti inizieranno il processo di transazione con te fin dal primo passo, la ricerca di una propriet\u00e0, dove selezioneremo per te le migliori opzioni in base ai tuoi desideri e alle tue esigenze personali. Quindi il processo si svolger\u00e0 nelle seguenti fasi:<\/p>\r\n\r\n<h2>Fasi della transazione immobiliare:<\/h2>\r\n\r\n<ol>\r\n<li>La ricerca e la selezione della propriet\u00e0 in base alle esigenze del cliente. Gli agenti VYM ti offriranno le migliori opzioni disponibili per soddisfare pienamente le tue esigenze in riferimento alla propriet\u00e0 che stai cercando.<\/li>\r\n<li>Prenotazione. La propriet\u00e0 verr\u00e0 riservata, tramite un deposito, per garantire gli interessi di entrambe le parti della transazione. <\/li>\r\n<li>Apertura del conto in una banca spagnola.<\/li>\r\n<li>Visita alla stazione di polizia per ottenere un numero NIE, necessario per l&#8217;elaborazione del contratto di acquisto. <\/li>\r\n<li>Formalizzazione dell&#8217;atto di compravendita davanti a un notaio. La firma di questo documento verr\u00e0 effettuata davanti a un notaio spagnolo da entrambe le parti della transazione. Dopodich\u00e9, l&#8217;acquirente ricever\u00e0 le chiavi della nuova propriet\u00e0 e il notaio si occuper\u00e0 di inviare la formalizzazione della transazione al Registro.<\/li>\r\n<li>Una volta completata questa parte, ci occuperemo di trasferire le tasse e le spese della propriet\u00e0 al nuovo proprietario, con il supporto di un responsabile di VYM.<\/li>\r\n<\/ol>\r\n\r\n<h2>Tasse e aliquote.<\/h2>\r\n\r\n<p>Quando si acquista una propriet\u00e0, l&#8217;acquirente dovr\u00e0 affrontare una serie di spese, tra cui le tasse. Queste saranno determinate dal tipo di propriet\u00e0 che si sta acquistando. Se \u00e8 di nuova costruzione, sar\u00e0 un&#8217;IVA (IVA) del 10%, nella comunit\u00e0 autonoma di Valencia. L&#8217;acquirente sar\u00e0 inoltre responsabile del pagamento dell&#8217;IAJD, imposta sugli atti notarili pagati alla pubblica amministrazione, pari all&#8217;1,5% nella comunit\u00e0 autonoma valenciana.<\/p>\r\n\r\n<p>L&#8217;acquisto di un immobile di seconda mano comporta il pagamento dell&#8217;imposta di trasferimento immobiliare pari, allo stesso modo, al 10% del prezzo dell&#8217;immobile (imposta autonoma).<\/p>\r\n\r\n<p>In caso di conclusione di un contratto di mutuo ipotecario per l&#8217;acquisto di un immobile, l&#8217;acquirente dovr\u00e0 inoltre affrontare il pagamento delle seguenti spese:<\/p>\r\n\r\n<ul>\r\n<li>IAJD in un importo compreso tra lo 0,1% e il 2% del prezzo della casa.<\/li>\r\n<li>Valutazione dell&#8217;abitazione. Comporta una spesa compresa tra 200 e 500 euro e tra 500 e 1.500 euro per gli immobili di lusso.<\/li>\r\n<li>Commissione bancaria per l&#8217;apertura di un mutuo.<\/li>\r\n<li>Assicurazione immobiliare.<\/li>\r\n<\/ul>","protected":false},"excerpt":{"rendered":"<p>Sia i residenti che i non residenti hanno gli stessi diritti quando acquistano una propriet\u00e0 nel territorio nazionale spagnolo. Il mercato immobiliare del paese offre una grande variet\u00e0 di scelte, ecco perch\u00e9 i nostri professionisti inizieranno il processo di transazione con te fin dal primo passo, la ricerca di una propriet\u00e0, dove selezioneremo per te [&hellip;]<\/p>\n","protected":false},"author":1,"featured_media":256051,"parent":3295,"menu_order":0,"comment_status":"closed","ping_status":"closed","template":"","meta":{"_acf_changed":false,"footnotes":""},"class_list":["post-5036","page","type-page","status-publish","has-post-thumbnail","hentry"],"acf":[],"yoast_head":"<!-- This site is optimized with the Yoast SEO plugin v27.4 - https:\/\/yoast.com\/product\/yoast-seo-wordpress\/ -->\n<title>La procedura per la registrazione delle transazioni immobiliari a Tenerife<\/title>\n<meta name=\"description\" content=\"Stai pensando di acquistare un immobile a Tenerife (Spagna)? La procedura per l&#039;elaborazione delle transazioni: istruzioni da VYM Canarias. Fasi di acquisto, tasse e commissioni.\" \/>\n<meta name=\"robots\" content=\"index, follow, max-snippet:-1, max-image-preview:large, max-video-preview:-1\" \/>\n<link rel=\"canonical\" href=\"https:\/\/alicantecenter.com\/it\/info\/transazioni-immobiliari\/\" \/>\n<meta property=\"og:locale\" content=\"it_IT\" \/>\n<meta property=\"og:type\" content=\"article\" \/>\n<meta property=\"og:title\" content=\"La procedura per la registrazione delle transazioni immobiliari a Tenerife\" \/>\n<meta property=\"og:description\" content=\"Stai pensando di acquistare un immobile a Tenerife (Spagna)? La procedura per l&#039;elaborazione delle transazioni: istruzioni da VYM Canarias. Fasi di acquisto, tasse e commissioni.\" \/>\n<meta property=\"og:url\" content=\"https:\/\/alicantecenter.com\/it\/info\/transazioni-immobiliari\/\" \/>\n<meta property=\"og:site_name\" content=\"Alicante - VYM Canarias\" \/>\n<meta property=\"article:publisher\" content=\"https:\/\/www.facebook.com\/vym.canarias\" \/>\n<meta property=\"article:modified_time\" content=\"2024-11-26T16:57:16+00:00\" \/>\n<meta property=\"og:image\" content=\"https:\/\/alicantecenter.com\/wp-content\/uploads\/2023\/06\/vym-canarias-office-2.jpeg\" \/>\n\t<meta property=\"og:image:width\" content=\"1920\" \/>\n\t<meta property=\"og:image:height\" content=\"350\" \/>\n\t<meta property=\"og:image:type\" content=\"image\/jpeg\" \/>\n<meta name=\"twitter:card\" content=\"summary_large_image\" \/>\n<meta name=\"twitter:label1\" content=\"Tempo di lettura stimato\" \/>\n\t<meta name=\"twitter:data1\" content=\"2 minuti\" \/>\n<script type=\"application\/ld+json\" class=\"yoast-schema-graph\">{\"@context\":\"https:\\\/\\\/schema.org\",\"@graph\":[{\"@type\":\"WebPage\",\"@id\":\"https:\\\/\\\/alicantecenter.com\\\/it\\\/info\\\/transazioni-immobiliari\\\/\",\"url\":\"https:\\\/\\\/alicantecenter.com\\\/it\\\/info\\\/transazioni-immobiliari\\\/\",\"name\":\"La procedura per la registrazione delle transazioni immobiliari a Tenerife\",\"isPartOf\":{\"@id\":\"https:\\\/\\\/alicantecenter.com\\\/it\\\/#website\"},\"primaryImageOfPage\":{\"@id\":\"https:\\\/\\\/alicantecenter.com\\\/it\\\/info\\\/transazioni-immobiliari\\\/#primaryimage\"},\"image\":{\"@id\":\"https:\\\/\\\/alicantecenter.com\\\/it\\\/info\\\/transazioni-immobiliari\\\/#primaryimage\"},\"thumbnailUrl\":\"https:\\\/\\\/alicantecenter.com\\\/wp-content\\\/uploads\\\/2023\\\/06\\\/vym-canarias-office-2.jpeg\",\"datePublished\":\"2019-10-29T21:04:04+00:00\",\"dateModified\":\"2024-11-26T16:57:16+00:00\",\"description\":\"Stai pensando di acquistare un immobile a Tenerife (Spagna)? La procedura per l'elaborazione delle transazioni: istruzioni da VYM Canarias. Fasi di acquisto, tasse e commissioni.\",\"breadcrumb\":{\"@id\":\"https:\\\/\\\/alicantecenter.com\\\/it\\\/info\\\/transazioni-immobiliari\\\/#breadcrumb\"},\"inLanguage\":\"it-IT\",\"potentialAction\":[{\"@type\":\"ReadAction\",\"target\":[\"https:\\\/\\\/alicantecenter.com\\\/it\\\/info\\\/transazioni-immobiliari\\\/\"]}]},{\"@type\":\"ImageObject\",\"inLanguage\":\"it-IT\",\"@id\":\"https:\\\/\\\/alicantecenter.com\\\/it\\\/info\\\/transazioni-immobiliari\\\/#primaryimage\",\"url\":\"https:\\\/\\\/alicantecenter.com\\\/wp-content\\\/uploads\\\/2023\\\/06\\\/vym-canarias-office-2.jpeg\",\"contentUrl\":\"https:\\\/\\\/alicantecenter.com\\\/wp-content\\\/uploads\\\/2023\\\/06\\\/vym-canarias-office-2.jpeg\",\"width\":1920,\"height\":350},{\"@type\":\"BreadcrumbList\",\"@id\":\"https:\\\/\\\/alicantecenter.com\\\/it\\\/info\\\/transazioni-immobiliari\\\/#breadcrumb\",\"itemListElement\":[{\"@type\":\"ListItem\",\"position\":1,\"name\":\"Home\",\"item\":\"https:\\\/\\\/alicantecenter.com\\\/it\\\/\"},{\"@type\":\"ListItem\",\"position\":2,\"name\":\"Informazione\",\"item\":\"https:\\\/\\\/alicantecenter.com\\\/it\\\/info\\\/\"},{\"@type\":\"ListItem\",\"position\":3,\"name\":\"Transazioni immobiliari\"}]},{\"@type\":\"WebSite\",\"@id\":\"https:\\\/\\\/alicantecenter.com\\\/it\\\/#website\",\"url\":\"https:\\\/\\\/alicantecenter.com\\\/it\\\/\",\"name\":\"Alicante - VYM Canarias\",\"description\":\"Real Estate - Alicante\",\"potentialAction\":[{\"@type\":\"SearchAction\",\"target\":{\"@type\":\"EntryPoint\",\"urlTemplate\":\"https:\\\/\\\/alicantecenter.com\\\/it\\\/?s={search_term_string}\"},\"query-input\":{\"@type\":\"PropertyValueSpecification\",\"valueRequired\":true,\"valueName\":\"search_term_string\"}}],\"inLanguage\":\"it-IT\"}]}<\/script>\n<!-- \/ Yoast SEO plugin. -->","yoast_head_json":{"title":"La procedura per la registrazione delle transazioni immobiliari a Tenerife","description":"Stai pensando di acquistare un immobile a Tenerife (Spagna)? La procedura per l'elaborazione delle transazioni: istruzioni da VYM Canarias. Fasi di acquisto, tasse e commissioni.","robots":{"index":"index","follow":"follow","max-snippet":"max-snippet:-1","max-image-preview":"max-image-preview:large","max-video-preview":"max-video-preview:-1"},"canonical":"https:\/\/alicantecenter.com\/it\/info\/transazioni-immobiliari\/","og_locale":"it_IT","og_type":"article","og_title":"La procedura per la registrazione delle transazioni immobiliari a Tenerife","og_description":"Stai pensando di acquistare un immobile a Tenerife (Spagna)? La procedura per l'elaborazione delle transazioni: istruzioni da VYM Canarias. Fasi di acquisto, tasse e commissioni.","og_url":"https:\/\/alicantecenter.com\/it\/info\/transazioni-immobiliari\/","og_site_name":"Alicante - VYM Canarias","article_publisher":"https:\/\/www.facebook.com\/vym.canarias","article_modified_time":"2024-11-26T16:57:16+00:00","og_image":[{"width":1920,"height":350,"url":"https:\/\/alicantecenter.com\/wp-content\/uploads\/2023\/06\/vym-canarias-office-2.jpeg","type":"image\/jpeg"}],"twitter_card":"summary_large_image","twitter_misc":{"Tempo di lettura stimato":"2 minuti"},"schema":{"@context":"https:\/\/schema.org","@graph":[{"@type":"WebPage","@id":"https:\/\/alicantecenter.com\/it\/info\/transazioni-immobiliari\/","url":"https:\/\/alicantecenter.com\/it\/info\/transazioni-immobiliari\/","name":"La procedura per la registrazione delle transazioni immobiliari a Tenerife","isPartOf":{"@id":"https:\/\/alicantecenter.com\/it\/#website"},"primaryImageOfPage":{"@id":"https:\/\/alicantecenter.com\/it\/info\/transazioni-immobiliari\/#primaryimage"},"image":{"@id":"https:\/\/alicantecenter.com\/it\/info\/transazioni-immobiliari\/#primaryimage"},"thumbnailUrl":"https:\/\/alicantecenter.com\/wp-content\/uploads\/2023\/06\/vym-canarias-office-2.jpeg","datePublished":"2019-10-29T21:04:04+00:00","dateModified":"2024-11-26T16:57:16+00:00","description":"Stai pensando di acquistare un immobile a Tenerife (Spagna)? La procedura per l'elaborazione delle transazioni: istruzioni da VYM Canarias. Fasi di acquisto, tasse e commissioni.","breadcrumb":{"@id":"https:\/\/alicantecenter.com\/it\/info\/transazioni-immobiliari\/#breadcrumb"},"inLanguage":"it-IT","potentialAction":[{"@type":"ReadAction","target":["https:\/\/alicantecenter.com\/it\/info\/transazioni-immobiliari\/"]}]},{"@type":"ImageObject","inLanguage":"it-IT","@id":"https:\/\/alicantecenter.com\/it\/info\/transazioni-immobiliari\/#primaryimage","url":"https:\/\/alicantecenter.com\/wp-content\/uploads\/2023\/06\/vym-canarias-office-2.jpeg","contentUrl":"https:\/\/alicantecenter.com\/wp-content\/uploads\/2023\/06\/vym-canarias-office-2.jpeg","width":1920,"height":350},{"@type":"BreadcrumbList","@id":"https:\/\/alicantecenter.com\/it\/info\/transazioni-immobiliari\/#breadcrumb","itemListElement":[{"@type":"ListItem","position":1,"name":"Home","item":"https:\/\/alicantecenter.com\/it\/"},{"@type":"ListItem","position":2,"name":"Informazione","item":"https:\/\/alicantecenter.com\/it\/info\/"},{"@type":"ListItem","position":3,"name":"Transazioni immobiliari"}]},{"@type":"WebSite","@id":"https:\/\/alicantecenter.com\/it\/#website","url":"https:\/\/alicantecenter.com\/it\/","name":"Alicante - VYM Canarias","description":"Real Estate - Alicante","potentialAction":[{"@type":"SearchAction","target":{"@type":"EntryPoint","urlTemplate":"https:\/\/alicantecenter.com\/it\/?s={search_term_string}"},"query-input":{"@type":"PropertyValueSpecification","valueRequired":true,"valueName":"search_term_string"}}],"inLanguage":"it-IT"}]}},"_links":{"self":[{"href":"https:\/\/alicantecenter.com\/it\/wp-json\/wp\/v2\/pages\/5036","targetHints":{"allow":["GET"]}}],"collection":[{"href":"https:\/\/alicantecenter.com\/it\/wp-json\/wp\/v2\/pages"}],"about":[{"href":"https:\/\/alicantecenter.com\/it\/wp-json\/wp\/v2\/types\/page"}],"author":[{"embeddable":true,"href":"https:\/\/alicantecenter.com\/it\/wp-json\/wp\/v2\/users\/1"}],"replies":[{"embeddable":true,"href":"https:\/\/alicantecenter.com\/it\/wp-json\/wp\/v2\/comments?post=5036"}],"version-history":[{"count":0,"href":"https:\/\/alicantecenter.com\/it\/wp-json\/wp\/v2\/pages\/5036\/revisions"}],"up":[{"embeddable":true,"href":"https:\/\/alicantecenter.com\/it\/wp-json\/wp\/v2\/pages\/3295"}],"wp:featuredmedia":[{"embeddable":true,"href":"https:\/\/alicantecenter.com\/it\/wp-json\/wp\/v2\/media\/256051"}],"wp:attachment":[{"href":"https:\/\/alicantecenter.com\/it\/wp-json\/wp\/v2\/media?parent=5036"}],"curies":[{"name":"wp","href":"https:\/\/api.w.org\/{rel}","templated":true}]}}