{"id":3301,"date":"2019-07-21T20:14:29","date_gmt":"2019-07-21T20:14:29","guid":{"rendered":"http:\/\/vym-wp.local\/info\/residence-permit-in-spain\/"},"modified":"2024-11-26T16:57:52","modified_gmt":"2024-11-26T16:57:52","slug":"permesso-di-soggiorno-in-spagna","status":"publish","type":"page","link":"https:\/\/alicantecenter.com\/it\/info\/permesso-di-soggiorno-in-spagna\/","title":{"rendered":"Permesso di soggiorno in Spagna"},"content":{"rendered":"<p>Per soggiornare in Spagna per un periodo prolungato, pi\u00f9 lungo del visto, il governo offre agli stranieri la possibilit\u00e0 di richiedere un permesso di soggiorno. Questa richiesta \u00e8 regolata dalla legge &#8220;Sui diritti e le libert\u00e0 degli stranieri in Spagna e la loro integrazione sociale&#8221;. Esistono diversi tipi e modi per ottenere tale permesso di soggiorno.<\/p>\r\n\r\n<h2>Visto d&#8217;oro.<\/h2>\r\n\r\n<p>Questa modalit\u00e0 consente agli stranieri, dal 2013, di ottenere il permesso di soggiorno e lavoro in Spagna nel caso in cui investano nel paese. Esistono 4 tipi di investimento che sarebbero validi per ottenere il visto d&#8217;oro:<\/p>\r\n\r\n<ul>\r\n<li>Investimenti da 500,00 euro, senza ipoteca, in immobili residenziali o commerciali;<\/li>\r\n<li>Depositi da 1.000.000 euro in una banca spagnola;<\/li>\r\n<li>Investimenti da 1.000.000 euro in fondi di investimento e societ\u00e0 spagnole;<\/li>\r\n<li>Acquisto di titoli di Stato per 2.000.000 euro.<\/li>\r\n<\/ul>\r\n\r\n<p>Pu\u00f2 essere richiesto sia nel paese di residenza, presso il consolato spagnolo, sia in Spagna, sempre che il richiedente si trovi nel paese in una situazione legale.<\/p>\r\n\r\n<p>Questo &#8220;visto d&#8217;oro&#8221; consente ai suoi titolari di vivere e lavorare in Spagna per un periodo di due anni con possibilit\u00e0 di rinnovo. Allo stesso modo, c&#8217;\u00e8 la possibilit\u00e0 di raggruppare i parenti stretti: moglie\/marito, figli, genitori, nipoti.<\/p>\r\n\r\n<h2>Il permesso di soggiorno per investitori offre ai suoi titolari molti vantaggi, tra cui:<\/h2>\r\n\r\n<ul>\r\n<li>Non \u00e8 necessario soggiornare nel paese ininterrottamente per pi\u00f9 di 183 giorni all&#8217;anno per poter richiedere il rinnovo del permesso.<\/li>\r\n<li>Se rimani nel paese per un periodo inferiore a 183 giorni, non sarai considerato un residente fiscale, il che significa che non sarai tenuto a presentare una dichiarazione dei redditi.<\/li>\r\n<li>Inoltre, questa modalit\u00e0 di permanenza conferisce anche il diritto al lavoro.<\/li>\r\n<\/ul>\r\n\r\n<h2>Permesso di soggiorno per imprenditori <small class=\"block\">(Vivere e lavorare)<\/small><\/h2>\r\n\r\n<p>In questo caso, una persona \u00e8 autorizzata a presentare la domanda di permesso di soggiorno all&#8217;ufficio immigrazione in base alla previsione di realizzare un progetto imprenditoriale in territorio nazionale. In altre parole, aprire un&#8217;azienda che contribuisca all&#8217;economia spagnola. Per questa richiesta avrai bisogno di:<\/p>\r\n\r\n<ul>\r\n<li>Descrivere dettagliatamente un piano aziendale con una descrizione esatta dell&#8217;attivit\u00e0 e delle sue previsioni economiche.<\/li>\r\n<li>Contribuire alla creazione di posti di lavoro in Spagna<\/li>\r\n<li>Contribuire allo sviluppo dell&#8217;economia e della R&#038;S nel paese.<\/li>\r\n<\/ul>\r\n\r\n<h2>Permesso di soggiorno non lucrativo. <small class=\"block\">(Senza diritto al lavoro)<\/small><\/h2>\r\n\r\n<p>Questa modalit\u00e0 consente di richiedere il permesso di soggiorno in Spagna dichiarando la solvibilit\u00e0 per poter rimanere nel paese, questo sarebbe un IPREM (costo della vita) del 400% e un 100% per ogni familiare raggruppato. Inizia con una durata di un anno e la possibilit\u00e0 di essere prorogato due volte per altri due anni, arrivando a un permesso di soggiorno di cinque anni, che in seguito diventa indeterminato.<\/p>\r\n\r\n<p>Per ottenere questa autorizzazione, deve essere dichiarato il possesso di un immobile in Spagna o un contratto di affitto che fornisca un&#8217;abitazione al richiedente e ai suoi familiari. In questo caso, la persona autorizzata non ha un permesso di lavoro nel territorio del paese.<\/p>\r\n\r\n<h2>Permesso di soggiorno per raggruppamento familiare<\/h2>\r\n\r\n<p>Questa opzione consente alla persona che \u00e8 gi\u00e0 in possesso dell&#8217;autorizzazione di soggiorno di raggruppare i propri familiari nel luogo di residenza. Il permesso di tali familiari avr\u00e0 la stessa durata di quello della persona che si riorganizza e sulla base di questo verr\u00e0 richiesta la documentazione necessaria.<\/p>\r\n\r\n<h2>Permesso di soggiorno per studenti<\/h2>\r\n\r\n<p>Gli studenti potranno rimanere nel Paese per tutta la durata dei loro studi e verr\u00e0 loro concesso un permesso di lavoro part-time, che non dovr\u00e0 interferire con i loro studi. Per ottenerlo sar\u00e0 necessario presentare un certificato di conoscenza della lingua e di ammissione a un istituto scolastico, nonch\u00e9 la disponibilit\u00e0 di fondi per l&#8217;alloggio e lo studio.<\/p>\r\n\r\n<h2>Permesso di soggiorno di lunga durata<\/h2>\r\n\r\n<p>Possono richiederlo i residenti che risiedono legalmente in Spagna da 5 anni consecutivi o che sono sposati con un cittadino spagnolo. Offrir\u00e0 ai suoi titolari gli stessi diritti dei cittadini di nazionalit\u00e0 spagnola, escluso il diritto di voto alle elezioni, di partecipare al servizio militare o di lavorare nelle agenzie di polizia.<\/p>","protected":false},"excerpt":{"rendered":"<p>Per soggiornare in Spagna per un periodo prolungato, pi\u00f9 lungo del visto, il governo offre agli stranieri la possibilit\u00e0 di richiedere un permesso di soggiorno. Questa richiesta \u00e8 regolata dalla legge &#8220;Sui diritti e le libert\u00e0 degli stranieri in Spagna e la loro integrazione sociale&#8221;. Esistono diversi tipi e modi per ottenere tale permesso di [&hellip;]<\/p>\n","protected":false},"author":1,"featured_media":256051,"parent":3295,"menu_order":0,"comment_status":"closed","ping_status":"closed","template":"","meta":{"_acf_changed":false,"footnotes":""},"class_list":["post-3301","page","type-page","status-publish","has-post-thumbnail","hentry"],"acf":[],"yoast_head":"<!-- This site is optimized with the Yoast SEO plugin v27.5 - https:\/\/yoast.com\/product\/yoast-seo-wordpress\/ -->\n<title>Permesso di soggiorno in Spagna: come ottenere un permesso di soggiorno.<\/title>\n<meta name=\"description\" content=\"Tutto quello che volevi sapere su come ottenere un permesso di soggiorno in Spagna. Registrazione di un permesso di soggiorno - informazioni dall&#039;agenzia immobiliare VYM Canarias.\" \/>\n<meta name=\"robots\" content=\"index, follow, max-snippet:-1, max-image-preview:large, max-video-preview:-1\" \/>\n<link rel=\"canonical\" href=\"https:\/\/alicantecenter.com\/it\/info\/permesso-di-soggiorno-in-spagna\/\" \/>\n<meta property=\"og:locale\" content=\"it_IT\" \/>\n<meta property=\"og:type\" content=\"article\" \/>\n<meta property=\"og:title\" content=\"Permesso di soggiorno in Spagna: come ottenere un permesso di soggiorno.\" \/>\n<meta property=\"og:description\" content=\"Tutto quello che volevi sapere su come ottenere un permesso di soggiorno in Spagna. Registrazione di un permesso di soggiorno - informazioni dall&#039;agenzia immobiliare VYM Canarias.\" \/>\n<meta property=\"og:url\" content=\"https:\/\/alicantecenter.com\/it\/info\/permesso-di-soggiorno-in-spagna\/\" \/>\n<meta property=\"og:site_name\" content=\"Alicante - VYM Canarias\" \/>\n<meta property=\"article:publisher\" content=\"https:\/\/www.facebook.com\/vym.canarias\" \/>\n<meta property=\"article:modified_time\" content=\"2024-11-26T16:57:52+00:00\" \/>\n<meta property=\"og:image\" content=\"https:\/\/alicantecenter.com\/wp-content\/uploads\/2023\/06\/vym-canarias-office-2.jpeg\" \/>\n\t<meta property=\"og:image:width\" content=\"1920\" \/>\n\t<meta property=\"og:image:height\" content=\"350\" \/>\n\t<meta property=\"og:image:type\" content=\"image\/jpeg\" \/>\n<meta name=\"twitter:card\" content=\"summary_large_image\" \/>\n<meta name=\"twitter:label1\" content=\"Tempo di lettura stimato\" \/>\n\t<meta name=\"twitter:data1\" content=\"5 minuti\" \/>\n<script type=\"application\/ld+json\" class=\"yoast-schema-graph\">{\"@context\":\"https:\\\/\\\/schema.org\",\"@graph\":[{\"@type\":\"WebPage\",\"@id\":\"https:\\\/\\\/alicantecenter.com\\\/it\\\/info\\\/permesso-di-soggiorno-in-spagna\\\/\",\"url\":\"https:\\\/\\\/alicantecenter.com\\\/it\\\/info\\\/permesso-di-soggiorno-in-spagna\\\/\",\"name\":\"Permesso di soggiorno in Spagna: come ottenere un permesso di soggiorno.\",\"isPartOf\":{\"@id\":\"https:\\\/\\\/alicantecenter.com\\\/it\\\/#website\"},\"primaryImageOfPage\":{\"@id\":\"https:\\\/\\\/alicantecenter.com\\\/it\\\/info\\\/permesso-di-soggiorno-in-spagna\\\/#primaryimage\"},\"image\":{\"@id\":\"https:\\\/\\\/alicantecenter.com\\\/it\\\/info\\\/permesso-di-soggiorno-in-spagna\\\/#primaryimage\"},\"thumbnailUrl\":\"https:\\\/\\\/alicantecenter.com\\\/wp-content\\\/uploads\\\/2023\\\/06\\\/vym-canarias-office-2.jpeg\",\"datePublished\":\"2019-07-21T20:14:29+00:00\",\"dateModified\":\"2024-11-26T16:57:52+00:00\",\"description\":\"Tutto quello che volevi sapere su come ottenere un permesso di soggiorno in Spagna. Registrazione di un permesso di soggiorno - informazioni dall'agenzia immobiliare VYM Canarias.\",\"breadcrumb\":{\"@id\":\"https:\\\/\\\/alicantecenter.com\\\/it\\\/info\\\/permesso-di-soggiorno-in-spagna\\\/#breadcrumb\"},\"inLanguage\":\"it-IT\",\"potentialAction\":[{\"@type\":\"ReadAction\",\"target\":[\"https:\\\/\\\/alicantecenter.com\\\/it\\\/info\\\/permesso-di-soggiorno-in-spagna\\\/\"]}]},{\"@type\":\"ImageObject\",\"inLanguage\":\"it-IT\",\"@id\":\"https:\\\/\\\/alicantecenter.com\\\/it\\\/info\\\/permesso-di-soggiorno-in-spagna\\\/#primaryimage\",\"url\":\"https:\\\/\\\/alicantecenter.com\\\/wp-content\\\/uploads\\\/2023\\\/06\\\/vym-canarias-office-2.jpeg\",\"contentUrl\":\"https:\\\/\\\/alicantecenter.com\\\/wp-content\\\/uploads\\\/2023\\\/06\\\/vym-canarias-office-2.jpeg\",\"width\":1920,\"height\":350},{\"@type\":\"BreadcrumbList\",\"@id\":\"https:\\\/\\\/alicantecenter.com\\\/it\\\/info\\\/permesso-di-soggiorno-in-spagna\\\/#breadcrumb\",\"itemListElement\":[{\"@type\":\"ListItem\",\"position\":1,\"name\":\"Home\",\"item\":\"https:\\\/\\\/alicantecenter.com\\\/it\\\/\"},{\"@type\":\"ListItem\",\"position\":2,\"name\":\"Informazione\",\"item\":\"https:\\\/\\\/alicantecenter.com\\\/it\\\/info\\\/\"},{\"@type\":\"ListItem\",\"position\":3,\"name\":\"Permesso di soggiorno in Spagna\"}]},{\"@type\":\"WebSite\",\"@id\":\"https:\\\/\\\/alicantecenter.com\\\/it\\\/#website\",\"url\":\"https:\\\/\\\/alicantecenter.com\\\/it\\\/\",\"name\":\"Alicante - VYM Canarias\",\"description\":\"Real Estate - Alicante\",\"potentialAction\":[{\"@type\":\"SearchAction\",\"target\":{\"@type\":\"EntryPoint\",\"urlTemplate\":\"https:\\\/\\\/alicantecenter.com\\\/it\\\/?s={search_term_string}\"},\"query-input\":{\"@type\":\"PropertyValueSpecification\",\"valueRequired\":true,\"valueName\":\"search_term_string\"}}],\"inLanguage\":\"it-IT\"}]}<\/script>\n<!-- \/ Yoast SEO plugin. -->","yoast_head_json":{"title":"Permesso di soggiorno in Spagna: come ottenere un permesso di soggiorno.","description":"Tutto quello che volevi sapere su come ottenere un permesso di soggiorno in Spagna. Registrazione di un permesso di soggiorno - informazioni dall'agenzia immobiliare VYM Canarias.","robots":{"index":"index","follow":"follow","max-snippet":"max-snippet:-1","max-image-preview":"max-image-preview:large","max-video-preview":"max-video-preview:-1"},"canonical":"https:\/\/alicantecenter.com\/it\/info\/permesso-di-soggiorno-in-spagna\/","og_locale":"it_IT","og_type":"article","og_title":"Permesso di soggiorno in Spagna: come ottenere un permesso di soggiorno.","og_description":"Tutto quello che volevi sapere su come ottenere un permesso di soggiorno in Spagna. Registrazione di un permesso di soggiorno - informazioni dall'agenzia immobiliare VYM Canarias.","og_url":"https:\/\/alicantecenter.com\/it\/info\/permesso-di-soggiorno-in-spagna\/","og_site_name":"Alicante - VYM Canarias","article_publisher":"https:\/\/www.facebook.com\/vym.canarias","article_modified_time":"2024-11-26T16:57:52+00:00","og_image":[{"width":1920,"height":350,"url":"https:\/\/alicantecenter.com\/wp-content\/uploads\/2023\/06\/vym-canarias-office-2.jpeg","type":"image\/jpeg"}],"twitter_card":"summary_large_image","twitter_misc":{"Tempo di lettura stimato":"5 minuti"},"schema":{"@context":"https:\/\/schema.org","@graph":[{"@type":"WebPage","@id":"https:\/\/alicantecenter.com\/it\/info\/permesso-di-soggiorno-in-spagna\/","url":"https:\/\/alicantecenter.com\/it\/info\/permesso-di-soggiorno-in-spagna\/","name":"Permesso di soggiorno in Spagna: come ottenere un permesso di soggiorno.","isPartOf":{"@id":"https:\/\/alicantecenter.com\/it\/#website"},"primaryImageOfPage":{"@id":"https:\/\/alicantecenter.com\/it\/info\/permesso-di-soggiorno-in-spagna\/#primaryimage"},"image":{"@id":"https:\/\/alicantecenter.com\/it\/info\/permesso-di-soggiorno-in-spagna\/#primaryimage"},"thumbnailUrl":"https:\/\/alicantecenter.com\/wp-content\/uploads\/2023\/06\/vym-canarias-office-2.jpeg","datePublished":"2019-07-21T20:14:29+00:00","dateModified":"2024-11-26T16:57:52+00:00","description":"Tutto quello che volevi sapere su come ottenere un permesso di soggiorno in Spagna. Registrazione di un permesso di soggiorno - informazioni dall'agenzia immobiliare VYM Canarias.","breadcrumb":{"@id":"https:\/\/alicantecenter.com\/it\/info\/permesso-di-soggiorno-in-spagna\/#breadcrumb"},"inLanguage":"it-IT","potentialAction":[{"@type":"ReadAction","target":["https:\/\/alicantecenter.com\/it\/info\/permesso-di-soggiorno-in-spagna\/"]}]},{"@type":"ImageObject","inLanguage":"it-IT","@id":"https:\/\/alicantecenter.com\/it\/info\/permesso-di-soggiorno-in-spagna\/#primaryimage","url":"https:\/\/alicantecenter.com\/wp-content\/uploads\/2023\/06\/vym-canarias-office-2.jpeg","contentUrl":"https:\/\/alicantecenter.com\/wp-content\/uploads\/2023\/06\/vym-canarias-office-2.jpeg","width":1920,"height":350},{"@type":"BreadcrumbList","@id":"https:\/\/alicantecenter.com\/it\/info\/permesso-di-soggiorno-in-spagna\/#breadcrumb","itemListElement":[{"@type":"ListItem","position":1,"name":"Home","item":"https:\/\/alicantecenter.com\/it\/"},{"@type":"ListItem","position":2,"name":"Informazione","item":"https:\/\/alicantecenter.com\/it\/info\/"},{"@type":"ListItem","position":3,"name":"Permesso di soggiorno in Spagna"}]},{"@type":"WebSite","@id":"https:\/\/alicantecenter.com\/it\/#website","url":"https:\/\/alicantecenter.com\/it\/","name":"Alicante - VYM Canarias","description":"Real Estate - Alicante","potentialAction":[{"@type":"SearchAction","target":{"@type":"EntryPoint","urlTemplate":"https:\/\/alicantecenter.com\/it\/?s={search_term_string}"},"query-input":{"@type":"PropertyValueSpecification","valueRequired":true,"valueName":"search_term_string"}}],"inLanguage":"it-IT"}]}},"_links":{"self":[{"href":"https:\/\/alicantecenter.com\/it\/wp-json\/wp\/v2\/pages\/3301","targetHints":{"allow":["GET"]}}],"collection":[{"href":"https:\/\/alicantecenter.com\/it\/wp-json\/wp\/v2\/pages"}],"about":[{"href":"https:\/\/alicantecenter.com\/it\/wp-json\/wp\/v2\/types\/page"}],"author":[{"embeddable":true,"href":"https:\/\/alicantecenter.com\/it\/wp-json\/wp\/v2\/users\/1"}],"replies":[{"embeddable":true,"href":"https:\/\/alicantecenter.com\/it\/wp-json\/wp\/v2\/comments?post=3301"}],"version-history":[{"count":0,"href":"https:\/\/alicantecenter.com\/it\/wp-json\/wp\/v2\/pages\/3301\/revisions"}],"up":[{"embeddable":true,"href":"https:\/\/alicantecenter.com\/it\/wp-json\/wp\/v2\/pages\/3295"}],"wp:featuredmedia":[{"embeddable":true,"href":"https:\/\/alicantecenter.com\/it\/wp-json\/wp\/v2\/media\/256051"}],"wp:attachment":[{"href":"https:\/\/alicantecenter.com\/it\/wp-json\/wp\/v2\/media?parent=3301"}],"curies":[{"name":"wp","href":"https:\/\/api.w.org\/{rel}","templated":true}]}}