{"id":3262,"date":"2019-07-21T18:53:50","date_gmt":"2019-07-21T18:53:50","guid":{"rendered":"http:\/\/vym-wp.local\/services\/escort-of-the-transaction\/"},"modified":"2024-11-26T16:24:51","modified_gmt":"2024-11-26T16:24:51","slug":"supporto-alle-transazioni","status":"publish","type":"page","link":"https:\/\/alicantecenter.com\/it\/servizi\/supporto-alle-transazioni\/","title":{"rendered":"Supporto alle transazioni"},"content":{"rendered":"<p>VYM offre servizi di supporto completi per le transazioni di acquisizione immobiliare, dalla selezione di un oggetto al servizio post-vendita.<\/p>\r\n\r\n<p>Ti aiuteremo con la traduzione dei documenti e faremo tutte le verifiche legali necessarie dell&#8217;oggetto per confermarne la legalit\u00e0.<\/p>\r\n\r\n<p>Una volta che la propriet\u00e0 \u00e8 registrata a tuo nome e tutte le tasse e le commissioni associate sono state pagate, ci assicureremo che tutte le modifiche siano state correttamente comunicate alle autorit\u00e0 competenti.<\/p>\r\n\r\n<p>E dopo il completamento di tutti i processi legali, rimarremo sempre in contatto con il cliente per aiutare e suggerire la risoluzione dei problemi domestici.<\/p>\r\n\r\n<table>\r\n<thead>\r\n<th>Servizi<\/th>\r\n<th>Prezzi<\/th>\r\n<\/thead>\r\n<tbody>\r\n<tr>\r\n<td>Verifica legale della propriet\u00e0<\/td>\r\n<td>Incluso<\/td>\r\n<\/tr>\r\n<tr>\r\n<td>Aiuto con la registrazione del NIE (numero di uno straniero) e apertura di un conto bancario<\/td>\r\n<td>Incluso<\/td>\r\n<\/tr>\r\n<tr>\r\n<td>Consulenza sui mutui<\/td>\r\n<td>Incluso<\/td>\r\n<\/tr>\r\n<tr>\r\n<td>Traduzione di documenti da parte di traduttori autorizzati<\/td>\r\n<td>Su preventivo<\/td>\r\n<\/tr>\r\n<tr>\r\n<td>Registrazione di tutti i documenti e delle societ\u00e0 di servizi a nome del nuovo proprietario<\/td>\r\n<td>750 euro<\/td>\r\n<\/tr>\r\n<tr>\r\n<td>Servizio clienti post-vendita<\/td>\r\n<td>Incluso nel primo anno<\/td>\r\n<\/tr>\r\n<tr>\r\n<td>Accompagnamento alle autorit\u00e0 fiscali e ad altre agenzie governative<\/td>\r\n<td>Incluso nel primo anno<\/td>\r\n<\/tr>\r\n<\/tbody>\r\n<\/tabella>","protected":false},"excerpt":{"rendered":"<p>VYM offre servizi di supporto completi per le transazioni di acquisizione immobiliare, dalla selezione di un oggetto al servizio post-vendita. Ti aiuteremo con la traduzione dei documenti e faremo tutte le verifiche legali necessarie dell&#8217;oggetto per confermarne la legalit\u00e0. Una volta che la propriet\u00e0 \u00e8 registrata a tuo nome e tutte le tasse e le [&hellip;]<\/p>\n","protected":false},"author":1,"featured_media":256051,"parent":618,"menu_order":0,"comment_status":"closed","ping_status":"closed","template":"","meta":{"_acf_changed":false,"footnotes":""},"class_list":["post-3262","page","type-page","status-publish","has-post-thumbnail","hentry"],"acf":[],"yoast_head":"<!-- This site is optimized with the Yoast SEO plugin v27.3 - https:\/\/yoast.com\/product\/yoast-seo-wordpress\/ -->\n<title>Supporto di transazioni di vendita di immobili a Tenerife (Spagna)<\/title>\n<meta name=\"description\" content=\"Stai cercando un immobile a Tenerife (Isole Canarie) e non vuoi rischiare? Supporto per le transazioni di vendita da VYM Canarias. Aiuto competente in tutte le fasi.\" \/>\n<meta name=\"robots\" content=\"index, follow, max-snippet:-1, max-image-preview:large, max-video-preview:-1\" \/>\n<link rel=\"canonical\" href=\"https:\/\/alicantecenter.com\/it\/servizi\/supporto-alle-transazioni\/\" \/>\n<meta property=\"og:locale\" content=\"it_IT\" \/>\n<meta property=\"og:type\" content=\"article\" \/>\n<meta property=\"og:title\" content=\"Supporto di transazioni di vendita di immobili a Tenerife (Spagna)\" \/>\n<meta property=\"og:description\" content=\"Stai cercando un immobile a Tenerife (Isole Canarie) e non vuoi rischiare? Supporto per le transazioni di vendita da VYM Canarias. Aiuto competente in tutte le fasi.\" \/>\n<meta property=\"og:url\" content=\"https:\/\/alicantecenter.com\/it\/servizi\/supporto-alle-transazioni\/\" \/>\n<meta property=\"og:site_name\" content=\"Alicante - VYM Canarias\" \/>\n<meta property=\"article:publisher\" content=\"https:\/\/www.facebook.com\/vym.canarias\" \/>\n<meta property=\"article:modified_time\" content=\"2024-11-26T16:24:51+00:00\" \/>\n<meta property=\"og:image\" content=\"https:\/\/alicantecenter.com\/wp-content\/uploads\/2023\/06\/vym-canarias-office-2.jpeg\" \/>\n\t<meta property=\"og:image:width\" content=\"1920\" \/>\n\t<meta property=\"og:image:height\" content=\"350\" \/>\n\t<meta property=\"og:image:type\" content=\"image\/jpeg\" \/>\n<meta name=\"twitter:card\" content=\"summary_large_image\" \/>\n<meta name=\"twitter:label1\" content=\"Tempo di lettura stimato\" \/>\n\t<meta name=\"twitter:data1\" content=\"1 minuto\" \/>\n<script type=\"application\/ld+json\" class=\"yoast-schema-graph\">{\"@context\":\"https:\\\/\\\/schema.org\",\"@graph\":[{\"@type\":\"WebPage\",\"@id\":\"https:\\\/\\\/alicantecenter.com\\\/it\\\/servizi\\\/supporto-alle-transazioni\\\/\",\"url\":\"https:\\\/\\\/alicantecenter.com\\\/it\\\/servizi\\\/supporto-alle-transazioni\\\/\",\"name\":\"Supporto di transazioni di vendita di immobili a Tenerife (Spagna)\",\"isPartOf\":{\"@id\":\"https:\\\/\\\/alicantecenter.com\\\/it\\\/#website\"},\"primaryImageOfPage\":{\"@id\":\"https:\\\/\\\/alicantecenter.com\\\/it\\\/servizi\\\/supporto-alle-transazioni\\\/#primaryimage\"},\"image\":{\"@id\":\"https:\\\/\\\/alicantecenter.com\\\/it\\\/servizi\\\/supporto-alle-transazioni\\\/#primaryimage\"},\"thumbnailUrl\":\"https:\\\/\\\/alicantecenter.com\\\/wp-content\\\/uploads\\\/2023\\\/06\\\/vym-canarias-office-2.jpeg\",\"datePublished\":\"2019-07-21T18:53:50+00:00\",\"dateModified\":\"2024-11-26T16:24:51+00:00\",\"description\":\"Stai cercando un immobile a Tenerife (Isole Canarie) e non vuoi rischiare? Supporto per le transazioni di vendita da VYM Canarias. Aiuto competente in tutte le fasi.\",\"breadcrumb\":{\"@id\":\"https:\\\/\\\/alicantecenter.com\\\/it\\\/servizi\\\/supporto-alle-transazioni\\\/#breadcrumb\"},\"inLanguage\":\"it-IT\",\"potentialAction\":[{\"@type\":\"ReadAction\",\"target\":[\"https:\\\/\\\/alicantecenter.com\\\/it\\\/servizi\\\/supporto-alle-transazioni\\\/\"]}]},{\"@type\":\"ImageObject\",\"inLanguage\":\"it-IT\",\"@id\":\"https:\\\/\\\/alicantecenter.com\\\/it\\\/servizi\\\/supporto-alle-transazioni\\\/#primaryimage\",\"url\":\"https:\\\/\\\/alicantecenter.com\\\/wp-content\\\/uploads\\\/2023\\\/06\\\/vym-canarias-office-2.jpeg\",\"contentUrl\":\"https:\\\/\\\/alicantecenter.com\\\/wp-content\\\/uploads\\\/2023\\\/06\\\/vym-canarias-office-2.jpeg\",\"width\":1920,\"height\":350},{\"@type\":\"BreadcrumbList\",\"@id\":\"https:\\\/\\\/alicantecenter.com\\\/it\\\/servizi\\\/supporto-alle-transazioni\\\/#breadcrumb\",\"itemListElement\":[{\"@type\":\"ListItem\",\"position\":1,\"name\":\"Home\",\"item\":\"https:\\\/\\\/alicantecenter.com\\\/it\\\/\"},{\"@type\":\"ListItem\",\"position\":2,\"name\":\"Servizi\",\"item\":\"https:\\\/\\\/alicantecenter.com\\\/it\\\/servizi\\\/\"},{\"@type\":\"ListItem\",\"position\":3,\"name\":\"Supporto alle transazioni\"}]},{\"@type\":\"WebSite\",\"@id\":\"https:\\\/\\\/alicantecenter.com\\\/it\\\/#website\",\"url\":\"https:\\\/\\\/alicantecenter.com\\\/it\\\/\",\"name\":\"Alicante - VYM Canarias\",\"description\":\"Real Estate - Alicante\",\"potentialAction\":[{\"@type\":\"SearchAction\",\"target\":{\"@type\":\"EntryPoint\",\"urlTemplate\":\"https:\\\/\\\/alicantecenter.com\\\/it\\\/?s={search_term_string}\"},\"query-input\":{\"@type\":\"PropertyValueSpecification\",\"valueRequired\":true,\"valueName\":\"search_term_string\"}}],\"inLanguage\":\"it-IT\"}]}<\/script>\n<!-- \/ Yoast SEO plugin. -->","yoast_head_json":{"title":"Supporto di transazioni di vendita di immobili a Tenerife (Spagna)","description":"Stai cercando un immobile a Tenerife (Isole Canarie) e non vuoi rischiare? Supporto per le transazioni di vendita da VYM Canarias. Aiuto competente in tutte le fasi.","robots":{"index":"index","follow":"follow","max-snippet":"max-snippet:-1","max-image-preview":"max-image-preview:large","max-video-preview":"max-video-preview:-1"},"canonical":"https:\/\/alicantecenter.com\/it\/servizi\/supporto-alle-transazioni\/","og_locale":"it_IT","og_type":"article","og_title":"Supporto di transazioni di vendita di immobili a Tenerife (Spagna)","og_description":"Stai cercando un immobile a Tenerife (Isole Canarie) e non vuoi rischiare? Supporto per le transazioni di vendita da VYM Canarias. Aiuto competente in tutte le fasi.","og_url":"https:\/\/alicantecenter.com\/it\/servizi\/supporto-alle-transazioni\/","og_site_name":"Alicante - VYM Canarias","article_publisher":"https:\/\/www.facebook.com\/vym.canarias","article_modified_time":"2024-11-26T16:24:51+00:00","og_image":[{"width":1920,"height":350,"url":"https:\/\/alicantecenter.com\/wp-content\/uploads\/2023\/06\/vym-canarias-office-2.jpeg","type":"image\/jpeg"}],"twitter_card":"summary_large_image","twitter_misc":{"Tempo di lettura stimato":"1 minuto"},"schema":{"@context":"https:\/\/schema.org","@graph":[{"@type":"WebPage","@id":"https:\/\/alicantecenter.com\/it\/servizi\/supporto-alle-transazioni\/","url":"https:\/\/alicantecenter.com\/it\/servizi\/supporto-alle-transazioni\/","name":"Supporto di transazioni di vendita di immobili a Tenerife (Spagna)","isPartOf":{"@id":"https:\/\/alicantecenter.com\/it\/#website"},"primaryImageOfPage":{"@id":"https:\/\/alicantecenter.com\/it\/servizi\/supporto-alle-transazioni\/#primaryimage"},"image":{"@id":"https:\/\/alicantecenter.com\/it\/servizi\/supporto-alle-transazioni\/#primaryimage"},"thumbnailUrl":"https:\/\/alicantecenter.com\/wp-content\/uploads\/2023\/06\/vym-canarias-office-2.jpeg","datePublished":"2019-07-21T18:53:50+00:00","dateModified":"2024-11-26T16:24:51+00:00","description":"Stai cercando un immobile a Tenerife (Isole Canarie) e non vuoi rischiare? Supporto per le transazioni di vendita da VYM Canarias. Aiuto competente in tutte le fasi.","breadcrumb":{"@id":"https:\/\/alicantecenter.com\/it\/servizi\/supporto-alle-transazioni\/#breadcrumb"},"inLanguage":"it-IT","potentialAction":[{"@type":"ReadAction","target":["https:\/\/alicantecenter.com\/it\/servizi\/supporto-alle-transazioni\/"]}]},{"@type":"ImageObject","inLanguage":"it-IT","@id":"https:\/\/alicantecenter.com\/it\/servizi\/supporto-alle-transazioni\/#primaryimage","url":"https:\/\/alicantecenter.com\/wp-content\/uploads\/2023\/06\/vym-canarias-office-2.jpeg","contentUrl":"https:\/\/alicantecenter.com\/wp-content\/uploads\/2023\/06\/vym-canarias-office-2.jpeg","width":1920,"height":350},{"@type":"BreadcrumbList","@id":"https:\/\/alicantecenter.com\/it\/servizi\/supporto-alle-transazioni\/#breadcrumb","itemListElement":[{"@type":"ListItem","position":1,"name":"Home","item":"https:\/\/alicantecenter.com\/it\/"},{"@type":"ListItem","position":2,"name":"Servizi","item":"https:\/\/alicantecenter.com\/it\/servizi\/"},{"@type":"ListItem","position":3,"name":"Supporto alle transazioni"}]},{"@type":"WebSite","@id":"https:\/\/alicantecenter.com\/it\/#website","url":"https:\/\/alicantecenter.com\/it\/","name":"Alicante - VYM Canarias","description":"Real Estate - Alicante","potentialAction":[{"@type":"SearchAction","target":{"@type":"EntryPoint","urlTemplate":"https:\/\/alicantecenter.com\/it\/?s={search_term_string}"},"query-input":{"@type":"PropertyValueSpecification","valueRequired":true,"valueName":"search_term_string"}}],"inLanguage":"it-IT"}]}},"_links":{"self":[{"href":"https:\/\/alicantecenter.com\/it\/wp-json\/wp\/v2\/pages\/3262","targetHints":{"allow":["GET"]}}],"collection":[{"href":"https:\/\/alicantecenter.com\/it\/wp-json\/wp\/v2\/pages"}],"about":[{"href":"https:\/\/alicantecenter.com\/it\/wp-json\/wp\/v2\/types\/page"}],"author":[{"embeddable":true,"href":"https:\/\/alicantecenter.com\/it\/wp-json\/wp\/v2\/users\/1"}],"replies":[{"embeddable":true,"href":"https:\/\/alicantecenter.com\/it\/wp-json\/wp\/v2\/comments?post=3262"}],"version-history":[{"count":0,"href":"https:\/\/alicantecenter.com\/it\/wp-json\/wp\/v2\/pages\/3262\/revisions"}],"up":[{"embeddable":true,"href":"https:\/\/alicantecenter.com\/it\/wp-json\/wp\/v2\/pages\/618"}],"wp:featuredmedia":[{"embeddable":true,"href":"https:\/\/alicantecenter.com\/it\/wp-json\/wp\/v2\/media\/256051"}],"wp:attachment":[{"href":"https:\/\/alicantecenter.com\/it\/wp-json\/wp\/v2\/media?parent=3262"}],"curies":[{"name":"wp","href":"https:\/\/api.w.org\/{rel}","templated":true}]}}