{"id":256143,"date":"2022-07-03T14:09:35","date_gmt":"2022-07-03T14:09:35","guid":{"rendered":"https:\/\/alicantecenter.com\/locations\/polop\/"},"modified":"2022-07-03T14:09:35","modified_gmt":"2022-07-03T14:09:35","slug":"polop","status":"publish","type":"page","link":"https:\/\/alicantecenter.com\/fr\/emplacements\/polop\/","title":{"rendered":"Polop"},"content":{"rendered":"Polop is one of the most beautiful towns in the province of Alicante, located in the central area of \u200b\u200bthe Marina Baja region.\r\nIn this we can find a work known as La Fuente de los Chorros, named Intangible Heritage of Humanity by UNESCO. It is a construction with 221 water pipes, coming from the \u00ab\u00a0Sirer\u00a0\u00bb and \u00ab\u00a0Terrer\u00a0\u00bb springs, and decorated with representative tiles of the shields of all the population centers of Alicante, as well as Valencia and Castell\u00f3n. Among other places of tourist interest in the town of Polop we can find such places as; the church of San Pedro Ap\u00f3stol; the sanctuary of the Divine Aurora; the square of the sculptor Gin\u00e9s and the house of the P\u00f3sito; The castle of Polop; the viewpoint and the remains of the wall.\r\nIt is a town with a beautiful old town and characteristic narrow alleys. In addition, a few kilometers away, a large residential complex is under construction: Polop Hills, which offers a luxurious structure with fantastic views of the city of Benidorm, the sea and the mountains.","protected":false},"excerpt":{"rendered":"<p>Polop is one of the most beautiful towns in the province of Alicante, located in the central area of \u200b\u200bthe Marina Baja region. In this we can find a work known as La Fuente de los Chorros, named Intangible Heritage of Humanity by UNESCO. It is a construction with 221 water pipes, coming from the [&hellip;]<\/p>\n","protected":false},"author":1,"featured_media":256050,"parent":256128,"menu_order":0,"comment_status":"closed","ping_status":"closed","template":"","meta":{"_acf_changed":false,"footnotes":""},"class_list":["post-256143","page","type-page","status-publish","has-post-thumbnail","hentry"],"acf":[],"yoast_head":"<!-- This site is optimized with the Yoast SEO plugin v27.4 - https:\/\/yoast.com\/product\/yoast-seo-wordpress\/ -->\n<title>Polop - Alicante - VYM Canarias<\/title>\n<meta name=\"description\" content=\"Polop\" \/>\n<meta name=\"robots\" content=\"index, follow, max-snippet:-1, max-image-preview:large, max-video-preview:-1\" \/>\n<link rel=\"canonical\" href=\"https:\/\/alicantecenter.com\/fr\/emplacements\/polop\/\" \/>\n<meta property=\"og:locale\" content=\"fr_FR\" \/>\n<meta property=\"og:type\" content=\"article\" \/>\n<meta property=\"og:title\" content=\"Polop - Alicante - VYM Canarias\" \/>\n<meta property=\"og:description\" content=\"Polop\" \/>\n<meta property=\"og:url\" content=\"https:\/\/alicantecenter.com\/fr\/emplacements\/polop\/\" \/>\n<meta property=\"og:site_name\" content=\"Alicante - VYM Canarias\" \/>\n<meta property=\"article:publisher\" content=\"https:\/\/www.facebook.com\/vym.canarias\" \/>\n<meta property=\"og:image\" content=\"https:\/\/alicantecenter.com\/wp-content\/uploads\/2019\/11\/vym-canarias-icon-512-whitebg.png\" \/>\n\t<meta property=\"og:image:width\" content=\"512\" \/>\n\t<meta property=\"og:image:height\" content=\"512\" \/>\n\t<meta property=\"og:image:type\" content=\"image\/png\" \/>\n<meta name=\"twitter:card\" content=\"summary_large_image\" \/>\n<meta name=\"twitter:label1\" content=\"Dur\u00e9e de lecture estim\u00e9e\" \/>\n\t<meta name=\"twitter:data1\" content=\"1 minute\" \/>\n<script type=\"application\/ld+json\" class=\"yoast-schema-graph\">{\"@context\":\"https:\\\/\\\/schema.org\",\"@graph\":[{\"@type\":\"WebPage\",\"@id\":\"https:\\\/\\\/alicantecenter.com\\\/fr\\\/emplacements\\\/polop\\\/\",\"url\":\"https:\\\/\\\/alicantecenter.com\\\/fr\\\/emplacements\\\/polop\\\/\",\"name\":\"Polop - Alicante - VYM Canarias\",\"isPartOf\":{\"@id\":\"https:\\\/\\\/alicantecenter.com\\\/fr\\\/#website\"},\"primaryImageOfPage\":{\"@id\":\"https:\\\/\\\/alicantecenter.com\\\/fr\\\/emplacements\\\/polop\\\/#primaryimage\"},\"image\":{\"@id\":\"https:\\\/\\\/alicantecenter.com\\\/fr\\\/emplacements\\\/polop\\\/#primaryimage\"},\"thumbnailUrl\":\"https:\\\/\\\/alicantecenter.com\\\/wp-content\\\/uploads\\\/2023\\\/06\\\/vym-canarias-office-2.jpeg\",\"datePublished\":\"2022-07-03T14:09:35+00:00\",\"description\":\"Polop\",\"breadcrumb\":{\"@id\":\"https:\\\/\\\/alicantecenter.com\\\/fr\\\/emplacements\\\/polop\\\/#breadcrumb\"},\"inLanguage\":\"fr-FR\",\"potentialAction\":[{\"@type\":\"ReadAction\",\"target\":[\"https:\\\/\\\/alicantecenter.com\\\/fr\\\/emplacements\\\/polop\\\/\"]}]},{\"@type\":\"ImageObject\",\"inLanguage\":\"fr-FR\",\"@id\":\"https:\\\/\\\/alicantecenter.com\\\/fr\\\/emplacements\\\/polop\\\/#primaryimage\",\"url\":\"https:\\\/\\\/alicantecenter.com\\\/wp-content\\\/uploads\\\/2023\\\/06\\\/vym-canarias-office-2.jpeg\",\"contentUrl\":\"https:\\\/\\\/alicantecenter.com\\\/wp-content\\\/uploads\\\/2023\\\/06\\\/vym-canarias-office-2.jpeg\",\"width\":1920,\"height\":350},{\"@type\":\"BreadcrumbList\",\"@id\":\"https:\\\/\\\/alicantecenter.com\\\/fr\\\/emplacements\\\/polop\\\/#breadcrumb\",\"itemListElement\":[{\"@type\":\"ListItem\",\"position\":1,\"name\":\"Home\",\"item\":\"https:\\\/\\\/alicantecenter.com\\\/fr\\\/\"},{\"@type\":\"ListItem\",\"position\":2,\"name\":\"Emplacements\",\"item\":\"https:\\\/\\\/alicantecenter.com\\\/fr\\\/emplacements\\\/\"},{\"@type\":\"ListItem\",\"position\":3,\"name\":\"Polop\"}]},{\"@type\":\"WebSite\",\"@id\":\"https:\\\/\\\/alicantecenter.com\\\/fr\\\/#website\",\"url\":\"https:\\\/\\\/alicantecenter.com\\\/fr\\\/\",\"name\":\"Alicante - VYM Canarias\",\"description\":\"Real Estate - Alicante\",\"potentialAction\":[{\"@type\":\"SearchAction\",\"target\":{\"@type\":\"EntryPoint\",\"urlTemplate\":\"https:\\\/\\\/alicantecenter.com\\\/fr\\\/?s={search_term_string}\"},\"query-input\":{\"@type\":\"PropertyValueSpecification\",\"valueRequired\":true,\"valueName\":\"search_term_string\"}}],\"inLanguage\":\"fr-FR\"}]}<\/script>\n<!-- \/ Yoast SEO plugin. -->","yoast_head_json":{"title":"Polop - Alicante - VYM Canarias","description":"Polop","robots":{"index":"index","follow":"follow","max-snippet":"max-snippet:-1","max-image-preview":"max-image-preview:large","max-video-preview":"max-video-preview:-1"},"canonical":"https:\/\/alicantecenter.com\/fr\/emplacements\/polop\/","og_locale":"fr_FR","og_type":"article","og_title":"Polop - Alicante - VYM Canarias","og_description":"Polop","og_url":"https:\/\/alicantecenter.com\/fr\/emplacements\/polop\/","og_site_name":"Alicante - VYM Canarias","article_publisher":"https:\/\/www.facebook.com\/vym.canarias","og_image":[{"width":512,"height":512,"url":"https:\/\/alicantecenter.com\/wp-content\/uploads\/2019\/11\/vym-canarias-icon-512-whitebg.png","type":"image\/png"}],"twitter_card":"summary_large_image","twitter_misc":{"Dur\u00e9e de lecture estim\u00e9e":"1 minute"},"schema":{"@context":"https:\/\/schema.org","@graph":[{"@type":"WebPage","@id":"https:\/\/alicantecenter.com\/fr\/emplacements\/polop\/","url":"https:\/\/alicantecenter.com\/fr\/emplacements\/polop\/","name":"Polop - Alicante - VYM Canarias","isPartOf":{"@id":"https:\/\/alicantecenter.com\/fr\/#website"},"primaryImageOfPage":{"@id":"https:\/\/alicantecenter.com\/fr\/emplacements\/polop\/#primaryimage"},"image":{"@id":"https:\/\/alicantecenter.com\/fr\/emplacements\/polop\/#primaryimage"},"thumbnailUrl":"https:\/\/alicantecenter.com\/wp-content\/uploads\/2023\/06\/vym-canarias-office-2.jpeg","datePublished":"2022-07-03T14:09:35+00:00","description":"Polop","breadcrumb":{"@id":"https:\/\/alicantecenter.com\/fr\/emplacements\/polop\/#breadcrumb"},"inLanguage":"fr-FR","potentialAction":[{"@type":"ReadAction","target":["https:\/\/alicantecenter.com\/fr\/emplacements\/polop\/"]}]},{"@type":"ImageObject","inLanguage":"fr-FR","@id":"https:\/\/alicantecenter.com\/fr\/emplacements\/polop\/#primaryimage","url":"https:\/\/alicantecenter.com\/wp-content\/uploads\/2023\/06\/vym-canarias-office-2.jpeg","contentUrl":"https:\/\/alicantecenter.com\/wp-content\/uploads\/2023\/06\/vym-canarias-office-2.jpeg","width":1920,"height":350},{"@type":"BreadcrumbList","@id":"https:\/\/alicantecenter.com\/fr\/emplacements\/polop\/#breadcrumb","itemListElement":[{"@type":"ListItem","position":1,"name":"Home","item":"https:\/\/alicantecenter.com\/fr\/"},{"@type":"ListItem","position":2,"name":"Emplacements","item":"https:\/\/alicantecenter.com\/fr\/emplacements\/"},{"@type":"ListItem","position":3,"name":"Polop"}]},{"@type":"WebSite","@id":"https:\/\/alicantecenter.com\/fr\/#website","url":"https:\/\/alicantecenter.com\/fr\/","name":"Alicante - VYM Canarias","description":"Real Estate - Alicante","potentialAction":[{"@type":"SearchAction","target":{"@type":"EntryPoint","urlTemplate":"https:\/\/alicantecenter.com\/fr\/?s={search_term_string}"},"query-input":{"@type":"PropertyValueSpecification","valueRequired":true,"valueName":"search_term_string"}}],"inLanguage":"fr-FR"}]}},"_links":{"self":[{"href":"https:\/\/alicantecenter.com\/fr\/wp-json\/wp\/v2\/pages\/256143","targetHints":{"allow":["GET"]}}],"collection":[{"href":"https:\/\/alicantecenter.com\/fr\/wp-json\/wp\/v2\/pages"}],"about":[{"href":"https:\/\/alicantecenter.com\/fr\/wp-json\/wp\/v2\/types\/page"}],"author":[{"embeddable":true,"href":"https:\/\/alicantecenter.com\/fr\/wp-json\/wp\/v2\/users\/1"}],"replies":[{"embeddable":true,"href":"https:\/\/alicantecenter.com\/fr\/wp-json\/wp\/v2\/comments?post=256143"}],"version-history":[{"count":0,"href":"https:\/\/alicantecenter.com\/fr\/wp-json\/wp\/v2\/pages\/256143\/revisions"}],"up":[{"embeddable":true,"href":"https:\/\/alicantecenter.com\/fr\/wp-json\/wp\/v2\/pages\/256128"}],"wp:featuredmedia":[{"embeddable":true,"href":"https:\/\/alicantecenter.com\/fr\/wp-json\/wp\/v2\/media\/256050"}],"wp:attachment":[{"href":"https:\/\/alicantecenter.com\/fr\/wp-json\/wp\/v2\/media?parent=256143"}],"curies":[{"name":"wp","href":"https:\/\/api.w.org\/{rel}","templated":true}]}}