{"id":172329,"date":"2019-07-21T18:53:50","date_gmt":"2019-07-21T18:53:50","guid":{"rendered":"https:\/\/tenerifecenter.com\/service\/transaction-support\/"},"modified":"2023-06-25T13:52:58","modified_gmt":"2023-06-25T13:52:58","slug":"prise-en-charge-des-transactions","status":"publish","type":"page","link":"https:\/\/alicantecenter.com\/fr\/service\/prise-en-charge-des-transactions\/","title":{"rendered":"Prise en Charge Des Transactions"},"content":{"rendered":"<p>Vym Canarias organise le support juridique de la transaction cl\u00e9 en main<\/p>\r\n\r\n<h2>Qu\u2019est-ce que cela signifie?<\/h2>\r\n  \r\n<p>La soci\u00e9t\u00e9 pr\u00e9pare tous les documents pour l\u2019ex\u00e9cution d\u2019une transaction pour l\u2019achat d\u2019un <a href=\"\/fr\/sale\/\">bien immobilier \u00e0 Tenerife<\/a> et la signature d\u2019un actes par un notaire.<\/p>\r\n\r\n<p>Nous ne nous engageons pas dans des transactions douteuses. Avant de proc\u00e9der \u00e0 l\u2019achat, nous v\u00e9rifions l\u2019objet s\u00e9lectionn\u00e9 avec l\u2019aide de nos partenaires \u00e0 long terme &#8211; les meilleurs avocats et bureaux des imp\u00f4ts de l\u2019\u00eele. Ainsi, nous pouvons garantir la puret\u00e9 juridique de la transaction lors de l\u2019achat d\u2019une propri\u00e9t\u00e9 \u00e0 Tenerife.<\/p>\r\n\r\n<p>Aux \u00e9tapes cl\u00e9s de la transaction, lorsque la pr\u00e9sence personnelle et la signature de l\u2019acheteur sont requises, notre ou nos agents accompagneront les clients et clarifieront toutes les nuances et aideront en tant que traducteur.<\/p>\r\n\r\n<p>Dans les cas o\u00f9 une pr\u00e9sence personnelle n\u2019est pas requise, nous agissons de mani\u00e8re ind\u00e9pendante : nous collectons le paquet de documents n\u00e9cessaire pour compl\u00e9ter la transaction d\u2019achat et de vente, traduisons les documents en espagnol et effectuons un service apr\u00e8s-vente.<\/p>\r\n\r\n<h3>Ce qui inclut le support de transaction cl\u00e9 en main<\/h3>\r\n\r\n<table>\r\n  <thead>\r\n    <th>Services<\/th>\r\n    <th>Prices<\/th>\r\n  <\/thead>\r\n  <tbody>\r\n    <tr>\r\n      <td>V\u00e9rification l\u00e9gale de la propri\u00e9t\u00e9<\/td>  \r\n      <td>Inclus<\/td>  \r\n    <\/tr>\r\n    <tr>\r\n      <td>Aide \u00e0 l\u2019enregistrement du NIE (num\u00e9ro fiscal d\u2019un \u00e9tranger) et \u00e0 l\u2019ouverture d\u2019un compte bancaire<\/td>  \r\n      <td>Inclus<\/td>  \r\n    <\/tr>\r\n    <tr>\r\n      <td>Conseils hypoth\u00e9caires<\/td>  \r\n      <td>Inclus<\/td>  \r\n    <\/tr>\r\n    <tr>\r\n      <td>Traduction de documents de traducteurs agr\u00e9\u00e9s<\/td>  \r\n      <td>Par estimation<\/td>  \r\n    <\/tr>\r\n    <tr>\r\n      <td>Enregistrement de tous les documents et soci\u00e9t\u00e9s de services au nom du nouveau propri\u00e9taire<\/td>  \r\n      <td>750 euros<\/td>  \r\n    <\/tr>\r\n    <tr>\r\n      <td>Service apr\u00e8s-vente \u00e0 la client\u00e8le<\/td>  \r\n      <td>Inclus dans la premi\u00e8re ann\u00e9e<\/td>  \r\n    <\/tr>\r\n    <tr>\r\n      <td>Escorte aupr\u00e8s des autorit\u00e9s fiscales et d\u2019autres organismes gouvernementaux<\/td>  \r\n      <td>Inclus dans la premi\u00e8re ann\u00e9e<\/td>  \r\n    <\/tr>\r\n  <\/tbody>\r\n<\/table>","protected":false},"excerpt":{"rendered":"<p>Vym Canarias organise le support juridique de la transaction cl\u00e9 en main Qu\u2019est-ce que cela signifie? La soci\u00e9t\u00e9 pr\u00e9pare tous les documents pour l\u2019ex\u00e9cution d\u2019une transaction pour l\u2019achat d\u2019un bien immobilier \u00e0 Tenerife et la signature d\u2019un actes par un notaire. Nous ne nous engageons pas dans des transactions douteuses. Avant de proc\u00e9der \u00e0 l\u2019achat, [&hellip;]<\/p>\n","protected":false},"author":1,"featured_media":256050,"parent":172304,"menu_order":0,"comment_status":"closed","ping_status":"closed","template":"","meta":{"_acf_changed":false,"footnotes":""},"class_list":["post-172329","page","type-page","status-publish","has-post-thumbnail","hentry"],"acf":[],"yoast_head":"<!-- This site is optimized with the Yoast SEO plugin v27.3 - https:\/\/yoast.com\/product\/yoast-seo-wordpress\/ -->\n<title>Support of transactions of sale of real estate in Tenerife (Spain)<\/title>\n<meta name=\"description\" content=\"Are you looking for a property in Tenerife (Canary Islands) and don&#039;t want to risk it? Support for sales transactions from VYM Canarias. Competent help at all stages.\" \/>\n<meta name=\"robots\" content=\"index, follow, max-snippet:-1, max-image-preview:large, max-video-preview:-1\" \/>\n<link rel=\"canonical\" href=\"https:\/\/alicantecenter.com\/fr\/service\/prise-en-charge-des-transactions\/\" \/>\n<meta property=\"og:locale\" content=\"fr_FR\" \/>\n<meta property=\"og:type\" content=\"article\" \/>\n<meta property=\"og:title\" content=\"Support of transactions of sale of real estate in Tenerife (Spain)\" \/>\n<meta property=\"og:description\" content=\"Are you looking for a property in Tenerife (Canary Islands) and don&#039;t want to risk it? Support for sales transactions from VYM Canarias. Competent help at all stages.\" \/>\n<meta property=\"og:url\" content=\"https:\/\/alicantecenter.com\/fr\/service\/prise-en-charge-des-transactions\/\" \/>\n<meta property=\"og:site_name\" content=\"Alicante - VYM Canarias\" \/>\n<meta property=\"article:publisher\" content=\"https:\/\/www.facebook.com\/vym.canarias\" \/>\n<meta property=\"article:modified_time\" content=\"2023-06-25T13:52:58+00:00\" \/>\n<meta property=\"og:image\" content=\"https:\/\/alicantecenter.com\/wp-content\/uploads\/2023\/06\/vym-canarias-office-2.jpeg\" \/>\n\t<meta property=\"og:image:width\" content=\"1920\" \/>\n\t<meta property=\"og:image:height\" content=\"350\" \/>\n\t<meta property=\"og:image:type\" content=\"image\/jpeg\" \/>\n<meta name=\"twitter:card\" content=\"summary_large_image\" \/>\n<meta name=\"twitter:label1\" content=\"Dur\u00e9e de lecture estim\u00e9e\" \/>\n\t<meta name=\"twitter:data1\" content=\"2 minutes\" \/>\n<script type=\"application\/ld+json\" class=\"yoast-schema-graph\">{\"@context\":\"https:\\\/\\\/schema.org\",\"@graph\":[{\"@type\":\"WebPage\",\"@id\":\"https:\\\/\\\/alicantecenter.com\\\/fr\\\/service\\\/prise-en-charge-des-transactions\\\/\",\"url\":\"https:\\\/\\\/alicantecenter.com\\\/fr\\\/service\\\/prise-en-charge-des-transactions\\\/\",\"name\":\"Support of transactions of sale of real estate in Tenerife (Spain)\",\"isPartOf\":{\"@id\":\"https:\\\/\\\/alicantecenter.com\\\/fr\\\/#website\"},\"primaryImageOfPage\":{\"@id\":\"https:\\\/\\\/alicantecenter.com\\\/fr\\\/service\\\/prise-en-charge-des-transactions\\\/#primaryimage\"},\"image\":{\"@id\":\"https:\\\/\\\/alicantecenter.com\\\/fr\\\/service\\\/prise-en-charge-des-transactions\\\/#primaryimage\"},\"thumbnailUrl\":\"https:\\\/\\\/alicantecenter.com\\\/wp-content\\\/uploads\\\/2023\\\/06\\\/vym-canarias-office-2.jpeg\",\"datePublished\":\"2019-07-21T18:53:50+00:00\",\"dateModified\":\"2023-06-25T13:52:58+00:00\",\"description\":\"Are you looking for a property in Tenerife (Canary Islands) and don't want to risk it? Support for sales transactions from VYM Canarias. Competent help at all stages.\",\"breadcrumb\":{\"@id\":\"https:\\\/\\\/alicantecenter.com\\\/fr\\\/service\\\/prise-en-charge-des-transactions\\\/#breadcrumb\"},\"inLanguage\":\"fr-FR\",\"potentialAction\":[{\"@type\":\"ReadAction\",\"target\":[\"https:\\\/\\\/alicantecenter.com\\\/fr\\\/service\\\/prise-en-charge-des-transactions\\\/\"]}]},{\"@type\":\"ImageObject\",\"inLanguage\":\"fr-FR\",\"@id\":\"https:\\\/\\\/alicantecenter.com\\\/fr\\\/service\\\/prise-en-charge-des-transactions\\\/#primaryimage\",\"url\":\"https:\\\/\\\/alicantecenter.com\\\/wp-content\\\/uploads\\\/2023\\\/06\\\/vym-canarias-office-2.jpeg\",\"contentUrl\":\"https:\\\/\\\/alicantecenter.com\\\/wp-content\\\/uploads\\\/2023\\\/06\\\/vym-canarias-office-2.jpeg\",\"width\":1920,\"height\":350},{\"@type\":\"BreadcrumbList\",\"@id\":\"https:\\\/\\\/alicantecenter.com\\\/fr\\\/service\\\/prise-en-charge-des-transactions\\\/#breadcrumb\",\"itemListElement\":[{\"@type\":\"ListItem\",\"position\":1,\"name\":\"Home\",\"item\":\"https:\\\/\\\/alicantecenter.com\\\/fr\\\/\"},{\"@type\":\"ListItem\",\"position\":2,\"name\":\"Service\",\"item\":\"https:\\\/\\\/alicantecenter.com\\\/fr\\\/service\\\/\"},{\"@type\":\"ListItem\",\"position\":3,\"name\":\"Prise en Charge Des Transactions\"}]},{\"@type\":\"WebSite\",\"@id\":\"https:\\\/\\\/alicantecenter.com\\\/fr\\\/#website\",\"url\":\"https:\\\/\\\/alicantecenter.com\\\/fr\\\/\",\"name\":\"Alicante - VYM Canarias\",\"description\":\"Real Estate - Alicante\",\"potentialAction\":[{\"@type\":\"SearchAction\",\"target\":{\"@type\":\"EntryPoint\",\"urlTemplate\":\"https:\\\/\\\/alicantecenter.com\\\/fr\\\/?s={search_term_string}\"},\"query-input\":{\"@type\":\"PropertyValueSpecification\",\"valueRequired\":true,\"valueName\":\"search_term_string\"}}],\"inLanguage\":\"fr-FR\"}]}<\/script>\n<!-- \/ Yoast SEO plugin. -->","yoast_head_json":{"title":"Support of transactions of sale of real estate in Tenerife (Spain)","description":"Are you looking for a property in Tenerife (Canary Islands) and don't want to risk it? Support for sales transactions from VYM Canarias. Competent help at all stages.","robots":{"index":"index","follow":"follow","max-snippet":"max-snippet:-1","max-image-preview":"max-image-preview:large","max-video-preview":"max-video-preview:-1"},"canonical":"https:\/\/alicantecenter.com\/fr\/service\/prise-en-charge-des-transactions\/","og_locale":"fr_FR","og_type":"article","og_title":"Support of transactions of sale of real estate in Tenerife (Spain)","og_description":"Are you looking for a property in Tenerife (Canary Islands) and don't want to risk it? Support for sales transactions from VYM Canarias. Competent help at all stages.","og_url":"https:\/\/alicantecenter.com\/fr\/service\/prise-en-charge-des-transactions\/","og_site_name":"Alicante - VYM Canarias","article_publisher":"https:\/\/www.facebook.com\/vym.canarias","article_modified_time":"2023-06-25T13:52:58+00:00","og_image":[{"width":1920,"height":350,"url":"https:\/\/alicantecenter.com\/wp-content\/uploads\/2023\/06\/vym-canarias-office-2.jpeg","type":"image\/jpeg"}],"twitter_card":"summary_large_image","twitter_misc":{"Dur\u00e9e de lecture estim\u00e9e":"2 minutes"},"schema":{"@context":"https:\/\/schema.org","@graph":[{"@type":"WebPage","@id":"https:\/\/alicantecenter.com\/fr\/service\/prise-en-charge-des-transactions\/","url":"https:\/\/alicantecenter.com\/fr\/service\/prise-en-charge-des-transactions\/","name":"Support of transactions of sale of real estate in Tenerife (Spain)","isPartOf":{"@id":"https:\/\/alicantecenter.com\/fr\/#website"},"primaryImageOfPage":{"@id":"https:\/\/alicantecenter.com\/fr\/service\/prise-en-charge-des-transactions\/#primaryimage"},"image":{"@id":"https:\/\/alicantecenter.com\/fr\/service\/prise-en-charge-des-transactions\/#primaryimage"},"thumbnailUrl":"https:\/\/alicantecenter.com\/wp-content\/uploads\/2023\/06\/vym-canarias-office-2.jpeg","datePublished":"2019-07-21T18:53:50+00:00","dateModified":"2023-06-25T13:52:58+00:00","description":"Are you looking for a property in Tenerife (Canary Islands) and don't want to risk it? Support for sales transactions from VYM Canarias. Competent help at all stages.","breadcrumb":{"@id":"https:\/\/alicantecenter.com\/fr\/service\/prise-en-charge-des-transactions\/#breadcrumb"},"inLanguage":"fr-FR","potentialAction":[{"@type":"ReadAction","target":["https:\/\/alicantecenter.com\/fr\/service\/prise-en-charge-des-transactions\/"]}]},{"@type":"ImageObject","inLanguage":"fr-FR","@id":"https:\/\/alicantecenter.com\/fr\/service\/prise-en-charge-des-transactions\/#primaryimage","url":"https:\/\/alicantecenter.com\/wp-content\/uploads\/2023\/06\/vym-canarias-office-2.jpeg","contentUrl":"https:\/\/alicantecenter.com\/wp-content\/uploads\/2023\/06\/vym-canarias-office-2.jpeg","width":1920,"height":350},{"@type":"BreadcrumbList","@id":"https:\/\/alicantecenter.com\/fr\/service\/prise-en-charge-des-transactions\/#breadcrumb","itemListElement":[{"@type":"ListItem","position":1,"name":"Home","item":"https:\/\/alicantecenter.com\/fr\/"},{"@type":"ListItem","position":2,"name":"Service","item":"https:\/\/alicantecenter.com\/fr\/service\/"},{"@type":"ListItem","position":3,"name":"Prise en Charge Des Transactions"}]},{"@type":"WebSite","@id":"https:\/\/alicantecenter.com\/fr\/#website","url":"https:\/\/alicantecenter.com\/fr\/","name":"Alicante - VYM Canarias","description":"Real Estate - Alicante","potentialAction":[{"@type":"SearchAction","target":{"@type":"EntryPoint","urlTemplate":"https:\/\/alicantecenter.com\/fr\/?s={search_term_string}"},"query-input":{"@type":"PropertyValueSpecification","valueRequired":true,"valueName":"search_term_string"}}],"inLanguage":"fr-FR"}]}},"_links":{"self":[{"href":"https:\/\/alicantecenter.com\/fr\/wp-json\/wp\/v2\/pages\/172329","targetHints":{"allow":["GET"]}}],"collection":[{"href":"https:\/\/alicantecenter.com\/fr\/wp-json\/wp\/v2\/pages"}],"about":[{"href":"https:\/\/alicantecenter.com\/fr\/wp-json\/wp\/v2\/types\/page"}],"author":[{"embeddable":true,"href":"https:\/\/alicantecenter.com\/fr\/wp-json\/wp\/v2\/users\/1"}],"replies":[{"embeddable":true,"href":"https:\/\/alicantecenter.com\/fr\/wp-json\/wp\/v2\/comments?post=172329"}],"version-history":[{"count":0,"href":"https:\/\/alicantecenter.com\/fr\/wp-json\/wp\/v2\/pages\/172329\/revisions"}],"up":[{"embeddable":true,"href":"https:\/\/alicantecenter.com\/fr\/wp-json\/wp\/v2\/pages\/172304"}],"wp:featuredmedia":[{"embeddable":true,"href":"https:\/\/alicantecenter.com\/fr\/wp-json\/wp\/v2\/media\/256050"}],"wp:attachment":[{"href":"https:\/\/alicantecenter.com\/fr\/wp-json\/wp\/v2\/media?parent=172329"}],"curies":[{"name":"wp","href":"https:\/\/api.w.org\/{rel}","templated":true}]}}