{"id":172325,"date":"2019-07-27T20:27:36","date_gmt":"2019-07-27T20:27:36","guid":{"rendered":"https:\/\/tenerifecenter.com\/sell-property\/"},"modified":"2024-12-02T20:45:15","modified_gmt":"2024-12-02T20:45:15","slug":"vendre-une-propriete","status":"publish","type":"page","link":"https:\/\/alicantecenter.com\/fr\/vendre-une-propriete\/","title":{"rendered":"Vendre Une Propri\u00e9t\u00e9"},"content":{"rendered":"<!-- Feature ============================================= -->\r\n<section id=\"feature\" class=\"feature feature-1 text-center bg-white pb-90\">\r\n\t<div class=\"container\">\r\n\t\t<div class=\"row\">\r\n\t\t\t<!-- feature Panel #1 -->\r\n\t\t\t<div class=\"col-xs-12 col-sm-4 col-md-4\">\r\n\t\t\t\t<div class=\"feature-panel\">\r\n\t\t\t\t\t<div class=\"feature--icon\">\r\n\t\t\t\t\t\t<img decoding=\"async\" src=\"\/wp-content\/uploads\/2020\/03\/icon-deal-support.png\" alt=\"icon img\" style=\"width: 80px;\">\r\n\t\t\t\t\t<\/div>\r\n\t\t\t\t\t<div class=\"feature--content\">\r\n            <h3 class=\"\">R\u00e9sultat rapide et fiable<\/h3>\r\n            <p class=\"\">L\u2019exp\u00e9rience accumul\u00e9e, notre vaste client\u00e8le et les technologies de pointe nous aideront \u00e0 trouver l\u2019acheteur de votre maison en peu de temps.<\/p>\r\n\t\t\t\t\t<\/div>\r\n\t\t\t\t<\/div>\r\n\t\t\t\t<!-- .feature-panel end -->\r\n\t\t\t<\/div>\r\n\t\t\t<!-- .col-md-4 end -->\r\n\t\t\t<!-- feature Panel #2 -->\r\n\t\t\t<div class=\"col-xs-12 col-sm-4 col-md-4\">\r\n\t\t\t\t<div class=\"feature-panel\">\r\n\t\t\t\t\t<div class=\"feature--icon\">\r\n\t\t\t\t\t\t<img decoding=\"async\" src=\"\/wp-content\/uploads\/2019\/05\/for-buy.png\" alt=\"icon img\" style=\"width: 80px;\">\r\n\t\t\t\t\t<\/div>\r\n\t\t\t\t\t<div class=\"feature--content\">\r\n            <h3 class=\"\">Remise en argent<\/h3>\r\n            <p class=\"\">Syst\u00e8me de remboursement unique pour les acheteurs de votre propri\u00e9t\u00e9.<\/p>\r\n\t\t\t\t\t<\/div>\r\n\t\t\t\t<\/div>\r\n\t\t\t\t<!-- .feature-panel end -->\r\n\t\t\t<\/div>\r\n\t\t\t<!-- .col-md-4 end -->\r\n\t\t\t<!-- feature Panel #3 -->\r\n\t\t\t<div class=\"col-xs-12 col-sm-4 col-md-4\">\r\n\t\t\t\t<div class=\"feature-panel\">\r\n\t\t\t\t\t<div class=\"feature--icon\">\r\n\t\t\t\t\t\t<img decoding=\"async\" src=\"\/wp-content\/uploads\/2020\/03\/icon-result.png\" alt=\"icon img\" style=\"width: 80px;\">\r\n\t\t\t\t\t<\/div>\r\n\t\t\t\t\t<div class=\"feature--content\">\r\n            <h3 class=\"\">Nous nous occupons de toutes les formalit\u00e9s<\/h3>\r\n            <p class=\"\">Nous nous occupons de toute la routine papier. Nous sommes avec vous \u00e0 toutes les \u00e9tapes de la transaction.<\/p>\r\n\t\t\t\t\t<\/div>\r\n\t\t\t\t<\/div>\r\n\t\t\t\t<!-- .feature-panel end -->\r\n\t\t\t<\/div>\r\n\t\t\t<!-- .col-md-4 end -->\r\n\t\t<\/div>\r\n\t\t<!-- .row end -->\r\n\t<\/div>\r\n\t<!-- .container end -->\r\n<\/section>\r\n<!-- .feature end -->\r\n\r\n<!-- Feature ============================================= -->\r\n<section id=\"feature\" class=\"feature feature-left pt-90 pb-30 bg-gray\">\r\n    <div class=\"container\">\r\n        <div class=\"row\">\r\n            <div class=\"col-xs-12 col-sm-12 col-md-12\">\r\n                <div class=\"heading heading-2 text-center mb-70\">\r\n                    <h2 class=\"heading--title\">Ce que nous offrons<\/h2>\r\n                    <p class=\"heading--desc\">\r\n                      Vym Canarias est une agence immobili\u00e8re \u00e0 cycle complet, nous fournissons tous les types de services pour la vente et l\u2019achat, \r\n                      <br \/>ainsi que pour la gestion ult\u00e9rieure de l\u2019immobilier pour les baux \u00e0 long terme.\r\n                    <\/p>\r\n                <\/div>\r\n                <!-- .heading-title end -->\r\n            <\/div>\r\n            <!-- .col-md-12 end -->\r\n        <\/div>\r\n        <!-- .row end -->\r\n        <div class=\"row\">\r\n            <!-- feature Panel #1 -->\r\n            <div class=\"col-xs-12 col-sm-6 col-md-6\">\r\n                <div class=\"feature-panel\">\r\n                    <div class=\"feature--icon\">\r\n                        <img decoding=\"async\" src=\"\/wp-content\/uploads\/2019\/08\/icon-property-care.png\" alt=\"icon img\" style=\"width: 50px;\">\r\n                    <\/div>\r\n                    <div class=\"feature--content\">\r\n                        <h3>\u00c9valuation immobili\u00e8re professionnelle<\/h3>\r\n                        <p>Nous v\u00e9rifions et \u00e9valuons chaque propri\u00e9t\u00e9 avant de proc\u00e9der \u00e0 la transaction. Nous travaillons avec des soci\u00e9t\u00e9s d\u2019\u00e9valuation et des cabinets d\u2019avocats de confiance depuis plus de 10 ans.<\/p>\r\n                    <\/div>\r\n                <\/div>\r\n                <!-- .feature-panel end -->\r\n            <\/div>\r\n            <!-- .col-md-6 end -->\r\n            <!-- feature Panel #2 -->\r\n            <div class=\"col-xs-12 col-sm-6 col-md-6\">\r\n                <div class=\"feature-panel\">\r\n                    <div class=\"feature--icon\">\r\n                        <img decoding=\"async\" src=\"\/wp-content\/uploads\/2019\/08\/icon-property-promotion.png\" alt=\"icon img\" style=\"width: 50px;\">\r\n                    <\/div>\r\n                    <div class=\"feature--content\">\r\n                        <h3>Promotion immobili\u00e8re<\/h3>\r\n                        <p>La participation active aux salons internationaux de l\u2019immobilier, la promotion sur Internet et les r\u00e9seaux sociaux sont nos outils pour la promotion immobili\u00e8re et la croissance des ventes. Travaillez avec plus de 25 portails sp\u00e9cialis\u00e9s en Espagne et \u00e0 l\u2019\u00e9tranger. Un r\u00e9seau de soci\u00e9t\u00e9s d\u2019agents dans toute l\u2019Europe.<\/p>\r\n                    <\/div>\r\n                <\/div>\r\n                <!-- .feature-panel end -->\r\n            <\/div>\r\n            <!-- .col-md-6 end -->\r\n            <!-- feature Panel #3 -->\r\n            <div class=\"col-xs-12 col-sm-6 col-md-6\">\r\n                <div class=\"feature-panel\">\r\n                    <div class=\"feature--icon\">\r\n                        <img decoding=\"async\" src=\"\/wp-content\/uploads\/2019\/08\/icon-property-contract.png\" alt=\"icon img\" style=\"width: 50px;\">\r\n                    <\/div>\r\n                    <div class=\"feature--content\">\r\n                        <h3>Services juridiques<\/h3>\r\n                        <p>Nous pr\u00e9parons l\u2019ensemble des documents n\u00e9cessaires \u00e0 la finalisation de la transaction. Nous aidons \u00e0 l\u2019enregistrement de NIE, permis de s\u00e9jour, ouverture d\u2019un compte bancaire.<\/p>\r\n                    <\/div>\r\n                <\/div>\r\n                <!-- .feature-panel end -->\r\n            <\/div>\r\n            <!-- .col-md-6 end -->\r\n            <!-- feature Panel #4 -->\r\n            <div class=\"col-xs-12 col-sm-6 col-md-6\">\r\n              <div class=\"feature-panel\">\r\n                  <div class=\"feature--icon\">\r\n                      <img decoding=\"async\" src=\"\/wp-content\/uploads\/2019\/05\/for-buy.png\" alt=\"icon img\" style=\"width: 50px;\">\r\n                  <\/div>\r\n                  <div class=\"feature--content\">\r\n                      <h3>R\u00e9troaction<\/h3>\r\n                      <p>Nous sommes en contact permanent avec nos clients et fournissons des commentaires de qualit\u00e9 de la part d\u2019acheteurs potentiels.<\/p>\r\n                  <\/div>\r\n              <\/div>\r\n                <!-- .feature-panel end -->\r\n            <\/div>\r\n            <!-- .col-md-6 end -->\r\n        <\/div>\r\n        <!-- .row end -->\r\n    <\/div>\r\n    <!-- .container end -->\r\n<\/section>\r\n<!-- .feature end -->\r\n\r\n<!-- about #1 ============================================= -->\r\n<section id=\"about\" class=\"about bg-white\">\r\n    <div class=\"container\">\r\n        <div class=\"row\">\r\n            <div class=\"col-xs-12 col-sm-5 col-md-5\">\r\n                <div class=\"about--img\"><img decoding=\"async\" class=\"img-responsive\" src=\"\/wp-content\/uploads\/2020\/08\/vym-10-years-1.jpg\" alt=\"VYM Canarias Team Members\"><\/div>\r\n            <\/div>\r\n            <!-- .col-md-5 -->\r\n            <div class=\"col-xs-12 col-sm-7 col-md-6 col-md-offset-1\">\r\n                <div class=\"heading heading-3\">\r\n                    <h2 class=\"heading--title mb-30\">Vym Canarias<small class=\"block\">La soci\u00e9t\u00e9 immobili\u00e8re la plus grande et la plus prosp\u00e8re de Tenerife et des \u00eeles Canaries.<\/small><\/h2>\r\n                <\/div>\r\n                <!-- .heading-title end -->\r\n                <div class=\"about--panel\">\r\n                    <h3>Notre mission<\/h3>\r\n                    <p>Notre mission est de vous trouver la maison de vos r\u00eaves sur l\u2019\u00eele du printemps \u00e9ternel. Calmement, efficacement et sans drame ni stress excessif.<\/p>\r\n                    <p>Nous sondons et inspectons tous les biens immobiliers, donnons un avis d\u2019expert sur la valeur de l\u2019objet et nous mettons constamment \u00e0 jour nos clients sur chaque \u00e9tape du processus.<\/p>\r\n                    <p>Nous sommes convaincus que seule l\u2019honn\u00eatet\u00e9 m\u00e8ne \u00e0 un v\u00e9ritable succ\u00e8s, nous appr\u00e9cions notre r\u00e9putation, c\u2019est pourquoi nous garantissons la transparence de toutes les \u00e9tapes de la transaction.<\/p>\r\n                <\/div>\r\n                <!-- .about-panel end -->\r\n                <div class=\"about--panel\">\r\n                    <h3>Notre objectif<\/h3>\r\n                    <p>Notre objectif est de fournir le meilleur service immobilier sur l\u2019\u00eele. La meilleure base de donn\u00e9es d\u2019objets. Les meilleures nouvelles de l\u2019\u00eele. Et informer constamment nos clients de tout changement sur le march\u00e9 de l\u2019\u00eele. \u00c0 la fois juridique et contextuel.<\/p>\r\n                <\/div>\r\n                <!-- .about-panel end -->\r\n            <\/div>\r\n            <!-- .col-md-6 -->\r\n        <\/div>\r\n        <!-- .row -->\r\n    <\/div>\r\n    <!-- .container -->\r\n<\/section>\r\n<!-- #about end -->\r\n\r\n<!-- Accordion #1 ============================================= -->\r\n<section id=\"accordion1\" class=\"bg-white\">\r\n    <div class=\"container\">\r\n        <div class=\"row\">\r\n            <div class=\"col-xs-12 col-sm-12 col-md-12\">\r\n                <div class=\"heading text-center mb-75\">\r\n                    <h2 class=\"heading--title\">FAQ<\/h2>\r\n                <\/div>\r\n            <\/div>\r\n        <\/div>\r\n        <div class=\"row\">\r\n            <div class=\"col-xs-12 col-sm-7 col-md-7\">\r\n                <div class=\"accordion accordion-1\" id=\"accordion01\">\r\n                    <!-- Panel 01 -->\r\n                    <div class=\"panel\">\r\n                        <div class=\"panel--heading\">\r\n                            <a class=\"accordion-toggle\" data-toggle=\"collapse\" data-parent=\"#accordion01\" href=\"#collapse01-1\">Combien de temps devez-vous consacrer \u00e0 la recherche d\u2019un logement?<\/a>\r\n                        <\/div>\r\n                        <div id=\"collapse01-1\" class=\"panel--body panel-collapse collapse in\">\r\n                            <p>D\u00e9pend de l\u2019exactitude des crit\u00e8res de recherche sp\u00e9cifi\u00e9s. Lorsque nous avons des informations compl\u00e8tes sur ce que le client veut et quels moyens sont disponibles, nous pouvons r\u00e9duire les termes de recherche \u00e0 quelques jours. C\u2019est ce qu\u2019il faut pour voir les 5-7 options les plus appropri\u00e9es et re-voir celles que vous aimez. Nous sommes contre les d\u00e9cisions h\u00e2tives ; par cons\u00e9quent, nous vous recommandons d\u2019allouer au moins 7 jours pour le voyage.<\/p>\r\n                        <\/div>\r\n                    <\/div>\r\n\r\n                    <!-- Panel 01 -->\r\n                    <div class=\"panel\">\r\n                        <div class=\"panel--heading\">\r\n                            <a class=\"accordion-toggle collapsed\" data-toggle=\"collapse\" data-parent=\"#accordion01\" href=\"#collapse01-2\">Quels documents sont n\u00e9cessaires pour effectuer un achat et une vente Transaction \u00e0 Tenerife?<\/a>\r\n                        <\/div>\r\n                        <div id=\"collapse01-2\" class=\"panel--body panel-collapse collapse\">\r\n                          <p>Selon la loi espagnole, l\u2019immobilier en Espagne peut \u00eatre achet\u00e9 \u00e0 la fois par un r\u00e9sident du pays et un citoyen \u00e9tranger. Pour acheter un bien immobilier en Espagne, tout d\u2019abord, vous devez \u00e9mettre un NIE - num\u00e9ro fiscal d\u2019un \u00e9tranger et ouvrir un compte bancaire dans une banque espagnole. Nous vous conseillons sur ces questions et vous aidons \u00e0 organiser tous les documents n\u00e9cessaires. En savoir plus sur la pr\u00e9paration des documents ici (lien vers un article s\u00e9par\u00e9 sur le site).<\/p>\r\n                        <\/div>\r\n                    <\/div>\r\n\r\n                    <!-- Panel 03 -->\r\n                    <div class=\"panel\">\r\n                        <div class=\"panel--heading\">\r\n                            <a class=\"accordion-toggle collapsed\" data-toggle=\"collapse\" data-parent=\"#accordion01\" href=\"#collapse01-3\">Combien le notaire gagne-t-il par transaction?<\/a>\r\n                        <\/div>\r\n                        <div id=\"collapse01-3\" class=\"panel--body panel-collapse collapse\">\r\n                          <p>Selon les r\u00e8gles g\u00e9n\u00e9rales, lors de l\u2019achat d\u2019une maison en Espagne, l\u2019acheteur paie une taxe sur la valeur ajout\u00e9e (IVA) ou une taxe de transfert de propri\u00e9t\u00e9 (ITP). Ainsi que la taxe sur les actes juridiques sur le logement primaire (1%). En outre, l\u2019acheteur paie les frais de v\u00e9rification du logement dans le registre de la propri\u00e9t\u00e9 (Nota Simple), les frais de notaire et les frais d\u2019enregistrement.<\/p>\r\n                          <p>IMPORTANT ! L\u2019IVA, ou TVA, n\u2019est factur\u00e9e que pour les achats de logements neufs. Dans les \u00eeles Canaries, la TVA n\u2019est pas applicable et l\u2019IGIC est pr\u00e9lev\u00e9 - l\u2019imp\u00f4t indirect g\u00e9n\u00e9ral en vigueur dans les \u00eeles Canaries. Il repr\u00e9sente 6,5 % du co\u00fbt du logement pour 2019.<\/p>\r\n                          <p>Les droits de mutation dans l\u2019ITP des \u00eeles Canaries sont de 6,5%.<\/p>\r\n                          <p>Il existe une forme d\u2019achat au stade de la construction, o\u00f9 une taxe suppl\u00e9mentaire de 0,75% est appliqu\u00e9e.<\/p>\r\n                          <p>En moyenne, lors de l\u2019achat d\u2019une maison \u00e0 Tenerife, l\u2019acheteur d\u00e9pense environ 7,5 \u00e0 9% de la valeur de la propri\u00e9t\u00e9 pour une transaction.<\/p>\r\n                        <\/div>\r\n                    <\/div>\r\n\r\n                <\/div>\r\n                <!-- End .Accordion-->\r\n            <\/div>\r\n            <!-- .col-md-7 end -->\r\n            <div class=\"col-xs-12 col-sm-5 col-md-4\">\r\n                <img decoding=\"async\" src=\"\/wp-content\/uploads\/2019\/08\/vym-office-faq.jpg\" alt=\"img\">\r\n            <\/div>\r\n            <!-- .col-md-4 end -->\r\n        <\/div>\r\n        <!-- .row end -->\r\n    <\/div>\r\n    <!-- .container end -->\r\n<\/section>\r\n<!-- #accordion  end -->\r\n\r\n<!-- Contact #2 ============================================= -->\r\n<section id=\"contact2\" class=\"contact contact-2 bg-gray\">\r\n    <div class=\"container\">\r\n        <div class=\"row\">\r\n            <div class=\"col-xs-12 col-sm-12 col-md-12\">\r\n                <div class=\"heading heading-2 mb-50\">\r\n                    <h2 class=\"heading--title\">Nous Contacter<\/h2>\r\n                <\/div>\r\n            <\/div>\r\n            <!-- .col-md-12 end -->\r\n        <\/div>\r\n        <!-- .row end -->\r\n        <div class=\"row\">\r\n            <div class=\"col-xs-12 col-sm-12 col-md-12\">\r\n                <p class=\"wpcf7-contact-form-not-found\"><strong>Erreur\u00a0:<\/strong> Formulaire de contact non trouv\u00e9\u00a0!<\/p>\r\n            <\/div>\r\n            <!-- .col-md-12 end -->\r\n        <\/div>\r\n        <!-- .row end -->\r\n    <\/div>\r\n<\/section>\r\n<!-- #contact2  end -->","protected":false},"excerpt":{"rendered":"<p>R\u00e9sultat rapide et fiable L\u2019exp\u00e9rience accumul\u00e9e, notre vaste client\u00e8le et les technologies de pointe nous aideront \u00e0 trouver l\u2019acheteur de votre maison en peu de temps. Remise en argent Syst\u00e8me de remboursement unique pour les acheteurs de votre propri\u00e9t\u00e9. Nous nous occupons de toutes les formalit\u00e9s Nous nous occupons de toute la routine papier. Nous [&hellip;]<\/p>\n","protected":false},"author":1,"featured_media":172324,"parent":0,"menu_order":0,"comment_status":"closed","ping_status":"closed","template":"template-pages\/sell-property.php","meta":{"_acf_changed":false,"footnotes":""},"class_list":["post-172325","page","type-page","status-publish","has-post-thumbnail","hentry"],"acf":[],"yoast_head":"<!-- This site is optimized with the Yoast SEO plugin v27.3 - https:\/\/yoast.com\/product\/yoast-seo-wordpress\/ -->\n<title>Tenerife Property Sales (Spain) | VYM Canarias Agency<\/title>\n<meta name=\"description\" content=\"Need help buying and selling real estate in Tenerife (Canary Islands)? Put the chores on our shoulders. We support at every stage of the transaction.\" \/>\n<meta name=\"robots\" content=\"index, follow, max-snippet:-1, max-image-preview:large, max-video-preview:-1\" \/>\n<link rel=\"canonical\" href=\"https:\/\/alicantecenter.com\/fr\/vendre-une-propriete\/\" \/>\n<meta property=\"og:locale\" content=\"fr_FR\" \/>\n<meta property=\"og:type\" content=\"article\" \/>\n<meta property=\"og:title\" content=\"Tenerife Property Sales (Spain) | VYM Canarias Agency\" \/>\n<meta property=\"og:description\" content=\"Need help buying and selling real estate in Tenerife (Canary Islands)? Put the chores on our shoulders. We support at every stage of the transaction.\" \/>\n<meta property=\"og:url\" content=\"https:\/\/alicantecenter.com\/fr\/vendre-une-propriete\/\" \/>\n<meta property=\"og:site_name\" content=\"Alicante - VYM Canarias\" \/>\n<meta property=\"article:publisher\" content=\"https:\/\/www.facebook.com\/vym.canarias\" \/>\n<meta property=\"article:modified_time\" content=\"2024-12-02T20:45:15+00:00\" \/>\n<meta property=\"og:image\" content=\"https:\/\/alicantecenter.com\/wp-content\/uploads\/2020\/08\/vym-team-11.jpg\" \/>\n\t<meta property=\"og:image:width\" content=\"1920\" \/>\n\t<meta property=\"og:image:height\" content=\"950\" \/>\n\t<meta property=\"og:image:type\" content=\"image\/jpeg\" \/>\n<meta name=\"twitter:card\" content=\"summary_large_image\" \/>\n<meta name=\"twitter:label1\" content=\"Dur\u00e9e de lecture estim\u00e9e\" \/>\n\t<meta name=\"twitter:data1\" content=\"6 minutes\" \/>\n<script type=\"application\/ld+json\" class=\"yoast-schema-graph\">{\"@context\":\"https:\\\/\\\/schema.org\",\"@graph\":[{\"@type\":\"WebPage\",\"@id\":\"https:\\\/\\\/alicantecenter.com\\\/fr\\\/vendre-une-propriete\\\/\",\"url\":\"https:\\\/\\\/alicantecenter.com\\\/fr\\\/vendre-une-propriete\\\/\",\"name\":\"Tenerife Property Sales (Spain) | VYM Canarias Agency\",\"isPartOf\":{\"@id\":\"https:\\\/\\\/alicantecenter.com\\\/fr\\\/#website\"},\"primaryImageOfPage\":{\"@id\":\"https:\\\/\\\/alicantecenter.com\\\/fr\\\/vendre-une-propriete\\\/#primaryimage\"},\"image\":{\"@id\":\"https:\\\/\\\/alicantecenter.com\\\/fr\\\/vendre-une-propriete\\\/#primaryimage\"},\"thumbnailUrl\":\"https:\\\/\\\/alicantecenter.com\\\/wp-content\\\/uploads\\\/2020\\\/08\\\/vym-team-11.jpg\",\"datePublished\":\"2019-07-27T20:27:36+00:00\",\"dateModified\":\"2024-12-02T20:45:15+00:00\",\"description\":\"Need help buying and selling real estate in Tenerife (Canary Islands)? Put the chores on our shoulders. We support at every stage of the transaction.\",\"breadcrumb\":{\"@id\":\"https:\\\/\\\/alicantecenter.com\\\/fr\\\/vendre-une-propriete\\\/#breadcrumb\"},\"inLanguage\":\"fr-FR\",\"potentialAction\":[{\"@type\":\"ReadAction\",\"target\":[\"https:\\\/\\\/alicantecenter.com\\\/fr\\\/vendre-une-propriete\\\/\"]}]},{\"@type\":\"ImageObject\",\"inLanguage\":\"fr-FR\",\"@id\":\"https:\\\/\\\/alicantecenter.com\\\/fr\\\/vendre-une-propriete\\\/#primaryimage\",\"url\":\"https:\\\/\\\/alicantecenter.com\\\/wp-content\\\/uploads\\\/2020\\\/08\\\/vym-team-11.jpg\",\"contentUrl\":\"https:\\\/\\\/alicantecenter.com\\\/wp-content\\\/uploads\\\/2020\\\/08\\\/vym-team-11.jpg\",\"width\":1920,\"height\":950},{\"@type\":\"BreadcrumbList\",\"@id\":\"https:\\\/\\\/alicantecenter.com\\\/fr\\\/vendre-une-propriete\\\/#breadcrumb\",\"itemListElement\":[{\"@type\":\"ListItem\",\"position\":1,\"name\":\"Home\",\"item\":\"https:\\\/\\\/alicantecenter.com\\\/fr\\\/\"},{\"@type\":\"ListItem\",\"position\":2,\"name\":\"Vendre Une Propri\u00e9t\u00e9\"}]},{\"@type\":\"WebSite\",\"@id\":\"https:\\\/\\\/alicantecenter.com\\\/fr\\\/#website\",\"url\":\"https:\\\/\\\/alicantecenter.com\\\/fr\\\/\",\"name\":\"Alicante - VYM Canarias\",\"description\":\"Real Estate - Alicante\",\"potentialAction\":[{\"@type\":\"SearchAction\",\"target\":{\"@type\":\"EntryPoint\",\"urlTemplate\":\"https:\\\/\\\/alicantecenter.com\\\/fr\\\/?s={search_term_string}\"},\"query-input\":{\"@type\":\"PropertyValueSpecification\",\"valueRequired\":true,\"valueName\":\"search_term_string\"}}],\"inLanguage\":\"fr-FR\"}]}<\/script>\n<!-- \/ Yoast SEO plugin. -->","yoast_head_json":{"title":"Tenerife Property Sales (Spain) | VYM Canarias Agency","description":"Need help buying and selling real estate in Tenerife (Canary Islands)? Put the chores on our shoulders. We support at every stage of the transaction.","robots":{"index":"index","follow":"follow","max-snippet":"max-snippet:-1","max-image-preview":"max-image-preview:large","max-video-preview":"max-video-preview:-1"},"canonical":"https:\/\/alicantecenter.com\/fr\/vendre-une-propriete\/","og_locale":"fr_FR","og_type":"article","og_title":"Tenerife Property Sales (Spain) | VYM Canarias Agency","og_description":"Need help buying and selling real estate in Tenerife (Canary Islands)? Put the chores on our shoulders. We support at every stage of the transaction.","og_url":"https:\/\/alicantecenter.com\/fr\/vendre-une-propriete\/","og_site_name":"Alicante - VYM Canarias","article_publisher":"https:\/\/www.facebook.com\/vym.canarias","article_modified_time":"2024-12-02T20:45:15+00:00","og_image":[{"width":1920,"height":950,"url":"https:\/\/alicantecenter.com\/wp-content\/uploads\/2020\/08\/vym-team-11.jpg","type":"image\/jpeg"}],"twitter_card":"summary_large_image","twitter_misc":{"Dur\u00e9e de lecture estim\u00e9e":"6 minutes"},"schema":{"@context":"https:\/\/schema.org","@graph":[{"@type":"WebPage","@id":"https:\/\/alicantecenter.com\/fr\/vendre-une-propriete\/","url":"https:\/\/alicantecenter.com\/fr\/vendre-une-propriete\/","name":"Tenerife Property Sales (Spain) | VYM Canarias Agency","isPartOf":{"@id":"https:\/\/alicantecenter.com\/fr\/#website"},"primaryImageOfPage":{"@id":"https:\/\/alicantecenter.com\/fr\/vendre-une-propriete\/#primaryimage"},"image":{"@id":"https:\/\/alicantecenter.com\/fr\/vendre-une-propriete\/#primaryimage"},"thumbnailUrl":"https:\/\/alicantecenter.com\/wp-content\/uploads\/2020\/08\/vym-team-11.jpg","datePublished":"2019-07-27T20:27:36+00:00","dateModified":"2024-12-02T20:45:15+00:00","description":"Need help buying and selling real estate in Tenerife (Canary Islands)? Put the chores on our shoulders. We support at every stage of the transaction.","breadcrumb":{"@id":"https:\/\/alicantecenter.com\/fr\/vendre-une-propriete\/#breadcrumb"},"inLanguage":"fr-FR","potentialAction":[{"@type":"ReadAction","target":["https:\/\/alicantecenter.com\/fr\/vendre-une-propriete\/"]}]},{"@type":"ImageObject","inLanguage":"fr-FR","@id":"https:\/\/alicantecenter.com\/fr\/vendre-une-propriete\/#primaryimage","url":"https:\/\/alicantecenter.com\/wp-content\/uploads\/2020\/08\/vym-team-11.jpg","contentUrl":"https:\/\/alicantecenter.com\/wp-content\/uploads\/2020\/08\/vym-team-11.jpg","width":1920,"height":950},{"@type":"BreadcrumbList","@id":"https:\/\/alicantecenter.com\/fr\/vendre-une-propriete\/#breadcrumb","itemListElement":[{"@type":"ListItem","position":1,"name":"Home","item":"https:\/\/alicantecenter.com\/fr\/"},{"@type":"ListItem","position":2,"name":"Vendre Une Propri\u00e9t\u00e9"}]},{"@type":"WebSite","@id":"https:\/\/alicantecenter.com\/fr\/#website","url":"https:\/\/alicantecenter.com\/fr\/","name":"Alicante - VYM Canarias","description":"Real Estate - Alicante","potentialAction":[{"@type":"SearchAction","target":{"@type":"EntryPoint","urlTemplate":"https:\/\/alicantecenter.com\/fr\/?s={search_term_string}"},"query-input":{"@type":"PropertyValueSpecification","valueRequired":true,"valueName":"search_term_string"}}],"inLanguage":"fr-FR"}]}},"_links":{"self":[{"href":"https:\/\/alicantecenter.com\/fr\/wp-json\/wp\/v2\/pages\/172325","targetHints":{"allow":["GET"]}}],"collection":[{"href":"https:\/\/alicantecenter.com\/fr\/wp-json\/wp\/v2\/pages"}],"about":[{"href":"https:\/\/alicantecenter.com\/fr\/wp-json\/wp\/v2\/types\/page"}],"author":[{"embeddable":true,"href":"https:\/\/alicantecenter.com\/fr\/wp-json\/wp\/v2\/users\/1"}],"replies":[{"embeddable":true,"href":"https:\/\/alicantecenter.com\/fr\/wp-json\/wp\/v2\/comments?post=172325"}],"version-history":[{"count":0,"href":"https:\/\/alicantecenter.com\/fr\/wp-json\/wp\/v2\/pages\/172325\/revisions"}],"wp:featuredmedia":[{"embeddable":true,"href":"https:\/\/alicantecenter.com\/fr\/wp-json\/wp\/v2\/media\/172324"}],"wp:attachment":[{"href":"https:\/\/alicantecenter.com\/fr\/wp-json\/wp\/v2\/media?parent=172325"}],"curies":[{"name":"wp","href":"https:\/\/api.w.org\/{rel}","templated":true}]}}