{"id":172318,"date":"2019-10-29T21:17:20","date_gmt":"2019-10-29T21:17:20","guid":{"rendered":"https:\/\/tenerifecenter.com\/info\/documents\/"},"modified":"2021-10-19T14:22:48","modified_gmt":"2021-10-19T14:22:48","slug":"documents","status":"publish","type":"page","link":"https:\/\/alicantecenter.com\/fr\/informations\/documents\/","title":{"rendered":"Documents"},"content":{"rendered":"<h2>Obtention d\u2019un num\u00e9ro NIE (TIN)<\/h2>\r\n\r\n<ul>\r\n  <li>La demande NIE d\u00fbment remplie;<\/li>\r\n  <li>Confirmation de paiement des frais estampill\u00e9e par la banque;<\/li>\r\n  <li>L\u2019original et la photocopie de votre passeport ou autre pi\u00e8ce d\u2019identit\u00e9;<\/li>\r\n  <li>Dans le cas d\u2019un repr\u00e9sentant l\u00e9gal, les documents d\u2019identification correspondants doivent \u00eatre joints.<\/li>\r\n<\/ul>\r\n\r\n<p class=\"italic\">*La proc\u00e9dure de demande NIE est susceptible d\u2019\u00eatre modifi\u00e9e par les autorit\u00e9s correspondantes.<\/p>\r\n\r\n<h2>Ouvrir un compte bancaire espagnol<\/h2>\r\n\r\n<ul>\r\n  <li>Un passeport en cours de validit\u00e9,<\/li>\r\n  <li>Une copie du num\u00e9ro NIE,<\/li>\r\n  <li>Contrat de vente et d\u2019achat ou une confirmation de la r\u00e9serve faite sur la propri\u00e9t\u00e9 (dans le cas o\u00f9 la banque le demande sp\u00e9cifiquement)<\/li>\r\n  <li>Documents de preuve de revenu<\/li>\r\n<\/ul>\r\n\r\n<h2>Documents requis pour une hypoth\u00e8que en Espagne:<\/h2>\r\n\r\n<ul>\r\n  <li>2 d\u00e9clarations de revenus des particuliers.<\/li>\r\n  <li>Contrat de travail.<\/li>\r\n  <li>Relev\u00e9s bancaires personnels des 12 derniers mois montrant l\u2019activit\u00e9 quotidienne.<\/li>\r\n  <li>Certification d\u2019un bien libre de privil\u00e8ge hypoth\u00e9caire dans le pays de r\u00e9sidence.<\/li>\r\n  <li>R\u00e9f\u00e9rence de l\u2019employeur et\/ou contact de l\u2019emploi.<\/li>\r\n  <li>Copie d\u2019un dossier de cr\u00e9dit personnel et\/ou d\u2019un relev\u00e9 de dette annuel.<\/li>\r\n  <li>Dans certains cas, des r\u00e9f\u00e9rences de la banque peuvent \u00eatre requises.<\/li>\r\n  <li>D\u2019autres documents confirmant des sources de revenus suppl\u00e9mentaires, tels que : contrats de location, certificats de revenus et autres documents qu\u2019une banque peut juger n\u00e9cessaires lors de la demande d\u2019un pr\u00eat hypoth\u00e9caire sup\u00e9rieur \u00e0 500.000 \u20ac.<\/li>\r\n<\/ul>\r\n\r\n<p class=\"italic\">*Les banques se r\u00e9servent le droit de demander tout document qu\u2019elles jugent n\u00e9cessaire.<\/p>\r\n\r\n<p>Tous les documents doivent \u00eatre traduits en espagnol avec une apostille correspondante (une forme de certification de document conform\u00e9ment aux dispositions de la Convention de La Haye du 5 octobre 1961), ou ils doivent \u00eatre l\u00e9galis\u00e9s par un consulat espagnol, ou par un traducteur espagnol certifi\u00e9 (traductor jurado). Nous recommandons personnellement ce dernier. Les originaux de tous les documents doivent \u00eatre apport\u00e9s au notaire avant le registre des actes.<\/p>","protected":false},"excerpt":{"rendered":"<p>Obtention d\u2019un num\u00e9ro NIE (TIN) La demande NIE d\u00fbment remplie; Confirmation de paiement des frais estampill\u00e9e par la banque; L\u2019original et la photocopie de votre passeport ou autre pi\u00e8ce d\u2019identit\u00e9; Dans le cas d\u2019un repr\u00e9sentant l\u00e9gal, les documents d\u2019identification correspondants doivent \u00eatre joints. *La proc\u00e9dure de demande NIE est susceptible d\u2019\u00eatre modifi\u00e9e par les autorit\u00e9s [&hellip;]<\/p>\n","protected":false},"author":1,"featured_media":256050,"parent":172316,"menu_order":0,"comment_status":"closed","ping_status":"closed","template":"","meta":{"_acf_changed":false,"footnotes":""},"class_list":["post-172318","page","type-page","status-publish","has-post-thumbnail","hentry"],"acf":[],"yoast_head":"<!-- This site is optimized with the Yoast SEO plugin v27.3 - https:\/\/yoast.com\/product\/yoast-seo-wordpress\/ -->\n<title>Documents when buying property in Tenerife (Canary Islands, Spain)<\/title>\n<meta name=\"description\" content=\"What documents will you need when buying a home in Tenerife (Canary Islands)? A detailed guide from VYM Canarias Real Estate Agency.\" \/>\n<meta name=\"robots\" content=\"index, follow, max-snippet:-1, max-image-preview:large, max-video-preview:-1\" \/>\n<link rel=\"canonical\" href=\"https:\/\/alicantecenter.com\/fr\/informations\/documents\/\" \/>\n<meta property=\"og:locale\" content=\"fr_FR\" \/>\n<meta property=\"og:type\" content=\"article\" \/>\n<meta property=\"og:title\" content=\"Documents when buying property in Tenerife (Canary Islands, Spain)\" \/>\n<meta property=\"og:description\" content=\"What documents will you need when buying a home in Tenerife (Canary Islands)? A detailed guide from VYM Canarias Real Estate Agency.\" \/>\n<meta property=\"og:url\" content=\"https:\/\/alicantecenter.com\/fr\/informations\/documents\/\" \/>\n<meta property=\"og:site_name\" content=\"Alicante - VYM Canarias\" \/>\n<meta property=\"article:publisher\" content=\"https:\/\/www.facebook.com\/vym.canarias\" \/>\n<meta property=\"article:modified_time\" content=\"2021-10-19T14:22:48+00:00\" \/>\n<meta property=\"og:image\" content=\"https:\/\/alicantecenter.com\/wp-content\/uploads\/2019\/09\/vym-canarias-office-1.jpg\" \/>\n\t<meta property=\"og:image:width\" content=\"1920\" \/>\n\t<meta property=\"og:image:height\" content=\"350\" \/>\n\t<meta property=\"og:image:type\" content=\"image\/jpeg\" \/>\n<meta name=\"twitter:card\" content=\"summary_large_image\" \/>\n<meta name=\"twitter:label1\" content=\"Dur\u00e9e de lecture estim\u00e9e\" \/>\n\t<meta name=\"twitter:data1\" content=\"2 minutes\" \/>\n<script type=\"application\/ld+json\" class=\"yoast-schema-graph\">{\"@context\":\"https:\\\/\\\/schema.org\",\"@graph\":[{\"@type\":\"WebPage\",\"@id\":\"https:\\\/\\\/alicantecenter.com\\\/fr\\\/informations\\\/documents\\\/\",\"url\":\"https:\\\/\\\/alicantecenter.com\\\/fr\\\/informations\\\/documents\\\/\",\"name\":\"Documents when buying property in Tenerife (Canary Islands, Spain)\",\"isPartOf\":{\"@id\":\"https:\\\/\\\/alicantecenter.com\\\/fr\\\/#website\"},\"primaryImageOfPage\":{\"@id\":\"https:\\\/\\\/alicantecenter.com\\\/fr\\\/informations\\\/documents\\\/#primaryimage\"},\"image\":{\"@id\":\"https:\\\/\\\/alicantecenter.com\\\/fr\\\/informations\\\/documents\\\/#primaryimage\"},\"thumbnailUrl\":\"https:\\\/\\\/alicantecenter.com\\\/wp-content\\\/uploads\\\/2023\\\/06\\\/vym-canarias-office-2.jpeg\",\"datePublished\":\"2019-10-29T21:17:20+00:00\",\"dateModified\":\"2021-10-19T14:22:48+00:00\",\"description\":\"What documents will you need when buying a home in Tenerife (Canary Islands)? A detailed guide from VYM Canarias Real Estate Agency.\",\"breadcrumb\":{\"@id\":\"https:\\\/\\\/alicantecenter.com\\\/fr\\\/informations\\\/documents\\\/#breadcrumb\"},\"inLanguage\":\"fr-FR\",\"potentialAction\":[{\"@type\":\"ReadAction\",\"target\":[\"https:\\\/\\\/alicantecenter.com\\\/fr\\\/informations\\\/documents\\\/\"]}]},{\"@type\":\"ImageObject\",\"inLanguage\":\"fr-FR\",\"@id\":\"https:\\\/\\\/alicantecenter.com\\\/fr\\\/informations\\\/documents\\\/#primaryimage\",\"url\":\"https:\\\/\\\/alicantecenter.com\\\/wp-content\\\/uploads\\\/2023\\\/06\\\/vym-canarias-office-2.jpeg\",\"contentUrl\":\"https:\\\/\\\/alicantecenter.com\\\/wp-content\\\/uploads\\\/2023\\\/06\\\/vym-canarias-office-2.jpeg\",\"width\":1920,\"height\":350},{\"@type\":\"BreadcrumbList\",\"@id\":\"https:\\\/\\\/alicantecenter.com\\\/fr\\\/informations\\\/documents\\\/#breadcrumb\",\"itemListElement\":[{\"@type\":\"ListItem\",\"position\":1,\"name\":\"Home\",\"item\":\"https:\\\/\\\/alicantecenter.com\\\/fr\\\/\"},{\"@type\":\"ListItem\",\"position\":2,\"name\":\"Informations\",\"item\":\"https:\\\/\\\/alicantecenter.com\\\/fr\\\/info\\\/\"},{\"@type\":\"ListItem\",\"position\":3,\"name\":\"Documents\"}]},{\"@type\":\"WebSite\",\"@id\":\"https:\\\/\\\/alicantecenter.com\\\/fr\\\/#website\",\"url\":\"https:\\\/\\\/alicantecenter.com\\\/fr\\\/\",\"name\":\"Alicante - VYM Canarias\",\"description\":\"Real Estate - Alicante\",\"potentialAction\":[{\"@type\":\"SearchAction\",\"target\":{\"@type\":\"EntryPoint\",\"urlTemplate\":\"https:\\\/\\\/alicantecenter.com\\\/fr\\\/?s={search_term_string}\"},\"query-input\":{\"@type\":\"PropertyValueSpecification\",\"valueRequired\":true,\"valueName\":\"search_term_string\"}}],\"inLanguage\":\"fr-FR\"}]}<\/script>\n<!-- \/ Yoast SEO plugin. -->","yoast_head_json":{"title":"Documents when buying property in Tenerife (Canary Islands, Spain)","description":"What documents will you need when buying a home in Tenerife (Canary Islands)? A detailed guide from VYM Canarias Real Estate Agency.","robots":{"index":"index","follow":"follow","max-snippet":"max-snippet:-1","max-image-preview":"max-image-preview:large","max-video-preview":"max-video-preview:-1"},"canonical":"https:\/\/alicantecenter.com\/fr\/informations\/documents\/","og_locale":"fr_FR","og_type":"article","og_title":"Documents when buying property in Tenerife (Canary Islands, Spain)","og_description":"What documents will you need when buying a home in Tenerife (Canary Islands)? A detailed guide from VYM Canarias Real Estate Agency.","og_url":"https:\/\/alicantecenter.com\/fr\/informations\/documents\/","og_site_name":"Alicante - VYM Canarias","article_publisher":"https:\/\/www.facebook.com\/vym.canarias","article_modified_time":"2021-10-19T14:22:48+00:00","og_image":[{"width":1920,"height":350,"url":"https:\/\/alicantecenter.com\/wp-content\/uploads\/2019\/09\/vym-canarias-office-1.jpg","type":"image\/jpeg"}],"twitter_card":"summary_large_image","twitter_misc":{"Dur\u00e9e de lecture estim\u00e9e":"2 minutes"},"schema":{"@context":"https:\/\/schema.org","@graph":[{"@type":"WebPage","@id":"https:\/\/alicantecenter.com\/fr\/informations\/documents\/","url":"https:\/\/alicantecenter.com\/fr\/informations\/documents\/","name":"Documents when buying property in Tenerife (Canary Islands, Spain)","isPartOf":{"@id":"https:\/\/alicantecenter.com\/fr\/#website"},"primaryImageOfPage":{"@id":"https:\/\/alicantecenter.com\/fr\/informations\/documents\/#primaryimage"},"image":{"@id":"https:\/\/alicantecenter.com\/fr\/informations\/documents\/#primaryimage"},"thumbnailUrl":"https:\/\/alicantecenter.com\/wp-content\/uploads\/2023\/06\/vym-canarias-office-2.jpeg","datePublished":"2019-10-29T21:17:20+00:00","dateModified":"2021-10-19T14:22:48+00:00","description":"What documents will you need when buying a home in Tenerife (Canary Islands)? A detailed guide from VYM Canarias Real Estate Agency.","breadcrumb":{"@id":"https:\/\/alicantecenter.com\/fr\/informations\/documents\/#breadcrumb"},"inLanguage":"fr-FR","potentialAction":[{"@type":"ReadAction","target":["https:\/\/alicantecenter.com\/fr\/informations\/documents\/"]}]},{"@type":"ImageObject","inLanguage":"fr-FR","@id":"https:\/\/alicantecenter.com\/fr\/informations\/documents\/#primaryimage","url":"https:\/\/alicantecenter.com\/wp-content\/uploads\/2023\/06\/vym-canarias-office-2.jpeg","contentUrl":"https:\/\/alicantecenter.com\/wp-content\/uploads\/2023\/06\/vym-canarias-office-2.jpeg","width":1920,"height":350},{"@type":"BreadcrumbList","@id":"https:\/\/alicantecenter.com\/fr\/informations\/documents\/#breadcrumb","itemListElement":[{"@type":"ListItem","position":1,"name":"Home","item":"https:\/\/alicantecenter.com\/fr\/"},{"@type":"ListItem","position":2,"name":"Informations","item":"https:\/\/alicantecenter.com\/fr\/info\/"},{"@type":"ListItem","position":3,"name":"Documents"}]},{"@type":"WebSite","@id":"https:\/\/alicantecenter.com\/fr\/#website","url":"https:\/\/alicantecenter.com\/fr\/","name":"Alicante - VYM Canarias","description":"Real Estate - Alicante","potentialAction":[{"@type":"SearchAction","target":{"@type":"EntryPoint","urlTemplate":"https:\/\/alicantecenter.com\/fr\/?s={search_term_string}"},"query-input":{"@type":"PropertyValueSpecification","valueRequired":true,"valueName":"search_term_string"}}],"inLanguage":"fr-FR"}]}},"_links":{"self":[{"href":"https:\/\/alicantecenter.com\/fr\/wp-json\/wp\/v2\/pages\/172318","targetHints":{"allow":["GET"]}}],"collection":[{"href":"https:\/\/alicantecenter.com\/fr\/wp-json\/wp\/v2\/pages"}],"about":[{"href":"https:\/\/alicantecenter.com\/fr\/wp-json\/wp\/v2\/types\/page"}],"author":[{"embeddable":true,"href":"https:\/\/alicantecenter.com\/fr\/wp-json\/wp\/v2\/users\/1"}],"replies":[{"embeddable":true,"href":"https:\/\/alicantecenter.com\/fr\/wp-json\/wp\/v2\/comments?post=172318"}],"version-history":[{"count":0,"href":"https:\/\/alicantecenter.com\/fr\/wp-json\/wp\/v2\/pages\/172318\/revisions"}],"up":[{"embeddable":true,"href":"https:\/\/alicantecenter.com\/fr\/wp-json\/wp\/v2\/pages\/172316"}],"wp:featuredmedia":[{"embeddable":true,"href":"https:\/\/alicantecenter.com\/fr\/wp-json\/wp\/v2\/media\/256050"}],"wp:attachment":[{"href":"https:\/\/alicantecenter.com\/fr\/wp-json\/wp\/v2\/media?parent=172318"}],"curies":[{"name":"wp","href":"https:\/\/api.w.org\/{rel}","templated":true}]}}