{"id":5055,"date":"2019-10-30T17:38:11","date_gmt":"2019-10-30T17:38:11","guid":{"rendered":"https:\/\/tenerifecenter.dev-evocode.net\/?page_id=5055"},"modified":"2023-06-25T12:35:50","modified_gmt":"2023-06-25T12:35:50","slug":"documentos","status":"publish","type":"page","link":"https:\/\/alicantecenter.com\/es\/info\/documentos\/","title":{"rendered":"Documentos"},"content":{"rendered":"<p>En esta secci\u00f3n reunimos los paquetes de documentaci\u00f3n necesarios para los tr\u00e1mites de vuestro inter\u00e9s. T\u00e9ngase en cuenta que todos los documentos deben estar traducidos al Espa\u00f1ol y legalizados para ser usados en el pa\u00eds, esto puede ser a trav\u00e9s del apostillado, una traducci\u00f3n jurada o la legalizaci\u00f3n por el Consulado de Espa\u00f1a. Asimismo, deber\u00e1n aportarse los originales de toda la documentaci\u00f3n antes de la firma de la escritura de compraventa.<\/p>\r\n\r\n<p>Estos son los documentos necesarios para los siguientes tr\u00e1mites: <\/p>\r\n\r\n<h2> Solicitud del NIE<\/h2>\r\n\r\n<ul>\r\n  <li>Impreso de la solicitud rellena con sus datos<\/li>\r\n  <li>Pago de la tasa con el sello del banco<\/li>\r\n  <li>Copia del pasaporte y su original<\/li>\r\n  <li>El poder correspondiente en caso de ser un representante<\/li>\r\n<\/ul>\r\n\r\n<h2>Apertura de una cuenta bancaria en un banco espa\u00f1ol<\/h2>\r\n\r\n<ul>\r\n  <li>N\u00famero de identificaci\u00f3n de extranjeros (NIE)<\/li>\r\n  <li>Pasaporte extranjero en vigor<\/li>\r\n  <li>Por petici\u00f3n de banco, justificante de la compra o reserva de una propiedad para su adquisici\u00f3n<\/li>\r\n  <li>Acreditaci\u00f3n de las fuentes del capital<\/li>\r\n<\/ul>\r\n\r\n<h2>Formalizaci\u00f3n de la hipoteca<\/h2>\r\n\r\n<ul>\r\n  <li>Extracto de los movimientos bancarios de los \u00faltimos 12 meses<\/li>\r\n  <li>Declaraci\u00f3n de la renta del periodo de los \u00faltimos 2 a\u00f1os<\/li>\r\n  <li>Contrato laboral<\/li>\r\n  <li>Certificado de propiedad sin hipoteca<\/li>\r\n  <li>Certificado laboral en el cual se indique tanto la posici\u00f3n ocupada, como el salario percibido<\/li>\r\n  <li>Historial crediticio<\/li>\r\n  <li>Otros documentos que acrediten fuentes de ingreso externas a la actividad principal (puede solicitarse para hipotecas superiores a 500.000 euros)<\/li>\r\n<\/ul>","protected":false},"excerpt":{"rendered":"<p>En esta secci\u00f3n reunimos los paquetes de documentaci\u00f3n necesarios para los tr\u00e1mites de vuestro inter\u00e9s. T\u00e9ngase en cuenta que todos los documentos deben estar traducidos al Espa\u00f1ol y legalizados para ser usados en el pa\u00eds, esto puede ser a trav\u00e9s del apostillado, una traducci\u00f3n jurada o la legalizaci\u00f3n por el Consulado de Espa\u00f1a. Asimismo, deber\u00e1n [&hellip;]<\/p>\n","protected":false},"author":1,"featured_media":256011,"parent":3298,"menu_order":0,"comment_status":"closed","ping_status":"closed","template":"","meta":{"_acf_changed":false,"footnotes":""},"class_list":["post-5055","page","type-page","status-publish","has-post-thumbnail","hentry"],"acf":[],"yoast_head":"<!-- This site is optimized with the Yoast SEO plugin v27.3 - https:\/\/yoast.com\/product\/yoast-seo-wordpress\/ -->\n<title>Documentos al comprar una propiedad en Tenerife (Islas Canarias, Espa\u00f1a)<\/title>\n<meta name=\"description\" content=\"\u00bfQu\u00e9 documentos necesitar\u00e1 para comprar una casa en Tenerife (Islas Canarias)? Una gu\u00eda detallada de la Agencia Inmobiliaria VYM Canarias.\" \/>\n<meta name=\"robots\" content=\"index, follow, max-snippet:-1, max-image-preview:large, max-video-preview:-1\" \/>\n<link rel=\"canonical\" href=\"https:\/\/alicantecenter.com\/es\/info\/documentos\/\" \/>\n<meta property=\"og:locale\" content=\"es_ES\" \/>\n<meta property=\"og:type\" content=\"article\" \/>\n<meta property=\"og:title\" content=\"Documentos al comprar una propiedad en Tenerife (Islas Canarias, Espa\u00f1a)\" \/>\n<meta property=\"og:description\" content=\"\u00bfQu\u00e9 documentos necesitar\u00e1 para comprar una casa en Tenerife (Islas Canarias)? Una gu\u00eda detallada de la Agencia Inmobiliaria VYM Canarias.\" \/>\n<meta property=\"og:url\" content=\"https:\/\/alicantecenter.com\/es\/info\/documentos\/\" \/>\n<meta property=\"og:site_name\" content=\"Alicante - VYM Canarias\" \/>\n<meta property=\"article:publisher\" content=\"https:\/\/www.facebook.com\/vym.canarias\" \/>\n<meta property=\"article:modified_time\" content=\"2023-06-25T12:35:50+00:00\" \/>\n<meta property=\"og:image\" content=\"https:\/\/alicantecenter.com\/wp-content\/uploads\/2023\/06\/vym-canarias-office-2.jpeg\" \/>\n\t<meta property=\"og:image:width\" content=\"1920\" \/>\n\t<meta property=\"og:image:height\" content=\"350\" \/>\n\t<meta property=\"og:image:type\" content=\"image\/jpeg\" \/>\n<meta name=\"twitter:card\" content=\"summary_large_image\" \/>\n<meta name=\"twitter:label1\" content=\"Tiempo de lectura\" \/>\n\t<meta name=\"twitter:data1\" content=\"1 minuto\" \/>\n<script type=\"application\/ld+json\" class=\"yoast-schema-graph\">{\"@context\":\"https:\\\/\\\/schema.org\",\"@graph\":[{\"@type\":\"WebPage\",\"@id\":\"https:\\\/\\\/alicantecenter.com\\\/es\\\/info\\\/documentos\\\/\",\"url\":\"https:\\\/\\\/alicantecenter.com\\\/es\\\/info\\\/documentos\\\/\",\"name\":\"Documentos al comprar una propiedad en Tenerife (Islas Canarias, Espa\u00f1a)\",\"isPartOf\":{\"@id\":\"https:\\\/\\\/alicantecenter.com\\\/es\\\/#website\"},\"primaryImageOfPage\":{\"@id\":\"https:\\\/\\\/alicantecenter.com\\\/es\\\/info\\\/documentos\\\/#primaryimage\"},\"image\":{\"@id\":\"https:\\\/\\\/alicantecenter.com\\\/es\\\/info\\\/documentos\\\/#primaryimage\"},\"thumbnailUrl\":\"https:\\\/\\\/alicantecenter.com\\\/wp-content\\\/uploads\\\/2023\\\/06\\\/vym-canarias-office-2.jpeg\",\"datePublished\":\"2019-10-30T17:38:11+00:00\",\"dateModified\":\"2023-06-25T12:35:50+00:00\",\"description\":\"\u00bfQu\u00e9 documentos necesitar\u00e1 para comprar una casa en Tenerife (Islas Canarias)? Una gu\u00eda detallada de la Agencia Inmobiliaria VYM Canarias.\",\"breadcrumb\":{\"@id\":\"https:\\\/\\\/alicantecenter.com\\\/es\\\/info\\\/documentos\\\/#breadcrumb\"},\"inLanguage\":\"es\",\"potentialAction\":[{\"@type\":\"ReadAction\",\"target\":[\"https:\\\/\\\/alicantecenter.com\\\/es\\\/info\\\/documentos\\\/\"]}]},{\"@type\":\"ImageObject\",\"inLanguage\":\"es\",\"@id\":\"https:\\\/\\\/alicantecenter.com\\\/es\\\/info\\\/documentos\\\/#primaryimage\",\"url\":\"https:\\\/\\\/alicantecenter.com\\\/wp-content\\\/uploads\\\/2023\\\/06\\\/vym-canarias-office-2.jpeg\",\"contentUrl\":\"https:\\\/\\\/alicantecenter.com\\\/wp-content\\\/uploads\\\/2023\\\/06\\\/vym-canarias-office-2.jpeg\",\"width\":1920,\"height\":350},{\"@type\":\"BreadcrumbList\",\"@id\":\"https:\\\/\\\/alicantecenter.com\\\/es\\\/info\\\/documentos\\\/#breadcrumb\",\"itemListElement\":[{\"@type\":\"ListItem\",\"position\":1,\"name\":\"Home\",\"item\":\"https:\\\/\\\/alicantecenter.com\\\/es\\\/\"},{\"@type\":\"ListItem\",\"position\":2,\"name\":\"Informaci\u00f3n\",\"item\":\"https:\\\/\\\/alicantecenter.com\\\/es\\\/info\\\/\"},{\"@type\":\"ListItem\",\"position\":3,\"name\":\"Documentos\"}]},{\"@type\":\"WebSite\",\"@id\":\"https:\\\/\\\/alicantecenter.com\\\/es\\\/#website\",\"url\":\"https:\\\/\\\/alicantecenter.com\\\/es\\\/\",\"name\":\"Alicante - VYM Canarias\",\"description\":\"Real Estate - Alicante\",\"potentialAction\":[{\"@type\":\"SearchAction\",\"target\":{\"@type\":\"EntryPoint\",\"urlTemplate\":\"https:\\\/\\\/alicantecenter.com\\\/es\\\/?s={search_term_string}\"},\"query-input\":{\"@type\":\"PropertyValueSpecification\",\"valueRequired\":true,\"valueName\":\"search_term_string\"}}],\"inLanguage\":\"es\"}]}<\/script>\n<!-- \/ Yoast SEO plugin. -->","yoast_head_json":{"title":"Documentos al comprar una propiedad en Tenerife (Islas Canarias, Espa\u00f1a)","description":"\u00bfQu\u00e9 documentos necesitar\u00e1 para comprar una casa en Tenerife (Islas Canarias)? Una gu\u00eda detallada de la Agencia Inmobiliaria VYM Canarias.","robots":{"index":"index","follow":"follow","max-snippet":"max-snippet:-1","max-image-preview":"max-image-preview:large","max-video-preview":"max-video-preview:-1"},"canonical":"https:\/\/alicantecenter.com\/es\/info\/documentos\/","og_locale":"es_ES","og_type":"article","og_title":"Documentos al comprar una propiedad en Tenerife (Islas Canarias, Espa\u00f1a)","og_description":"\u00bfQu\u00e9 documentos necesitar\u00e1 para comprar una casa en Tenerife (Islas Canarias)? Una gu\u00eda detallada de la Agencia Inmobiliaria VYM Canarias.","og_url":"https:\/\/alicantecenter.com\/es\/info\/documentos\/","og_site_name":"Alicante - VYM Canarias","article_publisher":"https:\/\/www.facebook.com\/vym.canarias","article_modified_time":"2023-06-25T12:35:50+00:00","og_image":[{"width":1920,"height":350,"url":"https:\/\/alicantecenter.com\/wp-content\/uploads\/2023\/06\/vym-canarias-office-2.jpeg","type":"image\/jpeg"}],"twitter_card":"summary_large_image","twitter_misc":{"Tiempo de lectura":"1 minuto"},"schema":{"@context":"https:\/\/schema.org","@graph":[{"@type":"WebPage","@id":"https:\/\/alicantecenter.com\/es\/info\/documentos\/","url":"https:\/\/alicantecenter.com\/es\/info\/documentos\/","name":"Documentos al comprar una propiedad en Tenerife (Islas Canarias, Espa\u00f1a)","isPartOf":{"@id":"https:\/\/alicantecenter.com\/es\/#website"},"primaryImageOfPage":{"@id":"https:\/\/alicantecenter.com\/es\/info\/documentos\/#primaryimage"},"image":{"@id":"https:\/\/alicantecenter.com\/es\/info\/documentos\/#primaryimage"},"thumbnailUrl":"https:\/\/alicantecenter.com\/wp-content\/uploads\/2023\/06\/vym-canarias-office-2.jpeg","datePublished":"2019-10-30T17:38:11+00:00","dateModified":"2023-06-25T12:35:50+00:00","description":"\u00bfQu\u00e9 documentos necesitar\u00e1 para comprar una casa en Tenerife (Islas Canarias)? Una gu\u00eda detallada de la Agencia Inmobiliaria VYM Canarias.","breadcrumb":{"@id":"https:\/\/alicantecenter.com\/es\/info\/documentos\/#breadcrumb"},"inLanguage":"es","potentialAction":[{"@type":"ReadAction","target":["https:\/\/alicantecenter.com\/es\/info\/documentos\/"]}]},{"@type":"ImageObject","inLanguage":"es","@id":"https:\/\/alicantecenter.com\/es\/info\/documentos\/#primaryimage","url":"https:\/\/alicantecenter.com\/wp-content\/uploads\/2023\/06\/vym-canarias-office-2.jpeg","contentUrl":"https:\/\/alicantecenter.com\/wp-content\/uploads\/2023\/06\/vym-canarias-office-2.jpeg","width":1920,"height":350},{"@type":"BreadcrumbList","@id":"https:\/\/alicantecenter.com\/es\/info\/documentos\/#breadcrumb","itemListElement":[{"@type":"ListItem","position":1,"name":"Home","item":"https:\/\/alicantecenter.com\/es\/"},{"@type":"ListItem","position":2,"name":"Informaci\u00f3n","item":"https:\/\/alicantecenter.com\/es\/info\/"},{"@type":"ListItem","position":3,"name":"Documentos"}]},{"@type":"WebSite","@id":"https:\/\/alicantecenter.com\/es\/#website","url":"https:\/\/alicantecenter.com\/es\/","name":"Alicante - VYM Canarias","description":"Real Estate - Alicante","potentialAction":[{"@type":"SearchAction","target":{"@type":"EntryPoint","urlTemplate":"https:\/\/alicantecenter.com\/es\/?s={search_term_string}"},"query-input":{"@type":"PropertyValueSpecification","valueRequired":true,"valueName":"search_term_string"}}],"inLanguage":"es"}]}},"_links":{"self":[{"href":"https:\/\/alicantecenter.com\/es\/wp-json\/wp\/v2\/pages\/5055","targetHints":{"allow":["GET"]}}],"collection":[{"href":"https:\/\/alicantecenter.com\/es\/wp-json\/wp\/v2\/pages"}],"about":[{"href":"https:\/\/alicantecenter.com\/es\/wp-json\/wp\/v2\/types\/page"}],"author":[{"embeddable":true,"href":"https:\/\/alicantecenter.com\/es\/wp-json\/wp\/v2\/users\/1"}],"replies":[{"embeddable":true,"href":"https:\/\/alicantecenter.com\/es\/wp-json\/wp\/v2\/comments?post=5055"}],"version-history":[{"count":0,"href":"https:\/\/alicantecenter.com\/es\/wp-json\/wp\/v2\/pages\/5055\/revisions"}],"up":[{"embeddable":true,"href":"https:\/\/alicantecenter.com\/es\/wp-json\/wp\/v2\/pages\/3298"}],"wp:featuredmedia":[{"embeddable":true,"href":"https:\/\/alicantecenter.com\/es\/wp-json\/wp\/v2\/media\/256011"}],"wp:attachment":[{"href":"https:\/\/alicantecenter.com\/es\/wp-json\/wp\/v2\/media?parent=5055"}],"curies":[{"name":"wp","href":"https:\/\/api.w.org\/{rel}","templated":true}]}}