{"id":5038,"date":"2019-10-29T21:04:25","date_gmt":"2019-10-29T21:04:25","guid":{"rendered":"https:\/\/tenerifecenter.dev-evocode.net\/?page_id=5038"},"modified":"2022-07-03T13:54:48","modified_gmt":"2022-07-03T13:54:48","slug":"orden-de-formalizacion-de-las-transacciones-inmobiliarias","status":"publish","type":"page","link":"https:\/\/alicantecenter.com\/es\/info\/orden-de-formalizacion-de-las-transacciones-inmobiliarias\/","title":{"rendered":"Orden de formalizaci\u00f3n de las transacciones inmobiliarias"},"content":{"rendered":"<p>Tanto los residentes del pa\u00eds, como los no residentes, poseen los mismos derechos a la hora de adquirir una propiedad en el territorio nacional. El mercado inmobiliario espa\u00f1ol posee gran variedad de elecci\u00f3n, con lo cual, el servicio de nuestros profesionales del sector se basa en el acompa\u00f1amiento del cliente desde el comienzo de la b\u00fasqueda, orientando la misma m\u00e1ximamente a los deseos del interesado.<\/p>\r\n\r\n<h2>El proceso se lleva a cabo en las siguientes etapas:<\/h2>\r\n\r\n<ol>\r\n    <li>B\u00fasqueda y selecci\u00f3n de la propiedad adopta a los deseos del comprador. Los agentes de VYM le acompa\u00f1ar\u00e1n desde el comienzo de la b\u00fasqueda y le ofrecer\u00e1n las mejores opciones disponibles para satisfacer m\u00e1ximamente sus necesidades en referencia al inmueble buscado.<\/li>\r\n    <li>Reserva. Se llevar\u00e1 a cabo una reserva de la propiedad, que garantice los intereses de ambas partes de la compra-venta, a trav\u00e9s de un dep\u00f3sito que formar\u00e1 parte del precio de compra de la propiedad.<\/li>\r\n    <li>Apertura de la cuenta en un banco espa\u00f1ol.<\/li>\r\n    <li>Tramitaci\u00f3n del NIE para los contratos de adquisici\u00f3n del inmueble.<\/li>\r\n    <li>Formalizaci\u00f3n de la escritura de compraventa ante notario. La firma de dicho documento se llevar\u00e1  a cabo ante un notario espa\u00f1ol por ambas partes de los contratantes. En ese mismo momento se realizar\u00e1 la entrega de las llaves y el notario se ocupar\u00e1 del env\u00edo al Registro de la formalizaci\u00f3n de la transacci\u00f3n.<\/li>\r\n    <li>Una vez realizado esto, se traspasar\u00e1 a nombre del nuevo propietario los gastos de los servicios del inmueble y los impuestos del mismo, con el soporte del agente VYM.<\/li>\r\n<\/ol>\r\n\r\n<h2>Impuestos y tasas.<\/h2>\r\n\r\n<p>En la compra de un inmueble el comprador deber\u00e1 afrontar una serie de gastos, entre los cuales los impuestos. Estos se determinan en funci\u00f3n del tipo de propiedad que se adquiere, en caso de ser de nueva construcci\u00f3n ser\u00e1 el pago del IVA, equivalente al 10% sobre el precio de la vivienda en la autonom\u00eda Valenciana. Adem\u00e1s, ser\u00e1 a cuenta del comprador el pago del IAJD, impuesto correspondiente  a los actos jur\u00eddicos documentados, equivalente al 1,5% en la Comunidad Valenciana.<\/p>\r\n\r\n<p>La adquisici\u00f3n de una propiedad de segunda mano conlleva el pago de Impuesto de Transmisiones Patrimoniales equivalente, del mismo modo, al 10% del precio de la propiedad (Impuesto Auton\u00f3mico).<\/p>\r\n\r\n<p>En el caso de obtener un pr\u00e9stamos hipotecario para la compra del bien inmueble, el comprador tambi\u00e9n deber\u00e1 afrontar los siguientes costes:<\/p>\r\n\r\n<ul>\r\n    <li>IAJD en la cantidad del 0,1% al 2% del valor de la vivienda;<\/li>\r\n    <li>Tasaci\u00f3n de la propiedad. Se tratar\u00e1 de un coste de entre 200 y 500 euros, o bien, de entre 500 y 1.500 euros para inmuebles de lujo;<\/li>\r\n    <li>Comisi\u00f3n bancaria por la apertura de la hipoteca;<\/li>\r\n    <li>Seguro inmobiliario.<\/li>\r\n<\/ul>","protected":false},"excerpt":{"rendered":"<p>Tanto los residentes del pa\u00eds, como los no residentes, poseen los mismos derechos a la hora de adquirir una propiedad en el territorio nacional. El mercado inmobiliario espa\u00f1ol posee gran variedad de elecci\u00f3n, con lo cual, el servicio de nuestros profesionales del sector se basa en el acompa\u00f1amiento del cliente desde el comienzo de la [&hellip;]<\/p>\n","protected":false},"author":1,"featured_media":256011,"parent":3298,"menu_order":0,"comment_status":"closed","ping_status":"closed","template":"","meta":{"_acf_changed":false,"footnotes":""},"class_list":["post-5038","page","type-page","status-publish","has-post-thumbnail","hentry"],"acf":[],"yoast_head":"<!-- This site is optimized with the Yoast SEO plugin v27.4 - https:\/\/yoast.com\/product\/yoast-seo-wordpress\/ -->\n<title>El procedimiento para el registro de transacciones inmobiliarias en Tenerife<\/title>\n<meta name=\"description\" content=\"\u00bfPlanea comprar una propiedad en Tenerife (Espa\u00f1a)? El procedimiento para procesar transacciones: instrucciones de VYM Canarias. Etapas de compra, impuestos y tasas.\" \/>\n<meta name=\"robots\" content=\"index, follow, max-snippet:-1, max-image-preview:large, max-video-preview:-1\" \/>\n<link rel=\"canonical\" href=\"https:\/\/alicantecenter.com\/es\/info\/orden-de-formalizacion-de-las-transacciones-inmobiliarias\/\" \/>\n<meta property=\"og:locale\" content=\"es_ES\" \/>\n<meta property=\"og:type\" content=\"article\" \/>\n<meta property=\"og:title\" content=\"El procedimiento para el registro de transacciones inmobiliarias en Tenerife\" \/>\n<meta property=\"og:description\" content=\"\u00bfPlanea comprar una propiedad en Tenerife (Espa\u00f1a)? El procedimiento para procesar transacciones: instrucciones de VYM Canarias. Etapas de compra, impuestos y tasas.\" \/>\n<meta property=\"og:url\" content=\"https:\/\/alicantecenter.com\/es\/info\/orden-de-formalizacion-de-las-transacciones-inmobiliarias\/\" \/>\n<meta property=\"og:site_name\" content=\"Alicante - VYM Canarias\" \/>\n<meta property=\"article:publisher\" content=\"https:\/\/www.facebook.com\/vym.canarias\" \/>\n<meta property=\"article:modified_time\" content=\"2022-07-03T13:54:48+00:00\" \/>\n<meta property=\"og:image\" content=\"https:\/\/alicantecenter.com\/wp-content\/uploads\/2019\/09\/vym-canarias-office-1.jpg\" \/>\n\t<meta property=\"og:image:width\" content=\"1920\" \/>\n\t<meta property=\"og:image:height\" content=\"350\" \/>\n\t<meta property=\"og:image:type\" content=\"image\/jpeg\" \/>\n<meta name=\"twitter:card\" content=\"summary_large_image\" \/>\n<meta name=\"twitter:label1\" content=\"Tiempo de lectura\" \/>\n\t<meta name=\"twitter:data1\" content=\"2 minutos\" \/>\n<script type=\"application\/ld+json\" class=\"yoast-schema-graph\">{\"@context\":\"https:\\\/\\\/schema.org\",\"@graph\":[{\"@type\":\"WebPage\",\"@id\":\"https:\\\/\\\/alicantecenter.com\\\/es\\\/info\\\/orden-de-formalizacion-de-las-transacciones-inmobiliarias\\\/\",\"url\":\"https:\\\/\\\/alicantecenter.com\\\/es\\\/info\\\/orden-de-formalizacion-de-las-transacciones-inmobiliarias\\\/\",\"name\":\"El procedimiento para el registro de transacciones inmobiliarias en Tenerife\",\"isPartOf\":{\"@id\":\"https:\\\/\\\/alicantecenter.com\\\/es\\\/#website\"},\"primaryImageOfPage\":{\"@id\":\"https:\\\/\\\/alicantecenter.com\\\/es\\\/info\\\/orden-de-formalizacion-de-las-transacciones-inmobiliarias\\\/#primaryimage\"},\"image\":{\"@id\":\"https:\\\/\\\/alicantecenter.com\\\/es\\\/info\\\/orden-de-formalizacion-de-las-transacciones-inmobiliarias\\\/#primaryimage\"},\"thumbnailUrl\":\"https:\\\/\\\/alicantecenter.com\\\/wp-content\\\/uploads\\\/2023\\\/06\\\/vym-canarias-office-2.jpeg\",\"datePublished\":\"2019-10-29T21:04:25+00:00\",\"dateModified\":\"2022-07-03T13:54:48+00:00\",\"description\":\"\u00bfPlanea comprar una propiedad en Tenerife (Espa\u00f1a)? El procedimiento para procesar transacciones: instrucciones de VYM Canarias. Etapas de compra, impuestos y tasas.\",\"breadcrumb\":{\"@id\":\"https:\\\/\\\/alicantecenter.com\\\/es\\\/info\\\/orden-de-formalizacion-de-las-transacciones-inmobiliarias\\\/#breadcrumb\"},\"inLanguage\":\"es\",\"potentialAction\":[{\"@type\":\"ReadAction\",\"target\":[\"https:\\\/\\\/alicantecenter.com\\\/es\\\/info\\\/orden-de-formalizacion-de-las-transacciones-inmobiliarias\\\/\"]}]},{\"@type\":\"ImageObject\",\"inLanguage\":\"es\",\"@id\":\"https:\\\/\\\/alicantecenter.com\\\/es\\\/info\\\/orden-de-formalizacion-de-las-transacciones-inmobiliarias\\\/#primaryimage\",\"url\":\"https:\\\/\\\/alicantecenter.com\\\/wp-content\\\/uploads\\\/2023\\\/06\\\/vym-canarias-office-2.jpeg\",\"contentUrl\":\"https:\\\/\\\/alicantecenter.com\\\/wp-content\\\/uploads\\\/2023\\\/06\\\/vym-canarias-office-2.jpeg\",\"width\":1920,\"height\":350},{\"@type\":\"BreadcrumbList\",\"@id\":\"https:\\\/\\\/alicantecenter.com\\\/es\\\/info\\\/orden-de-formalizacion-de-las-transacciones-inmobiliarias\\\/#breadcrumb\",\"itemListElement\":[{\"@type\":\"ListItem\",\"position\":1,\"name\":\"Home\",\"item\":\"https:\\\/\\\/alicantecenter.com\\\/es\\\/\"},{\"@type\":\"ListItem\",\"position\":2,\"name\":\"Informaci\u00f3n\",\"item\":\"https:\\\/\\\/alicantecenter.com\\\/es\\\/info\\\/\"},{\"@type\":\"ListItem\",\"position\":3,\"name\":\"Orden de formalizaci\u00f3n de las transacciones inmobiliarias\"}]},{\"@type\":\"WebSite\",\"@id\":\"https:\\\/\\\/alicantecenter.com\\\/es\\\/#website\",\"url\":\"https:\\\/\\\/alicantecenter.com\\\/es\\\/\",\"name\":\"Alicante - VYM Canarias\",\"description\":\"Real Estate - Alicante\",\"potentialAction\":[{\"@type\":\"SearchAction\",\"target\":{\"@type\":\"EntryPoint\",\"urlTemplate\":\"https:\\\/\\\/alicantecenter.com\\\/es\\\/?s={search_term_string}\"},\"query-input\":{\"@type\":\"PropertyValueSpecification\",\"valueRequired\":true,\"valueName\":\"search_term_string\"}}],\"inLanguage\":\"es\"}]}<\/script>\n<!-- \/ Yoast SEO plugin. -->","yoast_head_json":{"title":"El procedimiento para el registro de transacciones inmobiliarias en Tenerife","description":"\u00bfPlanea comprar una propiedad en Tenerife (Espa\u00f1a)? El procedimiento para procesar transacciones: instrucciones de VYM Canarias. Etapas de compra, impuestos y tasas.","robots":{"index":"index","follow":"follow","max-snippet":"max-snippet:-1","max-image-preview":"max-image-preview:large","max-video-preview":"max-video-preview:-1"},"canonical":"https:\/\/alicantecenter.com\/es\/info\/orden-de-formalizacion-de-las-transacciones-inmobiliarias\/","og_locale":"es_ES","og_type":"article","og_title":"El procedimiento para el registro de transacciones inmobiliarias en Tenerife","og_description":"\u00bfPlanea comprar una propiedad en Tenerife (Espa\u00f1a)? El procedimiento para procesar transacciones: instrucciones de VYM Canarias. Etapas de compra, impuestos y tasas.","og_url":"https:\/\/alicantecenter.com\/es\/info\/orden-de-formalizacion-de-las-transacciones-inmobiliarias\/","og_site_name":"Alicante - VYM Canarias","article_publisher":"https:\/\/www.facebook.com\/vym.canarias","article_modified_time":"2022-07-03T13:54:48+00:00","og_image":[{"width":1920,"height":350,"url":"https:\/\/alicantecenter.com\/wp-content\/uploads\/2019\/09\/vym-canarias-office-1.jpg","type":"image\/jpeg"}],"twitter_card":"summary_large_image","twitter_misc":{"Tiempo de lectura":"2 minutos"},"schema":{"@context":"https:\/\/schema.org","@graph":[{"@type":"WebPage","@id":"https:\/\/alicantecenter.com\/es\/info\/orden-de-formalizacion-de-las-transacciones-inmobiliarias\/","url":"https:\/\/alicantecenter.com\/es\/info\/orden-de-formalizacion-de-las-transacciones-inmobiliarias\/","name":"El procedimiento para el registro de transacciones inmobiliarias en Tenerife","isPartOf":{"@id":"https:\/\/alicantecenter.com\/es\/#website"},"primaryImageOfPage":{"@id":"https:\/\/alicantecenter.com\/es\/info\/orden-de-formalizacion-de-las-transacciones-inmobiliarias\/#primaryimage"},"image":{"@id":"https:\/\/alicantecenter.com\/es\/info\/orden-de-formalizacion-de-las-transacciones-inmobiliarias\/#primaryimage"},"thumbnailUrl":"https:\/\/alicantecenter.com\/wp-content\/uploads\/2023\/06\/vym-canarias-office-2.jpeg","datePublished":"2019-10-29T21:04:25+00:00","dateModified":"2022-07-03T13:54:48+00:00","description":"\u00bfPlanea comprar una propiedad en Tenerife (Espa\u00f1a)? El procedimiento para procesar transacciones: instrucciones de VYM Canarias. Etapas de compra, impuestos y tasas.","breadcrumb":{"@id":"https:\/\/alicantecenter.com\/es\/info\/orden-de-formalizacion-de-las-transacciones-inmobiliarias\/#breadcrumb"},"inLanguage":"es","potentialAction":[{"@type":"ReadAction","target":["https:\/\/alicantecenter.com\/es\/info\/orden-de-formalizacion-de-las-transacciones-inmobiliarias\/"]}]},{"@type":"ImageObject","inLanguage":"es","@id":"https:\/\/alicantecenter.com\/es\/info\/orden-de-formalizacion-de-las-transacciones-inmobiliarias\/#primaryimage","url":"https:\/\/alicantecenter.com\/wp-content\/uploads\/2023\/06\/vym-canarias-office-2.jpeg","contentUrl":"https:\/\/alicantecenter.com\/wp-content\/uploads\/2023\/06\/vym-canarias-office-2.jpeg","width":1920,"height":350},{"@type":"BreadcrumbList","@id":"https:\/\/alicantecenter.com\/es\/info\/orden-de-formalizacion-de-las-transacciones-inmobiliarias\/#breadcrumb","itemListElement":[{"@type":"ListItem","position":1,"name":"Home","item":"https:\/\/alicantecenter.com\/es\/"},{"@type":"ListItem","position":2,"name":"Informaci\u00f3n","item":"https:\/\/alicantecenter.com\/es\/info\/"},{"@type":"ListItem","position":3,"name":"Orden de formalizaci\u00f3n de las transacciones inmobiliarias"}]},{"@type":"WebSite","@id":"https:\/\/alicantecenter.com\/es\/#website","url":"https:\/\/alicantecenter.com\/es\/","name":"Alicante - VYM Canarias","description":"Real Estate - Alicante","potentialAction":[{"@type":"SearchAction","target":{"@type":"EntryPoint","urlTemplate":"https:\/\/alicantecenter.com\/es\/?s={search_term_string}"},"query-input":{"@type":"PropertyValueSpecification","valueRequired":true,"valueName":"search_term_string"}}],"inLanguage":"es"}]}},"_links":{"self":[{"href":"https:\/\/alicantecenter.com\/es\/wp-json\/wp\/v2\/pages\/5038","targetHints":{"allow":["GET"]}}],"collection":[{"href":"https:\/\/alicantecenter.com\/es\/wp-json\/wp\/v2\/pages"}],"about":[{"href":"https:\/\/alicantecenter.com\/es\/wp-json\/wp\/v2\/types\/page"}],"author":[{"embeddable":true,"href":"https:\/\/alicantecenter.com\/es\/wp-json\/wp\/v2\/users\/1"}],"replies":[{"embeddable":true,"href":"https:\/\/alicantecenter.com\/es\/wp-json\/wp\/v2\/comments?post=5038"}],"version-history":[{"count":0,"href":"https:\/\/alicantecenter.com\/es\/wp-json\/wp\/v2\/pages\/5038\/revisions"}],"up":[{"embeddable":true,"href":"https:\/\/alicantecenter.com\/es\/wp-json\/wp\/v2\/pages\/3298"}],"wp:featuredmedia":[{"embeddable":true,"href":"https:\/\/alicantecenter.com\/es\/wp-json\/wp\/v2\/media\/256011"}],"wp:attachment":[{"href":"https:\/\/alicantecenter.com\/es\/wp-json\/wp\/v2\/media?parent=5038"}],"curies":[{"name":"wp","href":"https:\/\/api.w.org\/{rel}","templated":true}]}}