{"id":3304,"date":"2019-07-21T20:14:29","date_gmt":"2019-07-21T20:14:29","guid":{"rendered":"http:\/\/vym-wp.local\/info\/residence-permit-in-spain\/"},"modified":"2022-07-03T13:17:05","modified_gmt":"2022-07-03T13:17:05","slug":"permiso-residencia","status":"publish","type":"page","link":"https:\/\/alicantecenter.com\/es\/info\/permiso-residencia\/","title":{"rendered":"Permiso residencia"},"content":{"rendered":"<p>Para permanecer en Espa\u00f1a por un periodo de tiempo prolongado, superior al del visado, el gobierno ofrece a los extranjeros la posibilidad de solicitar un permiso de residencia. Dicha solicitud se regula seg\u00fan la ley \u201cSobre los derechos y libertades de los extranjeros en Espa\u00f1a y su integraci\u00f3n social\u201d. Entre las opciones existentes para obtener dicho permiso de residencia podemos encontrar:<\/p>\r\n\r\n<h2>Visado de Oro.<\/h2>\r\n\r\n<p>Esta modalidad permite a los extranjeros, desde el a\u00f1o 2013, obtener el permiso de permanencia y trabajo en Espa\u00f1a gracias a las inversiones que realicen en el pa\u00eds. Pueden disfrutar de dicha opci\u00f3n a trav\u00e9s de 4 tipos de inversiones:<\/p>\r\n\r\n<ul>\r\n \t<li>Compra de bienes inmuebles, sin hipoteca, por un importe igual o superior a 500.000 euros;<\/li>\r\n \t<li>Dep\u00f3sito de 1.000.000 de euros en un banco de Espa\u00f1a;<\/li>\r\n \t<li>Adquisici\u00f3n de participaciones de empresas o inversi\u00f3n en fondos por importes a partir de 1.000.000 de euros;<\/li>\r\n \t<li>Inversi\u00f3n de 2.000.000 de euros, o superior, en bonos de estado.<\/li>\r\n<\/ul>\r\n\r\n<p>Puede ser solicitado tanto en el pa\u00eds de residencia, en el consulado espa\u00f1ol, como en Espa\u00f1a, siempre que el solicitante se encuentre en el pa\u00eds en situaci\u00f3n legal.<\/p>\r\n\r\n<p>Dicha \u201cGolden Visa\u201d permite a sus posesores vivir y trabajar en Espa\u00f1a por un periodo de dos a\u00f1os con posibilidad de renovarla. Asimismo, existe la opci\u00f3n de reagrupar familiares cercanos: esposa\/esposo, hijos, padres, nietos.<\/p>\r\n\r\n<h2>El permiso de residencia de inversionista brinda a sus posesores numerosas ventajas, entre las cuales:<\/h2>\r\n\r\n<ul>\r\n \t<li>No se necesita permanecer en el pa\u00eds continuamente por m\u00e1s de 183 d\u00edas al a\u00f1o para poder pedir la renovaci\u00f3n del permiso.<\/li>\r\n \t<li>En caso de permanecer en el pa\u00eds por un periodo inferior de 183 d\u00edas, no se considerar\u00e1 Residente Fiscal, con lo cual no se ver\u00e1 en la obligaci\u00f3n de presentar la declaraci\u00f3n de impuestos.<\/li>\r\n \t<li>Adem\u00e1s, esta modalidad de permanencia da tambi\u00e9n el Derecho al Trabajo.<\/li>\r\n<\/ul>\r\n\r\n<h2>Permiso de residencia y trabajo por cuenta propia.<\/h2>\r\n\r\n<p>En este caso, se le permite a una persona presentar la solicitud del permiso de residencia ante extranjer\u00eda basada en la previsi\u00f3n de realizar en el territorio nacional un proyecto empresarial. Es decir, abrir una empresa contribuyendo a la econom\u00eda espa\u00f1ola. Para dicha solicitud ser\u00e1 necesario:<\/p>\r\n\r\n<ul>\r\n \t<li>Detallar un plan empresarial con una descripci\u00f3n exacta  de la actividad y las previsiones econ\u00f3micas de la misma.<\/li>\r\n \t<li>Contribuir a la creaci\u00f3n del empleo en Espa\u00f1a.<\/li>\r\n \t<li>Contribuir al desarrollo de la econom\u00eda y de la I+D en el pa\u00eds.<\/li>\r\n<\/ul>\r\n\r\n<h2>Permiso de residencia no lucrativa.<\/h2>\r\n\r\n<p>Esta modalidad permite solicitar el permiso de residencia en Espa\u00f1a declarando, por parte del solicitante, la solvencia para poder permanecer en el pa\u00eds por el tiempo de su duraci\u00f3n. Ello se determina a trav\u00e9s de la disponibilidad en las cuentas de una cantidad equivalente al 400% del IPREM, y el 100% por cada miembro de la familia reagrupado. Esta comienza con una duraci\u00f3n de un a\u00f1o y la posibilidad de prolongarse dos veces por otros dos a\u00f1os, llegando a un permiso de residencia de cinco a\u00f1os, el cual se convierte posteriormente en indeterminado.<\/p>\r\n\r\n<p>Para obtener dicha autorizaci\u00f3n se ha de declarar bien la posesi\u00f3n de un inmueble en Espa\u00f1a, o bien, un contrato de alquiler que proporcione una vivienda a la persona solicitante y sus familiares. En este caso, el autorizado no goza del permiso laboral en el territorio del pa\u00eds. <\/p>\r\n\r\n<h2>Permiso de residencia por Reagrupaci\u00f3n Familiar.<\/h2>\r\n\r\n<p>Esta opci\u00f3n permite a la persona que ya se encuentre en posesi\u00f3n de la autorizaci\u00f3n de residencia reagrupar a sus familiares en su lugar de residencia. El permiso de dichos familiares ser\u00e1 de la misma duraci\u00f3n que de la persona reagrupante y la documentaci\u00f3n necesaria se solicitar\u00e1 en funci\u00f3n del permiso principal del residente.<\/p>\r\n\r\n<h2>Permiso de residencia para estudiantes.<\/h2>\r\n\r\n<p>Los estudiantes gozar\u00e1n de la posibilidad de permanecer en el pa\u00eds por el tiempo de sus estudios y obtendr\u00e1n el permiso de trabajo a tiempo parcial, que sea compaginable con los estudios. Para su obtenci\u00f3n ser\u00e1 necesario presentar un certificado de conocimiento del idioma y de admisi\u00f3n a una instituci\u00f3n educativa, as\u00ed como de la disponibilidad de fondos para el alojamiento y el estudio.<\/p>\r\n\r\n<h2>Permiso de residencia de larga duraci\u00f3n.<\/h2>\r\n\r\n<p>Puede ser solicitada por aquellas personas que hayan permanecido legalmente en Espa\u00f1a por 5 a\u00f1os consecutivos o bien que est\u00e9n casados con un ciudadano espa\u00f1ol. Brinda a su posesor casi los mismos derechos de los ciudadanos de nacionalidad espa\u00f1ola, con la exclusi\u00f3n del derecho de voto en las elecciones, participaci\u00f3n en el servicio militar o el trabajo en los \u00f3rganos polic\u00edacos.<\/p>","protected":false},"excerpt":{"rendered":"<p>Para permanecer en Espa\u00f1a por un periodo de tiempo prolongado, superior al del visado, el gobierno ofrece a los extranjeros la posibilidad de solicitar un permiso de residencia. Dicha solicitud se regula seg\u00fan la ley \u201cSobre los derechos y libertades de los extranjeros en Espa\u00f1a y su integraci\u00f3n social\u201d. Entre las opciones existentes para obtener [&hellip;]<\/p>\n","protected":false},"author":1,"featured_media":256011,"parent":3298,"menu_order":0,"comment_status":"closed","ping_status":"closed","template":"","meta":{"_acf_changed":false,"footnotes":""},"class_list":["post-3304","page","type-page","status-publish","has-post-thumbnail","hentry"],"acf":[],"yoast_head":"<!-- This site is optimized with the Yoast SEO plugin v27.4 - https:\/\/yoast.com\/product\/yoast-seo-wordpress\/ -->\n<title>Permiso de residencia en Espa\u00f1a: c\u00f3mo obtener un permiso de residencia.<\/title>\n<meta name=\"description\" content=\"Todo lo que quer\u00eda saber para obtener un permiso de residencia en Espa\u00f1a. Registro de un permiso de residencia: informaci\u00f3n de la agencia inmobiliaria VYM Canarias.\" \/>\n<meta name=\"robots\" content=\"index, follow, max-snippet:-1, max-image-preview:large, max-video-preview:-1\" \/>\n<link rel=\"canonical\" href=\"https:\/\/alicantecenter.com\/es\/info\/permiso-residencia\/\" \/>\n<meta property=\"og:locale\" content=\"es_ES\" \/>\n<meta property=\"og:type\" content=\"article\" \/>\n<meta property=\"og:title\" content=\"Permiso de residencia en Espa\u00f1a: c\u00f3mo obtener un permiso de residencia.\" \/>\n<meta property=\"og:description\" content=\"Todo lo que quer\u00eda saber para obtener un permiso de residencia en Espa\u00f1a. Registro de un permiso de residencia: informaci\u00f3n de la agencia inmobiliaria VYM Canarias.\" \/>\n<meta property=\"og:url\" content=\"https:\/\/alicantecenter.com\/es\/info\/permiso-residencia\/\" \/>\n<meta property=\"og:site_name\" content=\"Alicante - VYM Canarias\" \/>\n<meta property=\"article:publisher\" content=\"https:\/\/www.facebook.com\/vym.canarias\" \/>\n<meta property=\"article:modified_time\" content=\"2022-07-03T13:17:05+00:00\" \/>\n<meta property=\"og:image\" content=\"https:\/\/alicantecenter.com\/wp-content\/uploads\/2019\/09\/vym-canarias-office-1.jpg\" \/>\n\t<meta property=\"og:image:width\" content=\"1920\" \/>\n\t<meta property=\"og:image:height\" content=\"350\" \/>\n\t<meta property=\"og:image:type\" content=\"image\/jpeg\" \/>\n<meta name=\"twitter:card\" content=\"summary_large_image\" \/>\n<meta name=\"twitter:label1\" content=\"Tiempo de lectura\" \/>\n\t<meta name=\"twitter:data1\" content=\"4 minutos\" \/>\n<script type=\"application\/ld+json\" class=\"yoast-schema-graph\">{\"@context\":\"https:\\\/\\\/schema.org\",\"@graph\":[{\"@type\":\"WebPage\",\"@id\":\"https:\\\/\\\/alicantecenter.com\\\/es\\\/info\\\/permiso-residencia\\\/\",\"url\":\"https:\\\/\\\/alicantecenter.com\\\/es\\\/info\\\/permiso-residencia\\\/\",\"name\":\"Permiso de residencia en Espa\u00f1a: c\u00f3mo obtener un permiso de residencia.\",\"isPartOf\":{\"@id\":\"https:\\\/\\\/alicantecenter.com\\\/es\\\/#website\"},\"primaryImageOfPage\":{\"@id\":\"https:\\\/\\\/alicantecenter.com\\\/es\\\/info\\\/permiso-residencia\\\/#primaryimage\"},\"image\":{\"@id\":\"https:\\\/\\\/alicantecenter.com\\\/es\\\/info\\\/permiso-residencia\\\/#primaryimage\"},\"thumbnailUrl\":\"https:\\\/\\\/alicantecenter.com\\\/wp-content\\\/uploads\\\/2023\\\/06\\\/vym-canarias-office-2.jpeg\",\"datePublished\":\"2019-07-21T20:14:29+00:00\",\"dateModified\":\"2022-07-03T13:17:05+00:00\",\"description\":\"Todo lo que quer\u00eda saber para obtener un permiso de residencia en Espa\u00f1a. Registro de un permiso de residencia: informaci\u00f3n de la agencia inmobiliaria VYM Canarias.\",\"breadcrumb\":{\"@id\":\"https:\\\/\\\/alicantecenter.com\\\/es\\\/info\\\/permiso-residencia\\\/#breadcrumb\"},\"inLanguage\":\"es\",\"potentialAction\":[{\"@type\":\"ReadAction\",\"target\":[\"https:\\\/\\\/alicantecenter.com\\\/es\\\/info\\\/permiso-residencia\\\/\"]}]},{\"@type\":\"ImageObject\",\"inLanguage\":\"es\",\"@id\":\"https:\\\/\\\/alicantecenter.com\\\/es\\\/info\\\/permiso-residencia\\\/#primaryimage\",\"url\":\"https:\\\/\\\/alicantecenter.com\\\/wp-content\\\/uploads\\\/2023\\\/06\\\/vym-canarias-office-2.jpeg\",\"contentUrl\":\"https:\\\/\\\/alicantecenter.com\\\/wp-content\\\/uploads\\\/2023\\\/06\\\/vym-canarias-office-2.jpeg\",\"width\":1920,\"height\":350},{\"@type\":\"BreadcrumbList\",\"@id\":\"https:\\\/\\\/alicantecenter.com\\\/es\\\/info\\\/permiso-residencia\\\/#breadcrumb\",\"itemListElement\":[{\"@type\":\"ListItem\",\"position\":1,\"name\":\"Home\",\"item\":\"https:\\\/\\\/alicantecenter.com\\\/es\\\/\"},{\"@type\":\"ListItem\",\"position\":2,\"name\":\"Informaci\u00f3n\",\"item\":\"https:\\\/\\\/alicantecenter.com\\\/es\\\/info\\\/\"},{\"@type\":\"ListItem\",\"position\":3,\"name\":\"Permiso residencia\"}]},{\"@type\":\"WebSite\",\"@id\":\"https:\\\/\\\/alicantecenter.com\\\/es\\\/#website\",\"url\":\"https:\\\/\\\/alicantecenter.com\\\/es\\\/\",\"name\":\"Alicante - VYM Canarias\",\"description\":\"Real Estate - Alicante\",\"potentialAction\":[{\"@type\":\"SearchAction\",\"target\":{\"@type\":\"EntryPoint\",\"urlTemplate\":\"https:\\\/\\\/alicantecenter.com\\\/es\\\/?s={search_term_string}\"},\"query-input\":{\"@type\":\"PropertyValueSpecification\",\"valueRequired\":true,\"valueName\":\"search_term_string\"}}],\"inLanguage\":\"es\"}]}<\/script>\n<!-- \/ Yoast SEO plugin. -->","yoast_head_json":{"title":"Permiso de residencia en Espa\u00f1a: c\u00f3mo obtener un permiso de residencia.","description":"Todo lo que quer\u00eda saber para obtener un permiso de residencia en Espa\u00f1a. Registro de un permiso de residencia: informaci\u00f3n de la agencia inmobiliaria VYM Canarias.","robots":{"index":"index","follow":"follow","max-snippet":"max-snippet:-1","max-image-preview":"max-image-preview:large","max-video-preview":"max-video-preview:-1"},"canonical":"https:\/\/alicantecenter.com\/es\/info\/permiso-residencia\/","og_locale":"es_ES","og_type":"article","og_title":"Permiso de residencia en Espa\u00f1a: c\u00f3mo obtener un permiso de residencia.","og_description":"Todo lo que quer\u00eda saber para obtener un permiso de residencia en Espa\u00f1a. Registro de un permiso de residencia: informaci\u00f3n de la agencia inmobiliaria VYM Canarias.","og_url":"https:\/\/alicantecenter.com\/es\/info\/permiso-residencia\/","og_site_name":"Alicante - VYM Canarias","article_publisher":"https:\/\/www.facebook.com\/vym.canarias","article_modified_time":"2022-07-03T13:17:05+00:00","og_image":[{"width":1920,"height":350,"url":"https:\/\/alicantecenter.com\/wp-content\/uploads\/2019\/09\/vym-canarias-office-1.jpg","type":"image\/jpeg"}],"twitter_card":"summary_large_image","twitter_misc":{"Tiempo de lectura":"4 minutos"},"schema":{"@context":"https:\/\/schema.org","@graph":[{"@type":"WebPage","@id":"https:\/\/alicantecenter.com\/es\/info\/permiso-residencia\/","url":"https:\/\/alicantecenter.com\/es\/info\/permiso-residencia\/","name":"Permiso de residencia en Espa\u00f1a: c\u00f3mo obtener un permiso de residencia.","isPartOf":{"@id":"https:\/\/alicantecenter.com\/es\/#website"},"primaryImageOfPage":{"@id":"https:\/\/alicantecenter.com\/es\/info\/permiso-residencia\/#primaryimage"},"image":{"@id":"https:\/\/alicantecenter.com\/es\/info\/permiso-residencia\/#primaryimage"},"thumbnailUrl":"https:\/\/alicantecenter.com\/wp-content\/uploads\/2023\/06\/vym-canarias-office-2.jpeg","datePublished":"2019-07-21T20:14:29+00:00","dateModified":"2022-07-03T13:17:05+00:00","description":"Todo lo que quer\u00eda saber para obtener un permiso de residencia en Espa\u00f1a. Registro de un permiso de residencia: informaci\u00f3n de la agencia inmobiliaria VYM Canarias.","breadcrumb":{"@id":"https:\/\/alicantecenter.com\/es\/info\/permiso-residencia\/#breadcrumb"},"inLanguage":"es","potentialAction":[{"@type":"ReadAction","target":["https:\/\/alicantecenter.com\/es\/info\/permiso-residencia\/"]}]},{"@type":"ImageObject","inLanguage":"es","@id":"https:\/\/alicantecenter.com\/es\/info\/permiso-residencia\/#primaryimage","url":"https:\/\/alicantecenter.com\/wp-content\/uploads\/2023\/06\/vym-canarias-office-2.jpeg","contentUrl":"https:\/\/alicantecenter.com\/wp-content\/uploads\/2023\/06\/vym-canarias-office-2.jpeg","width":1920,"height":350},{"@type":"BreadcrumbList","@id":"https:\/\/alicantecenter.com\/es\/info\/permiso-residencia\/#breadcrumb","itemListElement":[{"@type":"ListItem","position":1,"name":"Home","item":"https:\/\/alicantecenter.com\/es\/"},{"@type":"ListItem","position":2,"name":"Informaci\u00f3n","item":"https:\/\/alicantecenter.com\/es\/info\/"},{"@type":"ListItem","position":3,"name":"Permiso residencia"}]},{"@type":"WebSite","@id":"https:\/\/alicantecenter.com\/es\/#website","url":"https:\/\/alicantecenter.com\/es\/","name":"Alicante - VYM Canarias","description":"Real Estate - Alicante","potentialAction":[{"@type":"SearchAction","target":{"@type":"EntryPoint","urlTemplate":"https:\/\/alicantecenter.com\/es\/?s={search_term_string}"},"query-input":{"@type":"PropertyValueSpecification","valueRequired":true,"valueName":"search_term_string"}}],"inLanguage":"es"}]}},"_links":{"self":[{"href":"https:\/\/alicantecenter.com\/es\/wp-json\/wp\/v2\/pages\/3304","targetHints":{"allow":["GET"]}}],"collection":[{"href":"https:\/\/alicantecenter.com\/es\/wp-json\/wp\/v2\/pages"}],"about":[{"href":"https:\/\/alicantecenter.com\/es\/wp-json\/wp\/v2\/types\/page"}],"author":[{"embeddable":true,"href":"https:\/\/alicantecenter.com\/es\/wp-json\/wp\/v2\/users\/1"}],"replies":[{"embeddable":true,"href":"https:\/\/alicantecenter.com\/es\/wp-json\/wp\/v2\/comments?post=3304"}],"version-history":[{"count":0,"href":"https:\/\/alicantecenter.com\/es\/wp-json\/wp\/v2\/pages\/3304\/revisions"}],"up":[{"embeddable":true,"href":"https:\/\/alicantecenter.com\/es\/wp-json\/wp\/v2\/pages\/3298"}],"wp:featuredmedia":[{"embeddable":true,"href":"https:\/\/alicantecenter.com\/es\/wp-json\/wp\/v2\/media\/256011"}],"wp:attachment":[{"href":"https:\/\/alicantecenter.com\/es\/wp-json\/wp\/v2\/media?parent=3304"}],"curies":[{"name":"wp","href":"https:\/\/api.w.org\/{rel}","templated":true}]}}