{"id":3273,"date":"2019-07-21T18:37:16","date_gmt":"2019-07-21T18:37:16","guid":{"rendered":"http:\/\/vym-wp.local\/services\/legal-services\/"},"modified":"2022-07-03T12:59:59","modified_gmt":"2022-07-03T12:59:59","slug":"servicios-juridicos","status":"publish","type":"page","link":"https:\/\/alicantecenter.com\/es\/servicios\/servicios-juridicos\/","title":{"rendered":"Servicios Juridicos"},"content":{"rendered":"<p>Nuestro equipo de profesionales puede ayudarle en cualquiera de los tr\u00e1mites relacionados con la compra de propiedades en la provincia de Alicante, comenzando por la b\u00fasqueda del inmueble adapto a sus necesidades, la comprobaci\u00f3n de la legalidad del mismo y los pasos sucesivos hasta que se convierta en el posesor legal de la propiedad de este.<\/p>\r\n\r\n<h5>Consulta en relaci\u00f3n al procedimiento de la compra de propiedades en Espa\u00f1a<\/h5>\r\n\r\n<p>Puede solicitar una consulta por tel\u00e9fono o bien asistir a una de nuestras oficinas para conocer con detalle el proceso de la compra de un inmueble y solucionar cualquier duda que se le pueda generar. Le brindaremos la informaci\u00f3n necesaria sobre la documentaci\u00f3n necesaria as\u00ed como sobre los derechos y las obligaciones de los propietarios, y el procedimiento referente a la solicitud de una hipoteca.<\/p>\r\n\r\n<h5>Acompa\u00f1amiento en la obtenci\u00f3n del NIE y la apertura de una cuenta bancaria.<\/h5>\r\n\r\n<p>Al ser estos los \u00fanicos requisitos necesarios para la compra de una propiedad en el estado Espa\u00f1ol, le ayudaremos con la obtenci\u00f3n del N\u00famero de Identificaci\u00f3n de Extranjeros y en cuesti\u00f3n de d\u00edas ser\u00e1 titular de una nueva cuenta bancaria.<\/p>\r\n\r\n<h5>An\u00e1lisis legal y Tasaci\u00f3n de propiedades.<\/h5>\r\n\r\n<p>Nuestros expertos proporcionar\u00e1n una opini\u00f3n en cuanto a la propiedad de su elecci\u00f3n basada en un an\u00e1lisis detallado del registro de propiedades y una tasaci\u00f3n de la misma para que usted pueda tomar una decisi\u00f3n con total claridad. Nos ocupamos de verificar la legalidad del bien inmueble a trav\u00e9s de la b\u00fasqueda de toda informaci\u00f3n referente al mismo, entre la cual sus deudas y grav\u00e1menes, compar\u00e1ndola con la reflejada en el registro de propiedades.<\/p>\r\n\r\n<h5>Preparaci\u00f3n de los documentos para procesar la transacci\u00f3n.<\/h5>\r\n\r\n<ul>\r\n  <li>Elaboraci\u00f3n del contrato preliminar de compraventa<\/li>\r\n  <li>Organizaci\u00f3n de la transacci\u00f3n con un notario y un int\u00e9rprete.<\/li>\r\n  <li>Acompa\u00f1amiento en todas las etapas de la transacci\u00f3n y la firma de la escritura, asi como asesoramiento en el proceso.<\/li>\r\n<\/ul>\r\n\r\n","protected":false},"excerpt":{"rendered":"<p>Nuestro equipo de profesionales puede ayudarle en cualquiera de los tr\u00e1mites relacionados con la compra de propiedades en la provincia de Alicante, comenzando por la b\u00fasqueda del inmueble adapto a sus necesidades, la comprobaci\u00f3n de la legalidad del mismo y los pasos sucesivos hasta que se convierta en el posesor legal de la propiedad de [&hellip;]<\/p>\n","protected":false},"author":1,"featured_media":256011,"parent":621,"menu_order":0,"comment_status":"closed","ping_status":"closed","template":"","meta":{"_acf_changed":false,"footnotes":""},"class_list":["post-3273","page","type-page","status-publish","has-post-thumbnail","hentry"],"acf":[],"yoast_head":"<!-- This site is optimized with the Yoast SEO plugin v27.4 - https:\/\/yoast.com\/product\/yoast-seo-wordpress\/ -->\n<title>Servicios Jur\u00eddicos Inmobiliarios de Tenerife - VYM Canarias<\/title>\n<meta name=\"description\" content=\"\u00bfC\u00f3mo comprar una vivienda en Tenerife (Islas Canarias) y protegerse? Ayuda de abogados: documentos, revisi\u00f3n experta, gesti\u00f3n inmobiliaria.\" \/>\n<meta name=\"robots\" content=\"index, follow, max-snippet:-1, max-image-preview:large, max-video-preview:-1\" \/>\n<link rel=\"canonical\" href=\"https:\/\/alicantecenter.com\/es\/servicios\/servicios-juridicos\/\" \/>\n<meta property=\"og:locale\" content=\"es_ES\" \/>\n<meta property=\"og:type\" content=\"article\" \/>\n<meta property=\"og:title\" content=\"Servicios Jur\u00eddicos Inmobiliarios de Tenerife - VYM Canarias\" \/>\n<meta property=\"og:description\" content=\"\u00bfC\u00f3mo comprar una vivienda en Tenerife (Islas Canarias) y protegerse? Ayuda de abogados: documentos, revisi\u00f3n experta, gesti\u00f3n inmobiliaria.\" \/>\n<meta property=\"og:url\" content=\"https:\/\/alicantecenter.com\/es\/servicios\/servicios-juridicos\/\" \/>\n<meta property=\"og:site_name\" content=\"Alicante - VYM Canarias\" \/>\n<meta property=\"article:publisher\" content=\"https:\/\/www.facebook.com\/vym.canarias\" \/>\n<meta property=\"article:modified_time\" content=\"2022-07-03T12:59:59+00:00\" \/>\n<meta property=\"og:image\" content=\"https:\/\/alicantecenter.com\/wp-content\/uploads\/2019\/09\/vym-canarias-office-1.jpg\" \/>\n\t<meta property=\"og:image:width\" content=\"1920\" \/>\n\t<meta property=\"og:image:height\" content=\"350\" \/>\n\t<meta property=\"og:image:type\" content=\"image\/jpeg\" \/>\n<meta name=\"twitter:card\" content=\"summary_large_image\" \/>\n<meta name=\"twitter:label1\" content=\"Tiempo de lectura\" \/>\n\t<meta name=\"twitter:data1\" content=\"2 minutos\" \/>\n<script type=\"application\/ld+json\" class=\"yoast-schema-graph\">{\"@context\":\"https:\\\/\\\/schema.org\",\"@graph\":[{\"@type\":\"WebPage\",\"@id\":\"https:\\\/\\\/alicantecenter.com\\\/es\\\/servicios\\\/servicios-juridicos\\\/\",\"url\":\"https:\\\/\\\/alicantecenter.com\\\/es\\\/servicios\\\/servicios-juridicos\\\/\",\"name\":\"Servicios Jur\u00eddicos Inmobiliarios de Tenerife - VYM Canarias\",\"isPartOf\":{\"@id\":\"https:\\\/\\\/alicantecenter.com\\\/es\\\/#website\"},\"primaryImageOfPage\":{\"@id\":\"https:\\\/\\\/alicantecenter.com\\\/es\\\/servicios\\\/servicios-juridicos\\\/#primaryimage\"},\"image\":{\"@id\":\"https:\\\/\\\/alicantecenter.com\\\/es\\\/servicios\\\/servicios-juridicos\\\/#primaryimage\"},\"thumbnailUrl\":\"https:\\\/\\\/alicantecenter.com\\\/wp-content\\\/uploads\\\/2023\\\/06\\\/vym-canarias-office-2.jpeg\",\"datePublished\":\"2019-07-21T18:37:16+00:00\",\"dateModified\":\"2022-07-03T12:59:59+00:00\",\"description\":\"\u00bfC\u00f3mo comprar una vivienda en Tenerife (Islas Canarias) y protegerse? Ayuda de abogados: documentos, revisi\u00f3n experta, gesti\u00f3n inmobiliaria.\",\"breadcrumb\":{\"@id\":\"https:\\\/\\\/alicantecenter.com\\\/es\\\/servicios\\\/servicios-juridicos\\\/#breadcrumb\"},\"inLanguage\":\"es\",\"potentialAction\":[{\"@type\":\"ReadAction\",\"target\":[\"https:\\\/\\\/alicantecenter.com\\\/es\\\/servicios\\\/servicios-juridicos\\\/\"]}]},{\"@type\":\"ImageObject\",\"inLanguage\":\"es\",\"@id\":\"https:\\\/\\\/alicantecenter.com\\\/es\\\/servicios\\\/servicios-juridicos\\\/#primaryimage\",\"url\":\"https:\\\/\\\/alicantecenter.com\\\/wp-content\\\/uploads\\\/2023\\\/06\\\/vym-canarias-office-2.jpeg\",\"contentUrl\":\"https:\\\/\\\/alicantecenter.com\\\/wp-content\\\/uploads\\\/2023\\\/06\\\/vym-canarias-office-2.jpeg\",\"width\":1920,\"height\":350},{\"@type\":\"BreadcrumbList\",\"@id\":\"https:\\\/\\\/alicantecenter.com\\\/es\\\/servicios\\\/servicios-juridicos\\\/#breadcrumb\",\"itemListElement\":[{\"@type\":\"ListItem\",\"position\":1,\"name\":\"Home\",\"item\":\"https:\\\/\\\/alicantecenter.com\\\/es\\\/\"},{\"@type\":\"ListItem\",\"position\":2,\"name\":\"Servicios\",\"item\":\"https:\\\/\\\/alicantecenter.com\\\/es\\\/servicios\\\/\"},{\"@type\":\"ListItem\",\"position\":3,\"name\":\"Servicios Juridicos\"}]},{\"@type\":\"WebSite\",\"@id\":\"https:\\\/\\\/alicantecenter.com\\\/es\\\/#website\",\"url\":\"https:\\\/\\\/alicantecenter.com\\\/es\\\/\",\"name\":\"Alicante - VYM Canarias\",\"description\":\"Real Estate - Alicante\",\"potentialAction\":[{\"@type\":\"SearchAction\",\"target\":{\"@type\":\"EntryPoint\",\"urlTemplate\":\"https:\\\/\\\/alicantecenter.com\\\/es\\\/?s={search_term_string}\"},\"query-input\":{\"@type\":\"PropertyValueSpecification\",\"valueRequired\":true,\"valueName\":\"search_term_string\"}}],\"inLanguage\":\"es\"}]}<\/script>\n<!-- \/ Yoast SEO plugin. -->","yoast_head_json":{"title":"Servicios Jur\u00eddicos Inmobiliarios de Tenerife - VYM Canarias","description":"\u00bfC\u00f3mo comprar una vivienda en Tenerife (Islas Canarias) y protegerse? Ayuda de abogados: documentos, revisi\u00f3n experta, gesti\u00f3n inmobiliaria.","robots":{"index":"index","follow":"follow","max-snippet":"max-snippet:-1","max-image-preview":"max-image-preview:large","max-video-preview":"max-video-preview:-1"},"canonical":"https:\/\/alicantecenter.com\/es\/servicios\/servicios-juridicos\/","og_locale":"es_ES","og_type":"article","og_title":"Servicios Jur\u00eddicos Inmobiliarios de Tenerife - VYM Canarias","og_description":"\u00bfC\u00f3mo comprar una vivienda en Tenerife (Islas Canarias) y protegerse? Ayuda de abogados: documentos, revisi\u00f3n experta, gesti\u00f3n inmobiliaria.","og_url":"https:\/\/alicantecenter.com\/es\/servicios\/servicios-juridicos\/","og_site_name":"Alicante - VYM Canarias","article_publisher":"https:\/\/www.facebook.com\/vym.canarias","article_modified_time":"2022-07-03T12:59:59+00:00","og_image":[{"width":1920,"height":350,"url":"https:\/\/alicantecenter.com\/wp-content\/uploads\/2019\/09\/vym-canarias-office-1.jpg","type":"image\/jpeg"}],"twitter_card":"summary_large_image","twitter_misc":{"Tiempo de lectura":"2 minutos"},"schema":{"@context":"https:\/\/schema.org","@graph":[{"@type":"WebPage","@id":"https:\/\/alicantecenter.com\/es\/servicios\/servicios-juridicos\/","url":"https:\/\/alicantecenter.com\/es\/servicios\/servicios-juridicos\/","name":"Servicios Jur\u00eddicos Inmobiliarios de Tenerife - VYM Canarias","isPartOf":{"@id":"https:\/\/alicantecenter.com\/es\/#website"},"primaryImageOfPage":{"@id":"https:\/\/alicantecenter.com\/es\/servicios\/servicios-juridicos\/#primaryimage"},"image":{"@id":"https:\/\/alicantecenter.com\/es\/servicios\/servicios-juridicos\/#primaryimage"},"thumbnailUrl":"https:\/\/alicantecenter.com\/wp-content\/uploads\/2023\/06\/vym-canarias-office-2.jpeg","datePublished":"2019-07-21T18:37:16+00:00","dateModified":"2022-07-03T12:59:59+00:00","description":"\u00bfC\u00f3mo comprar una vivienda en Tenerife (Islas Canarias) y protegerse? Ayuda de abogados: documentos, revisi\u00f3n experta, gesti\u00f3n inmobiliaria.","breadcrumb":{"@id":"https:\/\/alicantecenter.com\/es\/servicios\/servicios-juridicos\/#breadcrumb"},"inLanguage":"es","potentialAction":[{"@type":"ReadAction","target":["https:\/\/alicantecenter.com\/es\/servicios\/servicios-juridicos\/"]}]},{"@type":"ImageObject","inLanguage":"es","@id":"https:\/\/alicantecenter.com\/es\/servicios\/servicios-juridicos\/#primaryimage","url":"https:\/\/alicantecenter.com\/wp-content\/uploads\/2023\/06\/vym-canarias-office-2.jpeg","contentUrl":"https:\/\/alicantecenter.com\/wp-content\/uploads\/2023\/06\/vym-canarias-office-2.jpeg","width":1920,"height":350},{"@type":"BreadcrumbList","@id":"https:\/\/alicantecenter.com\/es\/servicios\/servicios-juridicos\/#breadcrumb","itemListElement":[{"@type":"ListItem","position":1,"name":"Home","item":"https:\/\/alicantecenter.com\/es\/"},{"@type":"ListItem","position":2,"name":"Servicios","item":"https:\/\/alicantecenter.com\/es\/servicios\/"},{"@type":"ListItem","position":3,"name":"Servicios Juridicos"}]},{"@type":"WebSite","@id":"https:\/\/alicantecenter.com\/es\/#website","url":"https:\/\/alicantecenter.com\/es\/","name":"Alicante - VYM Canarias","description":"Real Estate - Alicante","potentialAction":[{"@type":"SearchAction","target":{"@type":"EntryPoint","urlTemplate":"https:\/\/alicantecenter.com\/es\/?s={search_term_string}"},"query-input":{"@type":"PropertyValueSpecification","valueRequired":true,"valueName":"search_term_string"}}],"inLanguage":"es"}]}},"_links":{"self":[{"href":"https:\/\/alicantecenter.com\/es\/wp-json\/wp\/v2\/pages\/3273","targetHints":{"allow":["GET"]}}],"collection":[{"href":"https:\/\/alicantecenter.com\/es\/wp-json\/wp\/v2\/pages"}],"about":[{"href":"https:\/\/alicantecenter.com\/es\/wp-json\/wp\/v2\/types\/page"}],"author":[{"embeddable":true,"href":"https:\/\/alicantecenter.com\/es\/wp-json\/wp\/v2\/users\/1"}],"replies":[{"embeddable":true,"href":"https:\/\/alicantecenter.com\/es\/wp-json\/wp\/v2\/comments?post=3273"}],"version-history":[{"count":0,"href":"https:\/\/alicantecenter.com\/es\/wp-json\/wp\/v2\/pages\/3273\/revisions"}],"up":[{"embeddable":true,"href":"https:\/\/alicantecenter.com\/es\/wp-json\/wp\/v2\/pages\/621"}],"wp:featuredmedia":[{"embeddable":true,"href":"https:\/\/alicantecenter.com\/es\/wp-json\/wp\/v2\/media\/256011"}],"wp:attachment":[{"href":"https:\/\/alicantecenter.com\/es\/wp-json\/wp\/v2\/media?parent=3273"}],"curies":[{"name":"wp","href":"https:\/\/api.w.org\/{rel}","templated":true}]}}