{"id":3265,"date":"2019-07-21T18:53:50","date_gmt":"2019-07-21T18:53:50","guid":{"rendered":"http:\/\/vym-wp.local\/services\/escort-of-the-transaction\/"},"modified":"2022-09-19T16:41:09","modified_gmt":"2022-09-19T16:41:09","slug":"soporte-legal","status":"publish","type":"page","link":"https:\/\/alicantecenter.com\/es\/servicios\/soporte-legal\/","title":{"rendered":"Soporte legal"},"content":{"rendered":"<p>VYM ofrece servicios de soporte completo para transacciones de adquisici\u00f3n de bienes inmuebles desde la selecci\u00f3n de un objeto hasta los servicios postventa.<\/p>\r\n\r\n<p>Ayudaremos con la traducci\u00f3n y nos ocuparemos de realizar todas las verificaciones legales necesarias del inmueble a fin de garantizar su legalidad.<\/p>\r\n\r\n<p>Tras registrar la propiedad a su nombre y realizar los pagos de impuestos y cargos relacionados, nos aseguraremos de que todos los cambios hayan sido notificados a las autoridades pertinentes.<\/p>\r\n\r\n<p>E incluso al finalizar todos los procesos legales, siempre nos mantendremos a disposici\u00f3n del cliente para brindar cualquier ayuda o sugerencia en relaci\u00f3n a las cuestiones del d\u00eda a d\u00eda del hogar. <\/p>\r\n\r\n<table>\r\n  <thead>\r\n    <th>Servicios<\/th>\r\n    <th>Precios<\/th>\r\n  <\/thead>\r\n  <tbody>\r\n    <tr>\r\n      <td>Verificaci\u00f3n legal de la propiedad<\/td>  \r\n      <td>Incluido<\/td>  \r\n    <\/tr>\r\n    <tr>\r\n      <td>Ayuda con el registro de NIE (n\u00famero de impuesto de un extranjero) y la apertura de una cuenta bancaria<\/td>  \r\n      <td>Incluido<\/td>  \r\n    <\/tr>\r\n    <tr>\r\n      <td>Consulta sobre la hipoteca<\/td>  \r\n      <td>Incluido<\/td>  \r\n    <\/tr>\r\n    <tr>\r\n      <td>Traducci\u00f3n de documentos de traductores autorizados<\/td>  \r\n      <td>Sobre presupuesto<\/td>  \r\n    <\/tr>\r\n    <tr>\r\n      <td>Registrar la propiedad y presentar todos los documentos y realizar cambios en empresas de servicios a nombre del nuevo propietario (tramites)<\/td>  \r\n      <td>750 euro<\/td>  \r\n    <\/tr>\r\n    <tr>\r\n      <td>Servicios de post venta<\/td>  \r\n      <td>Incluido el primer a\u00f1o<\/td>  \r\n    <\/tr>\r\n    <tr>\r\n      <td>Acompa\u00f1amiento a las autoridades fiscales y otras agencias gubernamentales<\/td>  \r\n      <td>Incluido el primer a\u00f1o<\/td>  \r\n    <\/tr>\r\n  <\/tbody>\r\n<\/table>","protected":false},"excerpt":{"rendered":"<p>VYM ofrece servicios de soporte completo para transacciones de adquisici\u00f3n de bienes inmuebles desde la selecci\u00f3n de un objeto hasta los servicios postventa. Ayudaremos con la traducci\u00f3n y nos ocuparemos de realizar todas las verificaciones legales necesarias del inmueble a fin de garantizar su legalidad. Tras registrar la propiedad a su nombre y realizar los [&hellip;]<\/p>\n","protected":false},"author":1,"featured_media":256011,"parent":621,"menu_order":0,"comment_status":"closed","ping_status":"closed","template":"","meta":{"_acf_changed":false,"footnotes":""},"class_list":["post-3265","page","type-page","status-publish","has-post-thumbnail","hentry"],"acf":[],"yoast_head":"<!-- This site is optimized with the Yoast SEO plugin v27.4 - https:\/\/yoast.com\/product\/yoast-seo-wordpress\/ -->\n<title>Soporte de transacciones de venta de inmuebles en Alicante (Espa\u00f1a)<\/title>\n<meta name=\"description\" content=\"\u00bfEst\u00e1 buscando una propiedad en Alicante (Espa\u00f1a) y no quiere arriesgarse? Soporte para transacciones de ventas de VYM Canarias. Ayuda competente en todas las etapas.\" \/>\n<meta name=\"robots\" content=\"index, follow, max-snippet:-1, max-image-preview:large, max-video-preview:-1\" \/>\n<link rel=\"canonical\" href=\"https:\/\/alicantecenter.com\/es\/servicios\/soporte-legal\/\" \/>\n<meta property=\"og:locale\" content=\"es_ES\" \/>\n<meta property=\"og:type\" content=\"article\" \/>\n<meta property=\"og:title\" content=\"Soporte de transacciones de venta de inmuebles en Alicante (Espa\u00f1a)\" \/>\n<meta property=\"og:description\" content=\"\u00bfEst\u00e1 buscando una propiedad en Alicante (Espa\u00f1a) y no quiere arriesgarse? Soporte para transacciones de ventas de VYM Canarias. Ayuda competente en todas las etapas.\" \/>\n<meta property=\"og:url\" content=\"https:\/\/alicantecenter.com\/es\/servicios\/soporte-legal\/\" \/>\n<meta property=\"og:site_name\" content=\"Alicante - VYM Canarias\" \/>\n<meta property=\"article:publisher\" content=\"https:\/\/www.facebook.com\/vym.canarias\" \/>\n<meta property=\"article:modified_time\" content=\"2022-09-19T16:41:09+00:00\" \/>\n<meta property=\"og:image\" content=\"https:\/\/alicantecenter.com\/wp-content\/uploads\/2019\/09\/vym-canarias-office-1.jpg\" \/>\n\t<meta property=\"og:image:width\" content=\"1920\" \/>\n\t<meta property=\"og:image:height\" content=\"350\" \/>\n\t<meta property=\"og:image:type\" content=\"image\/jpeg\" \/>\n<meta name=\"twitter:card\" content=\"summary_large_image\" \/>\n<meta name=\"twitter:label1\" content=\"Tiempo de lectura\" \/>\n\t<meta name=\"twitter:data1\" content=\"1 minuto\" \/>\n<script type=\"application\/ld+json\" class=\"yoast-schema-graph\">{\"@context\":\"https:\\\/\\\/schema.org\",\"@graph\":[{\"@type\":\"WebPage\",\"@id\":\"https:\\\/\\\/alicantecenter.com\\\/es\\\/servicios\\\/soporte-legal\\\/\",\"url\":\"https:\\\/\\\/alicantecenter.com\\\/es\\\/servicios\\\/soporte-legal\\\/\",\"name\":\"Soporte de transacciones de venta de inmuebles en Alicante (Espa\u00f1a)\",\"isPartOf\":{\"@id\":\"https:\\\/\\\/alicantecenter.com\\\/es\\\/#website\"},\"primaryImageOfPage\":{\"@id\":\"https:\\\/\\\/alicantecenter.com\\\/es\\\/servicios\\\/soporte-legal\\\/#primaryimage\"},\"image\":{\"@id\":\"https:\\\/\\\/alicantecenter.com\\\/es\\\/servicios\\\/soporte-legal\\\/#primaryimage\"},\"thumbnailUrl\":\"https:\\\/\\\/alicantecenter.com\\\/wp-content\\\/uploads\\\/2023\\\/06\\\/vym-canarias-office-2.jpeg\",\"datePublished\":\"2019-07-21T18:53:50+00:00\",\"dateModified\":\"2022-09-19T16:41:09+00:00\",\"description\":\"\u00bfEst\u00e1 buscando una propiedad en Alicante (Espa\u00f1a) y no quiere arriesgarse? Soporte para transacciones de ventas de VYM Canarias. Ayuda competente en todas las etapas.\",\"breadcrumb\":{\"@id\":\"https:\\\/\\\/alicantecenter.com\\\/es\\\/servicios\\\/soporte-legal\\\/#breadcrumb\"},\"inLanguage\":\"es\",\"potentialAction\":[{\"@type\":\"ReadAction\",\"target\":[\"https:\\\/\\\/alicantecenter.com\\\/es\\\/servicios\\\/soporte-legal\\\/\"]}]},{\"@type\":\"ImageObject\",\"inLanguage\":\"es\",\"@id\":\"https:\\\/\\\/alicantecenter.com\\\/es\\\/servicios\\\/soporte-legal\\\/#primaryimage\",\"url\":\"https:\\\/\\\/alicantecenter.com\\\/wp-content\\\/uploads\\\/2023\\\/06\\\/vym-canarias-office-2.jpeg\",\"contentUrl\":\"https:\\\/\\\/alicantecenter.com\\\/wp-content\\\/uploads\\\/2023\\\/06\\\/vym-canarias-office-2.jpeg\",\"width\":1920,\"height\":350},{\"@type\":\"BreadcrumbList\",\"@id\":\"https:\\\/\\\/alicantecenter.com\\\/es\\\/servicios\\\/soporte-legal\\\/#breadcrumb\",\"itemListElement\":[{\"@type\":\"ListItem\",\"position\":1,\"name\":\"Home\",\"item\":\"https:\\\/\\\/alicantecenter.com\\\/es\\\/\"},{\"@type\":\"ListItem\",\"position\":2,\"name\":\"Servicios\",\"item\":\"https:\\\/\\\/alicantecenter.com\\\/es\\\/servicios\\\/\"},{\"@type\":\"ListItem\",\"position\":3,\"name\":\"Soporte legal\"}]},{\"@type\":\"WebSite\",\"@id\":\"https:\\\/\\\/alicantecenter.com\\\/es\\\/#website\",\"url\":\"https:\\\/\\\/alicantecenter.com\\\/es\\\/\",\"name\":\"Alicante - VYM Canarias\",\"description\":\"Real Estate - Alicante\",\"potentialAction\":[{\"@type\":\"SearchAction\",\"target\":{\"@type\":\"EntryPoint\",\"urlTemplate\":\"https:\\\/\\\/alicantecenter.com\\\/es\\\/?s={search_term_string}\"},\"query-input\":{\"@type\":\"PropertyValueSpecification\",\"valueRequired\":true,\"valueName\":\"search_term_string\"}}],\"inLanguage\":\"es\"}]}<\/script>\n<!-- \/ Yoast SEO plugin. -->","yoast_head_json":{"title":"Soporte de transacciones de venta de inmuebles en Alicante (Espa\u00f1a)","description":"\u00bfEst\u00e1 buscando una propiedad en Alicante (Espa\u00f1a) y no quiere arriesgarse? Soporte para transacciones de ventas de VYM Canarias. Ayuda competente en todas las etapas.","robots":{"index":"index","follow":"follow","max-snippet":"max-snippet:-1","max-image-preview":"max-image-preview:large","max-video-preview":"max-video-preview:-1"},"canonical":"https:\/\/alicantecenter.com\/es\/servicios\/soporte-legal\/","og_locale":"es_ES","og_type":"article","og_title":"Soporte de transacciones de venta de inmuebles en Alicante (Espa\u00f1a)","og_description":"\u00bfEst\u00e1 buscando una propiedad en Alicante (Espa\u00f1a) y no quiere arriesgarse? Soporte para transacciones de ventas de VYM Canarias. Ayuda competente en todas las etapas.","og_url":"https:\/\/alicantecenter.com\/es\/servicios\/soporte-legal\/","og_site_name":"Alicante - VYM Canarias","article_publisher":"https:\/\/www.facebook.com\/vym.canarias","article_modified_time":"2022-09-19T16:41:09+00:00","og_image":[{"width":1920,"height":350,"url":"https:\/\/alicantecenter.com\/wp-content\/uploads\/2019\/09\/vym-canarias-office-1.jpg","type":"image\/jpeg"}],"twitter_card":"summary_large_image","twitter_misc":{"Tiempo de lectura":"1 minuto"},"schema":{"@context":"https:\/\/schema.org","@graph":[{"@type":"WebPage","@id":"https:\/\/alicantecenter.com\/es\/servicios\/soporte-legal\/","url":"https:\/\/alicantecenter.com\/es\/servicios\/soporte-legal\/","name":"Soporte de transacciones de venta de inmuebles en Alicante (Espa\u00f1a)","isPartOf":{"@id":"https:\/\/alicantecenter.com\/es\/#website"},"primaryImageOfPage":{"@id":"https:\/\/alicantecenter.com\/es\/servicios\/soporte-legal\/#primaryimage"},"image":{"@id":"https:\/\/alicantecenter.com\/es\/servicios\/soporte-legal\/#primaryimage"},"thumbnailUrl":"https:\/\/alicantecenter.com\/wp-content\/uploads\/2023\/06\/vym-canarias-office-2.jpeg","datePublished":"2019-07-21T18:53:50+00:00","dateModified":"2022-09-19T16:41:09+00:00","description":"\u00bfEst\u00e1 buscando una propiedad en Alicante (Espa\u00f1a) y no quiere arriesgarse? Soporte para transacciones de ventas de VYM Canarias. Ayuda competente en todas las etapas.","breadcrumb":{"@id":"https:\/\/alicantecenter.com\/es\/servicios\/soporte-legal\/#breadcrumb"},"inLanguage":"es","potentialAction":[{"@type":"ReadAction","target":["https:\/\/alicantecenter.com\/es\/servicios\/soporte-legal\/"]}]},{"@type":"ImageObject","inLanguage":"es","@id":"https:\/\/alicantecenter.com\/es\/servicios\/soporte-legal\/#primaryimage","url":"https:\/\/alicantecenter.com\/wp-content\/uploads\/2023\/06\/vym-canarias-office-2.jpeg","contentUrl":"https:\/\/alicantecenter.com\/wp-content\/uploads\/2023\/06\/vym-canarias-office-2.jpeg","width":1920,"height":350},{"@type":"BreadcrumbList","@id":"https:\/\/alicantecenter.com\/es\/servicios\/soporte-legal\/#breadcrumb","itemListElement":[{"@type":"ListItem","position":1,"name":"Home","item":"https:\/\/alicantecenter.com\/es\/"},{"@type":"ListItem","position":2,"name":"Servicios","item":"https:\/\/alicantecenter.com\/es\/servicios\/"},{"@type":"ListItem","position":3,"name":"Soporte legal"}]},{"@type":"WebSite","@id":"https:\/\/alicantecenter.com\/es\/#website","url":"https:\/\/alicantecenter.com\/es\/","name":"Alicante - VYM Canarias","description":"Real Estate - Alicante","potentialAction":[{"@type":"SearchAction","target":{"@type":"EntryPoint","urlTemplate":"https:\/\/alicantecenter.com\/es\/?s={search_term_string}"},"query-input":{"@type":"PropertyValueSpecification","valueRequired":true,"valueName":"search_term_string"}}],"inLanguage":"es"}]}},"_links":{"self":[{"href":"https:\/\/alicantecenter.com\/es\/wp-json\/wp\/v2\/pages\/3265","targetHints":{"allow":["GET"]}}],"collection":[{"href":"https:\/\/alicantecenter.com\/es\/wp-json\/wp\/v2\/pages"}],"about":[{"href":"https:\/\/alicantecenter.com\/es\/wp-json\/wp\/v2\/types\/page"}],"author":[{"embeddable":true,"href":"https:\/\/alicantecenter.com\/es\/wp-json\/wp\/v2\/users\/1"}],"replies":[{"embeddable":true,"href":"https:\/\/alicantecenter.com\/es\/wp-json\/wp\/v2\/comments?post=3265"}],"version-history":[{"count":0,"href":"https:\/\/alicantecenter.com\/es\/wp-json\/wp\/v2\/pages\/3265\/revisions"}],"up":[{"embeddable":true,"href":"https:\/\/alicantecenter.com\/es\/wp-json\/wp\/v2\/pages\/621"}],"wp:featuredmedia":[{"embeddable":true,"href":"https:\/\/alicantecenter.com\/es\/wp-json\/wp\/v2\/media\/256011"}],"wp:attachment":[{"href":"https:\/\/alicantecenter.com\/es\/wp-json\/wp\/v2\/media?parent=3265"}],"curies":[{"name":"wp","href":"https:\/\/api.w.org\/{rel}","templated":true}]}}