{"id":201082,"date":"2022-07-03T14:09:35","date_gmt":"2022-07-03T14:09:35","guid":{"rendered":"https:\/\/alicantecenter.com\/locations\/polop\/"},"modified":"2023-06-25T13:18:28","modified_gmt":"2023-06-25T13:18:28","slug":"polop","status":"publish","type":"page","link":"https:\/\/alicantecenter.com\/es\/localidades\/polop\/","title":{"rendered":"Polop"},"content":{"rendered":"Polop es uno de los pueblos m\u00e1s bonitos de la provincia de Alicante, situado en la zona central de la comarca de la Marina Baja. \r\nEn este nos podemos encontrar con una obra conocida como La Fuente de los Chorros, denominado Patrimonio Inmaterial de la Humanidad por la UNESCO. Se trata de una construcci\u00f3n con 221 ca\u00f1os de agua, proveniente de los manantiales de \u201cSirer\u201d y \u201cTerrer\u201d, y decorados con azulejos representativos de los escudos de todos los nucleos de la poblaci\u00f3n de Alicante, adem\u00e1s de Valencia y Castell\u00f3n. Entre otros sitios de inter\u00e9s tur\u00edstico en la localidad de Polop nos podemos encontrar con tales lugares como;  la iglesia de San Pedro Ap\u00f3stol; el santuario de la Divina Aurora; la plaza del escultor Gin\u00e9s y la casa del P\u00f3sito; El castillo de Polop; el mirador y los restos de la muralla. \r\nSe trata de un pueblo con hermoso casco antiguo y caracter\u00edsticos callejones estrechos. Adem\u00e1s, a escasos kil\u00f3metros se encuentra en construcci\u00f3n un gran residencial, Polop Hills, que ofrece una lujos estructura con fant\u00e1sticas vistas hacia la ciudad de Benidorm, el mar y las monta\u00f1as.","protected":false},"excerpt":{"rendered":"<p>Polop es uno de los pueblos m\u00e1s bonitos de la provincia de Alicante, situado en la zona central de la comarca de la Marina Baja. En este nos podemos encontrar con una obra conocida como La Fuente de los Chorros, denominado Patrimonio Inmaterial de la Humanidad por la UNESCO. Se trata de una construcci\u00f3n con [&hellip;]<\/p>\n","protected":false},"author":1,"featured_media":256011,"parent":201068,"menu_order":0,"comment_status":"closed","ping_status":"closed","template":"","meta":{"_acf_changed":false,"footnotes":""},"class_list":["post-201082","page","type-page","status-publish","has-post-thumbnail","hentry"],"acf":[],"yoast_head":"<!-- This site is optimized with the Yoast SEO plugin v27.4 - https:\/\/yoast.com\/product\/yoast-seo-wordpress\/ -->\n<title>Polop - Alicante - VYM Canarias<\/title>\n<meta name=\"description\" content=\"Polop\" \/>\n<meta name=\"robots\" content=\"index, follow, max-snippet:-1, max-image-preview:large, max-video-preview:-1\" \/>\n<link rel=\"canonical\" href=\"https:\/\/alicantecenter.com\/es\/localidades\/polop\/\" \/>\n<meta property=\"og:locale\" content=\"es_ES\" \/>\n<meta property=\"og:type\" content=\"article\" \/>\n<meta property=\"og:title\" content=\"Polop - Alicante - VYM Canarias\" \/>\n<meta property=\"og:description\" content=\"Polop\" \/>\n<meta property=\"og:url\" content=\"https:\/\/alicantecenter.com\/es\/localidades\/polop\/\" \/>\n<meta property=\"og:site_name\" content=\"Alicante - VYM Canarias\" \/>\n<meta property=\"article:publisher\" content=\"https:\/\/www.facebook.com\/vym.canarias\" \/>\n<meta property=\"article:modified_time\" content=\"2023-06-25T13:18:28+00:00\" \/>\n<meta property=\"og:image\" content=\"https:\/\/alicantecenter.com\/wp-content\/uploads\/2023\/06\/vym-canarias-office-2.jpeg\" \/>\n\t<meta property=\"og:image:width\" content=\"1920\" \/>\n\t<meta property=\"og:image:height\" content=\"350\" \/>\n\t<meta property=\"og:image:type\" content=\"image\/jpeg\" \/>\n<meta name=\"twitter:card\" content=\"summary_large_image\" \/>\n<meta name=\"twitter:label1\" content=\"Tiempo de lectura\" \/>\n\t<meta name=\"twitter:data1\" content=\"1 minuto\" \/>\n<script type=\"application\/ld+json\" class=\"yoast-schema-graph\">{\"@context\":\"https:\\\/\\\/schema.org\",\"@graph\":[{\"@type\":\"WebPage\",\"@id\":\"https:\\\/\\\/alicantecenter.com\\\/es\\\/localidades\\\/polop\\\/\",\"url\":\"https:\\\/\\\/alicantecenter.com\\\/es\\\/localidades\\\/polop\\\/\",\"name\":\"Polop - Alicante - VYM Canarias\",\"isPartOf\":{\"@id\":\"https:\\\/\\\/alicantecenter.com\\\/es\\\/#website\"},\"primaryImageOfPage\":{\"@id\":\"https:\\\/\\\/alicantecenter.com\\\/es\\\/localidades\\\/polop\\\/#primaryimage\"},\"image\":{\"@id\":\"https:\\\/\\\/alicantecenter.com\\\/es\\\/localidades\\\/polop\\\/#primaryimage\"},\"thumbnailUrl\":\"https:\\\/\\\/alicantecenter.com\\\/wp-content\\\/uploads\\\/2023\\\/06\\\/vym-canarias-office-2.jpeg\",\"datePublished\":\"2022-07-03T14:09:35+00:00\",\"dateModified\":\"2023-06-25T13:18:28+00:00\",\"description\":\"Polop\",\"breadcrumb\":{\"@id\":\"https:\\\/\\\/alicantecenter.com\\\/es\\\/localidades\\\/polop\\\/#breadcrumb\"},\"inLanguage\":\"es\",\"potentialAction\":[{\"@type\":\"ReadAction\",\"target\":[\"https:\\\/\\\/alicantecenter.com\\\/es\\\/localidades\\\/polop\\\/\"]}]},{\"@type\":\"ImageObject\",\"inLanguage\":\"es\",\"@id\":\"https:\\\/\\\/alicantecenter.com\\\/es\\\/localidades\\\/polop\\\/#primaryimage\",\"url\":\"https:\\\/\\\/alicantecenter.com\\\/wp-content\\\/uploads\\\/2023\\\/06\\\/vym-canarias-office-2.jpeg\",\"contentUrl\":\"https:\\\/\\\/alicantecenter.com\\\/wp-content\\\/uploads\\\/2023\\\/06\\\/vym-canarias-office-2.jpeg\",\"width\":1920,\"height\":350},{\"@type\":\"BreadcrumbList\",\"@id\":\"https:\\\/\\\/alicantecenter.com\\\/es\\\/localidades\\\/polop\\\/#breadcrumb\",\"itemListElement\":[{\"@type\":\"ListItem\",\"position\":1,\"name\":\"Home\",\"item\":\"https:\\\/\\\/alicantecenter.com\\\/es\\\/\"},{\"@type\":\"ListItem\",\"position\":2,\"name\":\"Localidades\",\"item\":\"https:\\\/\\\/alicantecenter.com\\\/es\\\/localidades\\\/\"},{\"@type\":\"ListItem\",\"position\":3,\"name\":\"Polop\"}]},{\"@type\":\"WebSite\",\"@id\":\"https:\\\/\\\/alicantecenter.com\\\/es\\\/#website\",\"url\":\"https:\\\/\\\/alicantecenter.com\\\/es\\\/\",\"name\":\"Alicante - VYM Canarias\",\"description\":\"Real Estate - Alicante\",\"potentialAction\":[{\"@type\":\"SearchAction\",\"target\":{\"@type\":\"EntryPoint\",\"urlTemplate\":\"https:\\\/\\\/alicantecenter.com\\\/es\\\/?s={search_term_string}\"},\"query-input\":{\"@type\":\"PropertyValueSpecification\",\"valueRequired\":true,\"valueName\":\"search_term_string\"}}],\"inLanguage\":\"es\"}]}<\/script>\n<!-- \/ Yoast SEO plugin. -->","yoast_head_json":{"title":"Polop - Alicante - VYM Canarias","description":"Polop","robots":{"index":"index","follow":"follow","max-snippet":"max-snippet:-1","max-image-preview":"max-image-preview:large","max-video-preview":"max-video-preview:-1"},"canonical":"https:\/\/alicantecenter.com\/es\/localidades\/polop\/","og_locale":"es_ES","og_type":"article","og_title":"Polop - Alicante - VYM Canarias","og_description":"Polop","og_url":"https:\/\/alicantecenter.com\/es\/localidades\/polop\/","og_site_name":"Alicante - VYM Canarias","article_publisher":"https:\/\/www.facebook.com\/vym.canarias","article_modified_time":"2023-06-25T13:18:28+00:00","og_image":[{"width":1920,"height":350,"url":"https:\/\/alicantecenter.com\/wp-content\/uploads\/2023\/06\/vym-canarias-office-2.jpeg","type":"image\/jpeg"}],"twitter_card":"summary_large_image","twitter_misc":{"Tiempo de lectura":"1 minuto"},"schema":{"@context":"https:\/\/schema.org","@graph":[{"@type":"WebPage","@id":"https:\/\/alicantecenter.com\/es\/localidades\/polop\/","url":"https:\/\/alicantecenter.com\/es\/localidades\/polop\/","name":"Polop - Alicante - VYM Canarias","isPartOf":{"@id":"https:\/\/alicantecenter.com\/es\/#website"},"primaryImageOfPage":{"@id":"https:\/\/alicantecenter.com\/es\/localidades\/polop\/#primaryimage"},"image":{"@id":"https:\/\/alicantecenter.com\/es\/localidades\/polop\/#primaryimage"},"thumbnailUrl":"https:\/\/alicantecenter.com\/wp-content\/uploads\/2023\/06\/vym-canarias-office-2.jpeg","datePublished":"2022-07-03T14:09:35+00:00","dateModified":"2023-06-25T13:18:28+00:00","description":"Polop","breadcrumb":{"@id":"https:\/\/alicantecenter.com\/es\/localidades\/polop\/#breadcrumb"},"inLanguage":"es","potentialAction":[{"@type":"ReadAction","target":["https:\/\/alicantecenter.com\/es\/localidades\/polop\/"]}]},{"@type":"ImageObject","inLanguage":"es","@id":"https:\/\/alicantecenter.com\/es\/localidades\/polop\/#primaryimage","url":"https:\/\/alicantecenter.com\/wp-content\/uploads\/2023\/06\/vym-canarias-office-2.jpeg","contentUrl":"https:\/\/alicantecenter.com\/wp-content\/uploads\/2023\/06\/vym-canarias-office-2.jpeg","width":1920,"height":350},{"@type":"BreadcrumbList","@id":"https:\/\/alicantecenter.com\/es\/localidades\/polop\/#breadcrumb","itemListElement":[{"@type":"ListItem","position":1,"name":"Home","item":"https:\/\/alicantecenter.com\/es\/"},{"@type":"ListItem","position":2,"name":"Localidades","item":"https:\/\/alicantecenter.com\/es\/localidades\/"},{"@type":"ListItem","position":3,"name":"Polop"}]},{"@type":"WebSite","@id":"https:\/\/alicantecenter.com\/es\/#website","url":"https:\/\/alicantecenter.com\/es\/","name":"Alicante - VYM Canarias","description":"Real Estate - Alicante","potentialAction":[{"@type":"SearchAction","target":{"@type":"EntryPoint","urlTemplate":"https:\/\/alicantecenter.com\/es\/?s={search_term_string}"},"query-input":{"@type":"PropertyValueSpecification","valueRequired":true,"valueName":"search_term_string"}}],"inLanguage":"es"}]}},"_links":{"self":[{"href":"https:\/\/alicantecenter.com\/es\/wp-json\/wp\/v2\/pages\/201082","targetHints":{"allow":["GET"]}}],"collection":[{"href":"https:\/\/alicantecenter.com\/es\/wp-json\/wp\/v2\/pages"}],"about":[{"href":"https:\/\/alicantecenter.com\/es\/wp-json\/wp\/v2\/types\/page"}],"author":[{"embeddable":true,"href":"https:\/\/alicantecenter.com\/es\/wp-json\/wp\/v2\/users\/1"}],"replies":[{"embeddable":true,"href":"https:\/\/alicantecenter.com\/es\/wp-json\/wp\/v2\/comments?post=201082"}],"version-history":[{"count":0,"href":"https:\/\/alicantecenter.com\/es\/wp-json\/wp\/v2\/pages\/201082\/revisions"}],"up":[{"embeddable":true,"href":"https:\/\/alicantecenter.com\/es\/wp-json\/wp\/v2\/pages\/201068"}],"wp:featuredmedia":[{"embeddable":true,"href":"https:\/\/alicantecenter.com\/es\/wp-json\/wp\/v2\/media\/256011"}],"wp:attachment":[{"href":"https:\/\/alicantecenter.com\/es\/wp-json\/wp\/v2\/media?parent=201082"}],"curies":[{"name":"wp","href":"https:\/\/api.w.org\/{rel}","templated":true}]}}