{"id":201078,"date":"2022-07-03T14:07:54","date_gmt":"2022-07-03T14:07:54","guid":{"rendered":"https:\/\/alicantecenter.com\/locations\/marina-baja\/"},"modified":"2023-06-25T13:18:25","modified_gmt":"2023-06-25T13:18:25","slug":"marina-baja","status":"publish","type":"page","link":"https:\/\/alicantecenter.com\/es\/localidades\/marina-baja\/","title":{"rendered":"Marina Baja"},"content":{"rendered":"Las Marinas, as\u00ed se conocen en conjunto las comarcas de Marina Alta y Marina Baja en la Costa Blanca.  La segunda, ofrece la misma, o incluso mayor cantidad de entretenimiento para una vida llena de ocio y cultura. En esta comarca nos encontraremos con tales ciudades como Benidorm, perfecta para la diversi\u00f3n y localidades como Finestrat, Villajoyosa, Alfaz del Pi, Altea y La Nucia, ideales para vivir. Estas ofrecen ubicaciones que permiten disfrutar de las vistas al mar y a la ciudad, llena de vida y ocio, a la vez que pura tranquilidad y privacidad en las dedicadas zonas residenciales.\r\nEl ambiente es multicultural, permitiendo disfrutar de un d\u00eda a d\u00eda lleno de nuevas experiencias, amistades y descubrimientos, con actividades sea de mar que de monta\u00f1a, entre turismo activo y rural, as\u00ed como los numerosos campos de golf que ofrece la Costa Blanca para los amantes del deporte.","protected":false},"excerpt":{"rendered":"<p>Las Marinas, as\u00ed se conocen en conjunto las comarcas de Marina Alta y Marina Baja en la Costa Blanca. La segunda, ofrece la misma, o incluso mayor cantidad de entretenimiento para una vida llena de ocio y cultura. En esta comarca nos encontraremos con tales ciudades como Benidorm, perfecta para la diversi\u00f3n y localidades como [&hellip;]<\/p>\n","protected":false},"author":1,"featured_media":256011,"parent":201068,"menu_order":0,"comment_status":"closed","ping_status":"closed","template":"","meta":{"_acf_changed":false,"footnotes":""},"class_list":["post-201078","page","type-page","status-publish","has-post-thumbnail","hentry"],"acf":[],"yoast_head":"<!-- This site is optimized with the Yoast SEO plugin v27.4 - https:\/\/yoast.com\/product\/yoast-seo-wordpress\/ -->\n<title>Marina Baja - Alicante - VYM Canarias<\/title>\n<meta name=\"description\" content=\"Marina Baja\" \/>\n<meta name=\"robots\" content=\"index, follow, max-snippet:-1, max-image-preview:large, max-video-preview:-1\" \/>\n<link rel=\"canonical\" href=\"https:\/\/alicantecenter.com\/es\/localidades\/marina-baja\/\" \/>\n<meta property=\"og:locale\" content=\"es_ES\" \/>\n<meta property=\"og:type\" content=\"article\" \/>\n<meta property=\"og:title\" content=\"Marina Baja - Alicante - VYM Canarias\" \/>\n<meta property=\"og:description\" content=\"Marina Baja\" \/>\n<meta property=\"og:url\" content=\"https:\/\/alicantecenter.com\/es\/localidades\/marina-baja\/\" \/>\n<meta property=\"og:site_name\" content=\"Alicante - VYM Canarias\" \/>\n<meta property=\"article:publisher\" content=\"https:\/\/www.facebook.com\/vym.canarias\" \/>\n<meta property=\"article:modified_time\" content=\"2023-06-25T13:18:25+00:00\" \/>\n<meta property=\"og:image\" content=\"https:\/\/alicantecenter.com\/wp-content\/uploads\/2023\/06\/vym-canarias-office-2.jpeg\" \/>\n\t<meta property=\"og:image:width\" content=\"1920\" \/>\n\t<meta property=\"og:image:height\" content=\"350\" \/>\n\t<meta property=\"og:image:type\" content=\"image\/jpeg\" \/>\n<meta name=\"twitter:card\" content=\"summary_large_image\" \/>\n<meta name=\"twitter:label1\" content=\"Tiempo de lectura\" \/>\n\t<meta name=\"twitter:data1\" content=\"1 minuto\" \/>\n<script type=\"application\/ld+json\" class=\"yoast-schema-graph\">{\"@context\":\"https:\\\/\\\/schema.org\",\"@graph\":[{\"@type\":\"WebPage\",\"@id\":\"https:\\\/\\\/alicantecenter.com\\\/es\\\/localidades\\\/marina-baja\\\/\",\"url\":\"https:\\\/\\\/alicantecenter.com\\\/es\\\/localidades\\\/marina-baja\\\/\",\"name\":\"Marina Baja - Alicante - VYM Canarias\",\"isPartOf\":{\"@id\":\"https:\\\/\\\/alicantecenter.com\\\/es\\\/#website\"},\"primaryImageOfPage\":{\"@id\":\"https:\\\/\\\/alicantecenter.com\\\/es\\\/localidades\\\/marina-baja\\\/#primaryimage\"},\"image\":{\"@id\":\"https:\\\/\\\/alicantecenter.com\\\/es\\\/localidades\\\/marina-baja\\\/#primaryimage\"},\"thumbnailUrl\":\"https:\\\/\\\/alicantecenter.com\\\/wp-content\\\/uploads\\\/2023\\\/06\\\/vym-canarias-office-2.jpeg\",\"datePublished\":\"2022-07-03T14:07:54+00:00\",\"dateModified\":\"2023-06-25T13:18:25+00:00\",\"description\":\"Marina Baja\",\"breadcrumb\":{\"@id\":\"https:\\\/\\\/alicantecenter.com\\\/es\\\/localidades\\\/marina-baja\\\/#breadcrumb\"},\"inLanguage\":\"es\",\"potentialAction\":[{\"@type\":\"ReadAction\",\"target\":[\"https:\\\/\\\/alicantecenter.com\\\/es\\\/localidades\\\/marina-baja\\\/\"]}]},{\"@type\":\"ImageObject\",\"inLanguage\":\"es\",\"@id\":\"https:\\\/\\\/alicantecenter.com\\\/es\\\/localidades\\\/marina-baja\\\/#primaryimage\",\"url\":\"https:\\\/\\\/alicantecenter.com\\\/wp-content\\\/uploads\\\/2023\\\/06\\\/vym-canarias-office-2.jpeg\",\"contentUrl\":\"https:\\\/\\\/alicantecenter.com\\\/wp-content\\\/uploads\\\/2023\\\/06\\\/vym-canarias-office-2.jpeg\",\"width\":1920,\"height\":350},{\"@type\":\"BreadcrumbList\",\"@id\":\"https:\\\/\\\/alicantecenter.com\\\/es\\\/localidades\\\/marina-baja\\\/#breadcrumb\",\"itemListElement\":[{\"@type\":\"ListItem\",\"position\":1,\"name\":\"Home\",\"item\":\"https:\\\/\\\/alicantecenter.com\\\/es\\\/\"},{\"@type\":\"ListItem\",\"position\":2,\"name\":\"Localidades\",\"item\":\"https:\\\/\\\/alicantecenter.com\\\/es\\\/localidades\\\/\"},{\"@type\":\"ListItem\",\"position\":3,\"name\":\"Marina Baja\"}]},{\"@type\":\"WebSite\",\"@id\":\"https:\\\/\\\/alicantecenter.com\\\/es\\\/#website\",\"url\":\"https:\\\/\\\/alicantecenter.com\\\/es\\\/\",\"name\":\"Alicante - VYM Canarias\",\"description\":\"Real Estate - Alicante\",\"potentialAction\":[{\"@type\":\"SearchAction\",\"target\":{\"@type\":\"EntryPoint\",\"urlTemplate\":\"https:\\\/\\\/alicantecenter.com\\\/es\\\/?s={search_term_string}\"},\"query-input\":{\"@type\":\"PropertyValueSpecification\",\"valueRequired\":true,\"valueName\":\"search_term_string\"}}],\"inLanguage\":\"es\"}]}<\/script>\n<!-- \/ Yoast SEO plugin. -->","yoast_head_json":{"title":"Marina Baja - Alicante - VYM Canarias","description":"Marina Baja","robots":{"index":"index","follow":"follow","max-snippet":"max-snippet:-1","max-image-preview":"max-image-preview:large","max-video-preview":"max-video-preview:-1"},"canonical":"https:\/\/alicantecenter.com\/es\/localidades\/marina-baja\/","og_locale":"es_ES","og_type":"article","og_title":"Marina Baja - Alicante - VYM Canarias","og_description":"Marina Baja","og_url":"https:\/\/alicantecenter.com\/es\/localidades\/marina-baja\/","og_site_name":"Alicante - VYM Canarias","article_publisher":"https:\/\/www.facebook.com\/vym.canarias","article_modified_time":"2023-06-25T13:18:25+00:00","og_image":[{"width":1920,"height":350,"url":"https:\/\/alicantecenter.com\/wp-content\/uploads\/2023\/06\/vym-canarias-office-2.jpeg","type":"image\/jpeg"}],"twitter_card":"summary_large_image","twitter_misc":{"Tiempo de lectura":"1 minuto"},"schema":{"@context":"https:\/\/schema.org","@graph":[{"@type":"WebPage","@id":"https:\/\/alicantecenter.com\/es\/localidades\/marina-baja\/","url":"https:\/\/alicantecenter.com\/es\/localidades\/marina-baja\/","name":"Marina Baja - Alicante - VYM Canarias","isPartOf":{"@id":"https:\/\/alicantecenter.com\/es\/#website"},"primaryImageOfPage":{"@id":"https:\/\/alicantecenter.com\/es\/localidades\/marina-baja\/#primaryimage"},"image":{"@id":"https:\/\/alicantecenter.com\/es\/localidades\/marina-baja\/#primaryimage"},"thumbnailUrl":"https:\/\/alicantecenter.com\/wp-content\/uploads\/2023\/06\/vym-canarias-office-2.jpeg","datePublished":"2022-07-03T14:07:54+00:00","dateModified":"2023-06-25T13:18:25+00:00","description":"Marina Baja","breadcrumb":{"@id":"https:\/\/alicantecenter.com\/es\/localidades\/marina-baja\/#breadcrumb"},"inLanguage":"es","potentialAction":[{"@type":"ReadAction","target":["https:\/\/alicantecenter.com\/es\/localidades\/marina-baja\/"]}]},{"@type":"ImageObject","inLanguage":"es","@id":"https:\/\/alicantecenter.com\/es\/localidades\/marina-baja\/#primaryimage","url":"https:\/\/alicantecenter.com\/wp-content\/uploads\/2023\/06\/vym-canarias-office-2.jpeg","contentUrl":"https:\/\/alicantecenter.com\/wp-content\/uploads\/2023\/06\/vym-canarias-office-2.jpeg","width":1920,"height":350},{"@type":"BreadcrumbList","@id":"https:\/\/alicantecenter.com\/es\/localidades\/marina-baja\/#breadcrumb","itemListElement":[{"@type":"ListItem","position":1,"name":"Home","item":"https:\/\/alicantecenter.com\/es\/"},{"@type":"ListItem","position":2,"name":"Localidades","item":"https:\/\/alicantecenter.com\/es\/localidades\/"},{"@type":"ListItem","position":3,"name":"Marina Baja"}]},{"@type":"WebSite","@id":"https:\/\/alicantecenter.com\/es\/#website","url":"https:\/\/alicantecenter.com\/es\/","name":"Alicante - VYM Canarias","description":"Real Estate - Alicante","potentialAction":[{"@type":"SearchAction","target":{"@type":"EntryPoint","urlTemplate":"https:\/\/alicantecenter.com\/es\/?s={search_term_string}"},"query-input":{"@type":"PropertyValueSpecification","valueRequired":true,"valueName":"search_term_string"}}],"inLanguage":"es"}]}},"_links":{"self":[{"href":"https:\/\/alicantecenter.com\/es\/wp-json\/wp\/v2\/pages\/201078","targetHints":{"allow":["GET"]}}],"collection":[{"href":"https:\/\/alicantecenter.com\/es\/wp-json\/wp\/v2\/pages"}],"about":[{"href":"https:\/\/alicantecenter.com\/es\/wp-json\/wp\/v2\/types\/page"}],"author":[{"embeddable":true,"href":"https:\/\/alicantecenter.com\/es\/wp-json\/wp\/v2\/users\/1"}],"replies":[{"embeddable":true,"href":"https:\/\/alicantecenter.com\/es\/wp-json\/wp\/v2\/comments?post=201078"}],"version-history":[{"count":0,"href":"https:\/\/alicantecenter.com\/es\/wp-json\/wp\/v2\/pages\/201078\/revisions"}],"up":[{"embeddable":true,"href":"https:\/\/alicantecenter.com\/es\/wp-json\/wp\/v2\/pages\/201068"}],"wp:featuredmedia":[{"embeddable":true,"href":"https:\/\/alicantecenter.com\/es\/wp-json\/wp\/v2\/media\/256011"}],"wp:attachment":[{"href":"https:\/\/alicantecenter.com\/es\/wp-json\/wp\/v2\/media?parent=201078"}],"curies":[{"name":"wp","href":"https:\/\/api.w.org\/{rel}","templated":true}]}}