{"id":201076,"date":"2022-07-03T14:09:49","date_gmt":"2022-07-03T14:09:49","guid":{"rendered":"https:\/\/alicantecenter.com\/locations\/finestrat\/"},"modified":"2023-06-25T13:18:23","modified_gmt":"2023-06-25T13:18:23","slug":"finestrat","status":"publish","type":"page","link":"https:\/\/alicantecenter.com\/es\/localidades\/finestrat\/","title":{"rendered":"Finestrat"},"content":{"rendered":"Situado en la provincia de Alicante, fue construido sobre una pe\u00f1a de yeso y el significado literal de su nombre es \u00abVentana al mar\u00bb, debido a su cercan\u00eda al mar y altura, ofrece unas inmejorables vistas a la costa.\r\nEn los ultimos 5 a\u00f1os esta zona concentra la atenci\u00f3n del sector inmobiliario, de hecho, a d\u00eda de hoy adquirir una propiedad en Finestrat supone una gran oportunidad de inversi\u00f3n a largo plazo.\r\nEn los ultimos a\u00f1os ha crecido de manera considerable el inter\u00e9s tur\u00edstico de la zona, sus infraestructuras y sus zonas comerciales. As\u00ed como una importante cantidad de viviendas de nueva construcci\u00f3n, entre chalets, villas y lujosos residenciasles. \r\nSi busca el lugar perfecto para vivir cerca del mar, Finestrat podr\u00eda ser su opci\u00f3n perfecta. La Cala de Finestart ofrece 300 metros de playa de arena blanca y aguas cristalinas para disfrutar del mar durante todo el a\u00f1o. Adem\u00e1s, la vida en La Cala es muy activa ya que ofrece numerosas actividades recreativas y de ocio como los mercadillos 3 veces a la semana, playa, restaurantes, un cercano centro comercial, cine y parque de atracciones, entre otros. Resulta de gran comodidad tener cerca una de las zonas comerciales m\u00e1s grandes de la Costa Blanca. \r\nEn conclusi\u00f3n, es un perfecto lugar donde invertir a fin de aprovechar su crecimiento.","protected":false},"excerpt":{"rendered":"<p>Situado en la provincia de Alicante, fue construido sobre una pe\u00f1a de yeso y el significado literal de su nombre es \u00abVentana al mar\u00bb, debido a su cercan\u00eda al mar y altura, ofrece unas inmejorables vistas a la costa. En los ultimos 5 a\u00f1os esta zona concentra la atenci\u00f3n del sector inmobiliario, de hecho, a [&hellip;]<\/p>\n","protected":false},"author":1,"featured_media":256011,"parent":201068,"menu_order":0,"comment_status":"closed","ping_status":"closed","template":"","meta":{"_acf_changed":false,"footnotes":""},"class_list":["post-201076","page","type-page","status-publish","has-post-thumbnail","hentry"],"acf":[],"yoast_head":"<!-- This site is optimized with the Yoast SEO plugin v27.4 - https:\/\/yoast.com\/product\/yoast-seo-wordpress\/ -->\n<title>Finestrat - Alicante - VYM Canarias<\/title>\n<meta name=\"description\" content=\"Finestrat\" \/>\n<meta name=\"robots\" content=\"index, follow, max-snippet:-1, max-image-preview:large, max-video-preview:-1\" \/>\n<link rel=\"canonical\" href=\"https:\/\/alicantecenter.com\/es\/localidades\/finestrat\/\" \/>\n<meta property=\"og:locale\" content=\"es_ES\" \/>\n<meta property=\"og:type\" content=\"article\" \/>\n<meta property=\"og:title\" content=\"Finestrat - Alicante - VYM Canarias\" \/>\n<meta property=\"og:description\" content=\"Finestrat\" \/>\n<meta property=\"og:url\" content=\"https:\/\/alicantecenter.com\/es\/localidades\/finestrat\/\" \/>\n<meta property=\"og:site_name\" content=\"Alicante - VYM Canarias\" \/>\n<meta property=\"article:publisher\" content=\"https:\/\/www.facebook.com\/vym.canarias\" \/>\n<meta property=\"article:modified_time\" content=\"2023-06-25T13:18:23+00:00\" \/>\n<meta property=\"og:image\" content=\"https:\/\/alicantecenter.com\/wp-content\/uploads\/2023\/06\/vym-canarias-office-2.jpeg\" \/>\n\t<meta property=\"og:image:width\" content=\"1920\" \/>\n\t<meta property=\"og:image:height\" content=\"350\" \/>\n\t<meta property=\"og:image:type\" content=\"image\/jpeg\" \/>\n<meta name=\"twitter:card\" content=\"summary_large_image\" \/>\n<meta name=\"twitter:label1\" content=\"Tiempo de lectura\" \/>\n\t<meta name=\"twitter:data1\" content=\"1 minuto\" \/>\n<script type=\"application\/ld+json\" class=\"yoast-schema-graph\">{\"@context\":\"https:\\\/\\\/schema.org\",\"@graph\":[{\"@type\":\"WebPage\",\"@id\":\"https:\\\/\\\/alicantecenter.com\\\/es\\\/localidades\\\/finestrat\\\/\",\"url\":\"https:\\\/\\\/alicantecenter.com\\\/es\\\/localidades\\\/finestrat\\\/\",\"name\":\"Finestrat - Alicante - VYM Canarias\",\"isPartOf\":{\"@id\":\"https:\\\/\\\/alicantecenter.com\\\/es\\\/#website\"},\"primaryImageOfPage\":{\"@id\":\"https:\\\/\\\/alicantecenter.com\\\/es\\\/localidades\\\/finestrat\\\/#primaryimage\"},\"image\":{\"@id\":\"https:\\\/\\\/alicantecenter.com\\\/es\\\/localidades\\\/finestrat\\\/#primaryimage\"},\"thumbnailUrl\":\"https:\\\/\\\/alicantecenter.com\\\/wp-content\\\/uploads\\\/2023\\\/06\\\/vym-canarias-office-2.jpeg\",\"datePublished\":\"2022-07-03T14:09:49+00:00\",\"dateModified\":\"2023-06-25T13:18:23+00:00\",\"description\":\"Finestrat\",\"breadcrumb\":{\"@id\":\"https:\\\/\\\/alicantecenter.com\\\/es\\\/localidades\\\/finestrat\\\/#breadcrumb\"},\"inLanguage\":\"es\",\"potentialAction\":[{\"@type\":\"ReadAction\",\"target\":[\"https:\\\/\\\/alicantecenter.com\\\/es\\\/localidades\\\/finestrat\\\/\"]}]},{\"@type\":\"ImageObject\",\"inLanguage\":\"es\",\"@id\":\"https:\\\/\\\/alicantecenter.com\\\/es\\\/localidades\\\/finestrat\\\/#primaryimage\",\"url\":\"https:\\\/\\\/alicantecenter.com\\\/wp-content\\\/uploads\\\/2023\\\/06\\\/vym-canarias-office-2.jpeg\",\"contentUrl\":\"https:\\\/\\\/alicantecenter.com\\\/wp-content\\\/uploads\\\/2023\\\/06\\\/vym-canarias-office-2.jpeg\",\"width\":1920,\"height\":350},{\"@type\":\"BreadcrumbList\",\"@id\":\"https:\\\/\\\/alicantecenter.com\\\/es\\\/localidades\\\/finestrat\\\/#breadcrumb\",\"itemListElement\":[{\"@type\":\"ListItem\",\"position\":1,\"name\":\"Home\",\"item\":\"https:\\\/\\\/alicantecenter.com\\\/es\\\/\"},{\"@type\":\"ListItem\",\"position\":2,\"name\":\"Localidades\",\"item\":\"https:\\\/\\\/alicantecenter.com\\\/es\\\/localidades\\\/\"},{\"@type\":\"ListItem\",\"position\":3,\"name\":\"Finestrat\"}]},{\"@type\":\"WebSite\",\"@id\":\"https:\\\/\\\/alicantecenter.com\\\/es\\\/#website\",\"url\":\"https:\\\/\\\/alicantecenter.com\\\/es\\\/\",\"name\":\"Alicante - VYM Canarias\",\"description\":\"Real Estate - Alicante\",\"potentialAction\":[{\"@type\":\"SearchAction\",\"target\":{\"@type\":\"EntryPoint\",\"urlTemplate\":\"https:\\\/\\\/alicantecenter.com\\\/es\\\/?s={search_term_string}\"},\"query-input\":{\"@type\":\"PropertyValueSpecification\",\"valueRequired\":true,\"valueName\":\"search_term_string\"}}],\"inLanguage\":\"es\"}]}<\/script>\n<!-- \/ Yoast SEO plugin. -->","yoast_head_json":{"title":"Finestrat - Alicante - VYM Canarias","description":"Finestrat","robots":{"index":"index","follow":"follow","max-snippet":"max-snippet:-1","max-image-preview":"max-image-preview:large","max-video-preview":"max-video-preview:-1"},"canonical":"https:\/\/alicantecenter.com\/es\/localidades\/finestrat\/","og_locale":"es_ES","og_type":"article","og_title":"Finestrat - Alicante - VYM Canarias","og_description":"Finestrat","og_url":"https:\/\/alicantecenter.com\/es\/localidades\/finestrat\/","og_site_name":"Alicante - VYM Canarias","article_publisher":"https:\/\/www.facebook.com\/vym.canarias","article_modified_time":"2023-06-25T13:18:23+00:00","og_image":[{"width":1920,"height":350,"url":"https:\/\/alicantecenter.com\/wp-content\/uploads\/2023\/06\/vym-canarias-office-2.jpeg","type":"image\/jpeg"}],"twitter_card":"summary_large_image","twitter_misc":{"Tiempo de lectura":"1 minuto"},"schema":{"@context":"https:\/\/schema.org","@graph":[{"@type":"WebPage","@id":"https:\/\/alicantecenter.com\/es\/localidades\/finestrat\/","url":"https:\/\/alicantecenter.com\/es\/localidades\/finestrat\/","name":"Finestrat - Alicante - VYM Canarias","isPartOf":{"@id":"https:\/\/alicantecenter.com\/es\/#website"},"primaryImageOfPage":{"@id":"https:\/\/alicantecenter.com\/es\/localidades\/finestrat\/#primaryimage"},"image":{"@id":"https:\/\/alicantecenter.com\/es\/localidades\/finestrat\/#primaryimage"},"thumbnailUrl":"https:\/\/alicantecenter.com\/wp-content\/uploads\/2023\/06\/vym-canarias-office-2.jpeg","datePublished":"2022-07-03T14:09:49+00:00","dateModified":"2023-06-25T13:18:23+00:00","description":"Finestrat","breadcrumb":{"@id":"https:\/\/alicantecenter.com\/es\/localidades\/finestrat\/#breadcrumb"},"inLanguage":"es","potentialAction":[{"@type":"ReadAction","target":["https:\/\/alicantecenter.com\/es\/localidades\/finestrat\/"]}]},{"@type":"ImageObject","inLanguage":"es","@id":"https:\/\/alicantecenter.com\/es\/localidades\/finestrat\/#primaryimage","url":"https:\/\/alicantecenter.com\/wp-content\/uploads\/2023\/06\/vym-canarias-office-2.jpeg","contentUrl":"https:\/\/alicantecenter.com\/wp-content\/uploads\/2023\/06\/vym-canarias-office-2.jpeg","width":1920,"height":350},{"@type":"BreadcrumbList","@id":"https:\/\/alicantecenter.com\/es\/localidades\/finestrat\/#breadcrumb","itemListElement":[{"@type":"ListItem","position":1,"name":"Home","item":"https:\/\/alicantecenter.com\/es\/"},{"@type":"ListItem","position":2,"name":"Localidades","item":"https:\/\/alicantecenter.com\/es\/localidades\/"},{"@type":"ListItem","position":3,"name":"Finestrat"}]},{"@type":"WebSite","@id":"https:\/\/alicantecenter.com\/es\/#website","url":"https:\/\/alicantecenter.com\/es\/","name":"Alicante - VYM Canarias","description":"Real Estate - Alicante","potentialAction":[{"@type":"SearchAction","target":{"@type":"EntryPoint","urlTemplate":"https:\/\/alicantecenter.com\/es\/?s={search_term_string}"},"query-input":{"@type":"PropertyValueSpecification","valueRequired":true,"valueName":"search_term_string"}}],"inLanguage":"es"}]}},"_links":{"self":[{"href":"https:\/\/alicantecenter.com\/es\/wp-json\/wp\/v2\/pages\/201076","targetHints":{"allow":["GET"]}}],"collection":[{"href":"https:\/\/alicantecenter.com\/es\/wp-json\/wp\/v2\/pages"}],"about":[{"href":"https:\/\/alicantecenter.com\/es\/wp-json\/wp\/v2\/types\/page"}],"author":[{"embeddable":true,"href":"https:\/\/alicantecenter.com\/es\/wp-json\/wp\/v2\/users\/1"}],"replies":[{"embeddable":true,"href":"https:\/\/alicantecenter.com\/es\/wp-json\/wp\/v2\/comments?post=201076"}],"version-history":[{"count":0,"href":"https:\/\/alicantecenter.com\/es\/wp-json\/wp\/v2\/pages\/201076\/revisions"}],"up":[{"embeddable":true,"href":"https:\/\/alicantecenter.com\/es\/wp-json\/wp\/v2\/pages\/201068"}],"wp:featuredmedia":[{"embeddable":true,"href":"https:\/\/alicantecenter.com\/es\/wp-json\/wp\/v2\/media\/256011"}],"wp:attachment":[{"href":"https:\/\/alicantecenter.com\/es\/wp-json\/wp\/v2\/media?parent=201076"}],"curies":[{"name":"wp","href":"https:\/\/api.w.org\/{rel}","templated":true}]}}