{"id":201074,"date":"2022-07-03T14:09:05","date_gmt":"2022-07-03T14:09:05","guid":{"rendered":"https:\/\/alicantecenter.com\/locations\/benidorm\/"},"modified":"2023-06-25T13:18:20","modified_gmt":"2023-06-25T13:18:20","slug":"benidorm","status":"publish","type":"page","link":"https:\/\/alicantecenter.com\/es\/localidades\/benidorm\/","title":{"rendered":"Benidorm"},"content":{"rendered":"La ciudad de Benidor se conoce como la Nueva York de Espa\u00f1a, debido a la gran cantidad de rascacielos que alberga, junto a su estilo cosmopolita y nuemorosas opciones de ocio. \r\nEntre sus grandes atractivos podemos nombrar sus playas y su agradable clima, con una temperatura media anual de unos 23 grados cent\u00edgrados, llegando a un m\u00ednimo de 7 durante los inviernos. Sus dos playas, La playa de Poniente y La playa de Levante, se encuentras  separadas por la zona del casco antiguo y son perfectas para dar largos paseos tanto durante el verano como durante el invierno. \r\nLa ciudad en si ofrece perfectas oportunidades para vivir, ya que los precios de viviendas por metro cuadrado son inferiores con respecto a otras ciudades cercanas. Su gran oferta de ocio tampoco le dejar\u00e1 decepcionado, encontrandose numerosos parques acuaticos o de atracciones, como Aqualandia \u00b7 Mundomar \u00b7 Terra Natura \u00b7 Aqua Natura \u00b7 Terra M\u00edtica \u00b7 Parque de L&#8217;Aig\u00fcera. Sin dejar de lado la zona de ocio nocturno. De modo que, Benidorm es una opci\u00f3n ideal no solo para sus vacaciones, sino tambi\u00e9n para disfrutar la vida en todos sus colores.","protected":false},"excerpt":{"rendered":"<p>La ciudad de Benidor se conoce como la Nueva York de Espa\u00f1a, debido a la gran cantidad de rascacielos que alberga, junto a su estilo cosmopolita y nuemorosas opciones de ocio. Entre sus grandes atractivos podemos nombrar sus playas y su agradable clima, con una temperatura media anual de unos 23 grados cent\u00edgrados, llegando a [&hellip;]<\/p>\n","protected":false},"author":1,"featured_media":256011,"parent":201068,"menu_order":0,"comment_status":"closed","ping_status":"closed","template":"","meta":{"_acf_changed":false,"footnotes":""},"class_list":["post-201074","page","type-page","status-publish","has-post-thumbnail","hentry"],"acf":[],"yoast_head":"<!-- This site is optimized with the Yoast SEO plugin v27.3 - https:\/\/yoast.com\/product\/yoast-seo-wordpress\/ -->\n<title>Benidorm - Alicante - VYM Canarias<\/title>\n<meta name=\"description\" content=\"Benidorm\" \/>\n<meta name=\"robots\" content=\"index, follow, max-snippet:-1, max-image-preview:large, max-video-preview:-1\" \/>\n<link rel=\"canonical\" href=\"https:\/\/alicantecenter.com\/es\/localidades\/benidorm\/\" \/>\n<meta property=\"og:locale\" content=\"es_ES\" \/>\n<meta property=\"og:type\" content=\"article\" \/>\n<meta property=\"og:title\" content=\"Benidorm - Alicante - VYM Canarias\" \/>\n<meta property=\"og:description\" content=\"Benidorm\" \/>\n<meta property=\"og:url\" content=\"https:\/\/alicantecenter.com\/es\/localidades\/benidorm\/\" \/>\n<meta property=\"og:site_name\" content=\"Alicante - VYM Canarias\" \/>\n<meta property=\"article:publisher\" content=\"https:\/\/www.facebook.com\/vym.canarias\" \/>\n<meta property=\"article:modified_time\" content=\"2023-06-25T13:18:20+00:00\" \/>\n<meta property=\"og:image\" content=\"https:\/\/alicantecenter.com\/wp-content\/uploads\/2023\/06\/vym-canarias-office-2.jpeg\" \/>\n\t<meta property=\"og:image:width\" content=\"1920\" \/>\n\t<meta property=\"og:image:height\" content=\"350\" \/>\n\t<meta property=\"og:image:type\" content=\"image\/jpeg\" \/>\n<meta name=\"twitter:card\" content=\"summary_large_image\" \/>\n<meta name=\"twitter:label1\" content=\"Tiempo de lectura\" \/>\n\t<meta name=\"twitter:data1\" content=\"1 minuto\" \/>\n<script type=\"application\/ld+json\" class=\"yoast-schema-graph\">{\"@context\":\"https:\\\/\\\/schema.org\",\"@graph\":[{\"@type\":\"WebPage\",\"@id\":\"https:\\\/\\\/alicantecenter.com\\\/es\\\/localidades\\\/benidorm\\\/\",\"url\":\"https:\\\/\\\/alicantecenter.com\\\/es\\\/localidades\\\/benidorm\\\/\",\"name\":\"Benidorm - Alicante - VYM Canarias\",\"isPartOf\":{\"@id\":\"https:\\\/\\\/alicantecenter.com\\\/es\\\/#website\"},\"primaryImageOfPage\":{\"@id\":\"https:\\\/\\\/alicantecenter.com\\\/es\\\/localidades\\\/benidorm\\\/#primaryimage\"},\"image\":{\"@id\":\"https:\\\/\\\/alicantecenter.com\\\/es\\\/localidades\\\/benidorm\\\/#primaryimage\"},\"thumbnailUrl\":\"https:\\\/\\\/alicantecenter.com\\\/wp-content\\\/uploads\\\/2023\\\/06\\\/vym-canarias-office-2.jpeg\",\"datePublished\":\"2022-07-03T14:09:05+00:00\",\"dateModified\":\"2023-06-25T13:18:20+00:00\",\"description\":\"Benidorm\",\"breadcrumb\":{\"@id\":\"https:\\\/\\\/alicantecenter.com\\\/es\\\/localidades\\\/benidorm\\\/#breadcrumb\"},\"inLanguage\":\"es\",\"potentialAction\":[{\"@type\":\"ReadAction\",\"target\":[\"https:\\\/\\\/alicantecenter.com\\\/es\\\/localidades\\\/benidorm\\\/\"]}]},{\"@type\":\"ImageObject\",\"inLanguage\":\"es\",\"@id\":\"https:\\\/\\\/alicantecenter.com\\\/es\\\/localidades\\\/benidorm\\\/#primaryimage\",\"url\":\"https:\\\/\\\/alicantecenter.com\\\/wp-content\\\/uploads\\\/2023\\\/06\\\/vym-canarias-office-2.jpeg\",\"contentUrl\":\"https:\\\/\\\/alicantecenter.com\\\/wp-content\\\/uploads\\\/2023\\\/06\\\/vym-canarias-office-2.jpeg\",\"width\":1920,\"height\":350},{\"@type\":\"BreadcrumbList\",\"@id\":\"https:\\\/\\\/alicantecenter.com\\\/es\\\/localidades\\\/benidorm\\\/#breadcrumb\",\"itemListElement\":[{\"@type\":\"ListItem\",\"position\":1,\"name\":\"Home\",\"item\":\"https:\\\/\\\/alicantecenter.com\\\/es\\\/\"},{\"@type\":\"ListItem\",\"position\":2,\"name\":\"Localidades\",\"item\":\"https:\\\/\\\/alicantecenter.com\\\/es\\\/localidades\\\/\"},{\"@type\":\"ListItem\",\"position\":3,\"name\":\"Benidorm\"}]},{\"@type\":\"WebSite\",\"@id\":\"https:\\\/\\\/alicantecenter.com\\\/es\\\/#website\",\"url\":\"https:\\\/\\\/alicantecenter.com\\\/es\\\/\",\"name\":\"Alicante - VYM Canarias\",\"description\":\"Real Estate - Alicante\",\"potentialAction\":[{\"@type\":\"SearchAction\",\"target\":{\"@type\":\"EntryPoint\",\"urlTemplate\":\"https:\\\/\\\/alicantecenter.com\\\/es\\\/?s={search_term_string}\"},\"query-input\":{\"@type\":\"PropertyValueSpecification\",\"valueRequired\":true,\"valueName\":\"search_term_string\"}}],\"inLanguage\":\"es\"}]}<\/script>\n<!-- \/ Yoast SEO plugin. -->","yoast_head_json":{"title":"Benidorm - Alicante - VYM Canarias","description":"Benidorm","robots":{"index":"index","follow":"follow","max-snippet":"max-snippet:-1","max-image-preview":"max-image-preview:large","max-video-preview":"max-video-preview:-1"},"canonical":"https:\/\/alicantecenter.com\/es\/localidades\/benidorm\/","og_locale":"es_ES","og_type":"article","og_title":"Benidorm - Alicante - VYM Canarias","og_description":"Benidorm","og_url":"https:\/\/alicantecenter.com\/es\/localidades\/benidorm\/","og_site_name":"Alicante - VYM Canarias","article_publisher":"https:\/\/www.facebook.com\/vym.canarias","article_modified_time":"2023-06-25T13:18:20+00:00","og_image":[{"width":1920,"height":350,"url":"https:\/\/alicantecenter.com\/wp-content\/uploads\/2023\/06\/vym-canarias-office-2.jpeg","type":"image\/jpeg"}],"twitter_card":"summary_large_image","twitter_misc":{"Tiempo de lectura":"1 minuto"},"schema":{"@context":"https:\/\/schema.org","@graph":[{"@type":"WebPage","@id":"https:\/\/alicantecenter.com\/es\/localidades\/benidorm\/","url":"https:\/\/alicantecenter.com\/es\/localidades\/benidorm\/","name":"Benidorm - Alicante - VYM Canarias","isPartOf":{"@id":"https:\/\/alicantecenter.com\/es\/#website"},"primaryImageOfPage":{"@id":"https:\/\/alicantecenter.com\/es\/localidades\/benidorm\/#primaryimage"},"image":{"@id":"https:\/\/alicantecenter.com\/es\/localidades\/benidorm\/#primaryimage"},"thumbnailUrl":"https:\/\/alicantecenter.com\/wp-content\/uploads\/2023\/06\/vym-canarias-office-2.jpeg","datePublished":"2022-07-03T14:09:05+00:00","dateModified":"2023-06-25T13:18:20+00:00","description":"Benidorm","breadcrumb":{"@id":"https:\/\/alicantecenter.com\/es\/localidades\/benidorm\/#breadcrumb"},"inLanguage":"es","potentialAction":[{"@type":"ReadAction","target":["https:\/\/alicantecenter.com\/es\/localidades\/benidorm\/"]}]},{"@type":"ImageObject","inLanguage":"es","@id":"https:\/\/alicantecenter.com\/es\/localidades\/benidorm\/#primaryimage","url":"https:\/\/alicantecenter.com\/wp-content\/uploads\/2023\/06\/vym-canarias-office-2.jpeg","contentUrl":"https:\/\/alicantecenter.com\/wp-content\/uploads\/2023\/06\/vym-canarias-office-2.jpeg","width":1920,"height":350},{"@type":"BreadcrumbList","@id":"https:\/\/alicantecenter.com\/es\/localidades\/benidorm\/#breadcrumb","itemListElement":[{"@type":"ListItem","position":1,"name":"Home","item":"https:\/\/alicantecenter.com\/es\/"},{"@type":"ListItem","position":2,"name":"Localidades","item":"https:\/\/alicantecenter.com\/es\/localidades\/"},{"@type":"ListItem","position":3,"name":"Benidorm"}]},{"@type":"WebSite","@id":"https:\/\/alicantecenter.com\/es\/#website","url":"https:\/\/alicantecenter.com\/es\/","name":"Alicante - VYM Canarias","description":"Real Estate - Alicante","potentialAction":[{"@type":"SearchAction","target":{"@type":"EntryPoint","urlTemplate":"https:\/\/alicantecenter.com\/es\/?s={search_term_string}"},"query-input":{"@type":"PropertyValueSpecification","valueRequired":true,"valueName":"search_term_string"}}],"inLanguage":"es"}]}},"_links":{"self":[{"href":"https:\/\/alicantecenter.com\/es\/wp-json\/wp\/v2\/pages\/201074","targetHints":{"allow":["GET"]}}],"collection":[{"href":"https:\/\/alicantecenter.com\/es\/wp-json\/wp\/v2\/pages"}],"about":[{"href":"https:\/\/alicantecenter.com\/es\/wp-json\/wp\/v2\/types\/page"}],"author":[{"embeddable":true,"href":"https:\/\/alicantecenter.com\/es\/wp-json\/wp\/v2\/users\/1"}],"replies":[{"embeddable":true,"href":"https:\/\/alicantecenter.com\/es\/wp-json\/wp\/v2\/comments?post=201074"}],"version-history":[{"count":0,"href":"https:\/\/alicantecenter.com\/es\/wp-json\/wp\/v2\/pages\/201074\/revisions"}],"up":[{"embeddable":true,"href":"https:\/\/alicantecenter.com\/es\/wp-json\/wp\/v2\/pages\/201068"}],"wp:featuredmedia":[{"embeddable":true,"href":"https:\/\/alicantecenter.com\/es\/wp-json\/wp\/v2\/media\/256011"}],"wp:attachment":[{"href":"https:\/\/alicantecenter.com\/es\/wp-json\/wp\/v2\/media?parent=201074"}],"curies":[{"name":"wp","href":"https:\/\/api.w.org\/{rel}","templated":true}]}}