{"id":201072,"date":"2022-07-03T14:08:48","date_gmt":"2022-07-03T14:08:48","guid":{"rendered":"https:\/\/alicantecenter.com\/locations\/altea\/"},"modified":"2023-06-25T13:16:20","modified_gmt":"2023-06-25T13:16:20","slug":"altea","status":"publish","type":"page","link":"https:\/\/alicantecenter.com\/es\/localidades\/altea\/","title":{"rendered":"Altea"},"content":{"rendered":"Altea es otra de las ciudades costers de la provincia de Alicante que destaca por sus hermosos paisajes del mediterraneo, considerada como una de las ciudades mas bellas de Espa\u00f1a. Su casco antiguo es una delicia visual, con sus calle de piedra llenas de negocios de artesan\u00eda, boutiques vintage y tiendas de ropa con estilos mediterraneos, todo ello concentrado en un peque\u00f1o pueblo caracter\u00edstico del mediterraneo con sus tonalidades de blanco y azul.  En esta localidad nos podemos encontrar con 3 puertos diferentes, uno de los cuales conocido mundialmente, la Marina Greenwich, por ser el \u00fanico puerto que se sit\u00faa exactamente en el meridiano 000\u00ba 00 \u201900\u2019 \u2018. Adem\u00e1s del Club Nautico de Altea, su puerto deportivo Porto Senso y otro peque\u00f1o puerto pesquero. Asimismo, a escasos kilometros de la ciudad se encuentra el club de golf Don Cayo y el residencial Altea Hills, famoso por su extensi\u00f3n de 34 km\u00b2 y lujoso estilo inspirado en los paisajes del mediterraneo. Con un microclima propio que permite disfrutar de suaves inviernos y calidos veranos, y sus hermosas vistas a la ciudad de Altea.","protected":false},"excerpt":{"rendered":"<p>Altea es otra de las ciudades costers de la provincia de Alicante que destaca por sus hermosos paisajes del mediterraneo, considerada como una de las ciudades mas bellas de Espa\u00f1a. Su casco antiguo es una delicia visual, con sus calle de piedra llenas de negocios de artesan\u00eda, boutiques vintage y tiendas de ropa con estilos [&hellip;]<\/p>\n","protected":false},"author":1,"featured_media":256011,"parent":201068,"menu_order":0,"comment_status":"closed","ping_status":"closed","template":"","meta":{"_acf_changed":false,"footnotes":""},"class_list":["post-201072","page","type-page","status-publish","has-post-thumbnail","hentry"],"acf":[],"yoast_head":"<!-- This site is optimized with the Yoast SEO plugin v27.3 - https:\/\/yoast.com\/product\/yoast-seo-wordpress\/ -->\n<title>Altea - Alicante - VYM Canarias<\/title>\n<meta name=\"description\" content=\"Altea\" \/>\n<meta name=\"robots\" content=\"index, follow, max-snippet:-1, max-image-preview:large, max-video-preview:-1\" \/>\n<link rel=\"canonical\" href=\"https:\/\/alicantecenter.com\/es\/localidades\/altea\/\" \/>\n<meta property=\"og:locale\" content=\"es_ES\" \/>\n<meta property=\"og:type\" content=\"article\" \/>\n<meta property=\"og:title\" content=\"Altea - Alicante - VYM Canarias\" \/>\n<meta property=\"og:description\" content=\"Altea\" \/>\n<meta property=\"og:url\" content=\"https:\/\/alicantecenter.com\/es\/localidades\/altea\/\" \/>\n<meta property=\"og:site_name\" content=\"Alicante - VYM Canarias\" \/>\n<meta property=\"article:publisher\" content=\"https:\/\/www.facebook.com\/vym.canarias\" \/>\n<meta property=\"article:modified_time\" content=\"2023-06-25T13:16:20+00:00\" \/>\n<meta property=\"og:image\" content=\"https:\/\/alicantecenter.com\/wp-content\/uploads\/2023\/06\/vym-canarias-office-2.jpeg\" \/>\n\t<meta property=\"og:image:width\" content=\"1920\" \/>\n\t<meta property=\"og:image:height\" content=\"350\" \/>\n\t<meta property=\"og:image:type\" content=\"image\/jpeg\" \/>\n<meta name=\"twitter:card\" content=\"summary_large_image\" \/>\n<meta name=\"twitter:label1\" content=\"Tiempo de lectura\" \/>\n\t<meta name=\"twitter:data1\" content=\"1 minuto\" \/>\n<script type=\"application\/ld+json\" class=\"yoast-schema-graph\">{\"@context\":\"https:\\\/\\\/schema.org\",\"@graph\":[{\"@type\":\"WebPage\",\"@id\":\"https:\\\/\\\/alicantecenter.com\\\/es\\\/localidades\\\/altea\\\/\",\"url\":\"https:\\\/\\\/alicantecenter.com\\\/es\\\/localidades\\\/altea\\\/\",\"name\":\"Altea - Alicante - VYM Canarias\",\"isPartOf\":{\"@id\":\"https:\\\/\\\/alicantecenter.com\\\/es\\\/#website\"},\"primaryImageOfPage\":{\"@id\":\"https:\\\/\\\/alicantecenter.com\\\/es\\\/localidades\\\/altea\\\/#primaryimage\"},\"image\":{\"@id\":\"https:\\\/\\\/alicantecenter.com\\\/es\\\/localidades\\\/altea\\\/#primaryimage\"},\"thumbnailUrl\":\"https:\\\/\\\/alicantecenter.com\\\/wp-content\\\/uploads\\\/2023\\\/06\\\/vym-canarias-office-2.jpeg\",\"datePublished\":\"2022-07-03T14:08:48+00:00\",\"dateModified\":\"2023-06-25T13:16:20+00:00\",\"description\":\"Altea\",\"breadcrumb\":{\"@id\":\"https:\\\/\\\/alicantecenter.com\\\/es\\\/localidades\\\/altea\\\/#breadcrumb\"},\"inLanguage\":\"es\",\"potentialAction\":[{\"@type\":\"ReadAction\",\"target\":[\"https:\\\/\\\/alicantecenter.com\\\/es\\\/localidades\\\/altea\\\/\"]}]},{\"@type\":\"ImageObject\",\"inLanguage\":\"es\",\"@id\":\"https:\\\/\\\/alicantecenter.com\\\/es\\\/localidades\\\/altea\\\/#primaryimage\",\"url\":\"https:\\\/\\\/alicantecenter.com\\\/wp-content\\\/uploads\\\/2023\\\/06\\\/vym-canarias-office-2.jpeg\",\"contentUrl\":\"https:\\\/\\\/alicantecenter.com\\\/wp-content\\\/uploads\\\/2023\\\/06\\\/vym-canarias-office-2.jpeg\",\"width\":1920,\"height\":350},{\"@type\":\"BreadcrumbList\",\"@id\":\"https:\\\/\\\/alicantecenter.com\\\/es\\\/localidades\\\/altea\\\/#breadcrumb\",\"itemListElement\":[{\"@type\":\"ListItem\",\"position\":1,\"name\":\"Home\",\"item\":\"https:\\\/\\\/alicantecenter.com\\\/es\\\/\"},{\"@type\":\"ListItem\",\"position\":2,\"name\":\"Localidades\",\"item\":\"https:\\\/\\\/alicantecenter.com\\\/es\\\/localidades\\\/\"},{\"@type\":\"ListItem\",\"position\":3,\"name\":\"Altea\"}]},{\"@type\":\"WebSite\",\"@id\":\"https:\\\/\\\/alicantecenter.com\\\/es\\\/#website\",\"url\":\"https:\\\/\\\/alicantecenter.com\\\/es\\\/\",\"name\":\"Alicante - VYM Canarias\",\"description\":\"Real Estate - Alicante\",\"potentialAction\":[{\"@type\":\"SearchAction\",\"target\":{\"@type\":\"EntryPoint\",\"urlTemplate\":\"https:\\\/\\\/alicantecenter.com\\\/es\\\/?s={search_term_string}\"},\"query-input\":{\"@type\":\"PropertyValueSpecification\",\"valueRequired\":true,\"valueName\":\"search_term_string\"}}],\"inLanguage\":\"es\"}]}<\/script>\n<!-- \/ Yoast SEO plugin. -->","yoast_head_json":{"title":"Altea - Alicante - VYM Canarias","description":"Altea","robots":{"index":"index","follow":"follow","max-snippet":"max-snippet:-1","max-image-preview":"max-image-preview:large","max-video-preview":"max-video-preview:-1"},"canonical":"https:\/\/alicantecenter.com\/es\/localidades\/altea\/","og_locale":"es_ES","og_type":"article","og_title":"Altea - Alicante - VYM Canarias","og_description":"Altea","og_url":"https:\/\/alicantecenter.com\/es\/localidades\/altea\/","og_site_name":"Alicante - VYM Canarias","article_publisher":"https:\/\/www.facebook.com\/vym.canarias","article_modified_time":"2023-06-25T13:16:20+00:00","og_image":[{"width":1920,"height":350,"url":"https:\/\/alicantecenter.com\/wp-content\/uploads\/2023\/06\/vym-canarias-office-2.jpeg","type":"image\/jpeg"}],"twitter_card":"summary_large_image","twitter_misc":{"Tiempo de lectura":"1 minuto"},"schema":{"@context":"https:\/\/schema.org","@graph":[{"@type":"WebPage","@id":"https:\/\/alicantecenter.com\/es\/localidades\/altea\/","url":"https:\/\/alicantecenter.com\/es\/localidades\/altea\/","name":"Altea - Alicante - VYM Canarias","isPartOf":{"@id":"https:\/\/alicantecenter.com\/es\/#website"},"primaryImageOfPage":{"@id":"https:\/\/alicantecenter.com\/es\/localidades\/altea\/#primaryimage"},"image":{"@id":"https:\/\/alicantecenter.com\/es\/localidades\/altea\/#primaryimage"},"thumbnailUrl":"https:\/\/alicantecenter.com\/wp-content\/uploads\/2023\/06\/vym-canarias-office-2.jpeg","datePublished":"2022-07-03T14:08:48+00:00","dateModified":"2023-06-25T13:16:20+00:00","description":"Altea","breadcrumb":{"@id":"https:\/\/alicantecenter.com\/es\/localidades\/altea\/#breadcrumb"},"inLanguage":"es","potentialAction":[{"@type":"ReadAction","target":["https:\/\/alicantecenter.com\/es\/localidades\/altea\/"]}]},{"@type":"ImageObject","inLanguage":"es","@id":"https:\/\/alicantecenter.com\/es\/localidades\/altea\/#primaryimage","url":"https:\/\/alicantecenter.com\/wp-content\/uploads\/2023\/06\/vym-canarias-office-2.jpeg","contentUrl":"https:\/\/alicantecenter.com\/wp-content\/uploads\/2023\/06\/vym-canarias-office-2.jpeg","width":1920,"height":350},{"@type":"BreadcrumbList","@id":"https:\/\/alicantecenter.com\/es\/localidades\/altea\/#breadcrumb","itemListElement":[{"@type":"ListItem","position":1,"name":"Home","item":"https:\/\/alicantecenter.com\/es\/"},{"@type":"ListItem","position":2,"name":"Localidades","item":"https:\/\/alicantecenter.com\/es\/localidades\/"},{"@type":"ListItem","position":3,"name":"Altea"}]},{"@type":"WebSite","@id":"https:\/\/alicantecenter.com\/es\/#website","url":"https:\/\/alicantecenter.com\/es\/","name":"Alicante - VYM Canarias","description":"Real Estate - Alicante","potentialAction":[{"@type":"SearchAction","target":{"@type":"EntryPoint","urlTemplate":"https:\/\/alicantecenter.com\/es\/?s={search_term_string}"},"query-input":{"@type":"PropertyValueSpecification","valueRequired":true,"valueName":"search_term_string"}}],"inLanguage":"es"}]}},"_links":{"self":[{"href":"https:\/\/alicantecenter.com\/es\/wp-json\/wp\/v2\/pages\/201072","targetHints":{"allow":["GET"]}}],"collection":[{"href":"https:\/\/alicantecenter.com\/es\/wp-json\/wp\/v2\/pages"}],"about":[{"href":"https:\/\/alicantecenter.com\/es\/wp-json\/wp\/v2\/types\/page"}],"author":[{"embeddable":true,"href":"https:\/\/alicantecenter.com\/es\/wp-json\/wp\/v2\/users\/1"}],"replies":[{"embeddable":true,"href":"https:\/\/alicantecenter.com\/es\/wp-json\/wp\/v2\/comments?post=201072"}],"version-history":[{"count":0,"href":"https:\/\/alicantecenter.com\/es\/wp-json\/wp\/v2\/pages\/201072\/revisions"}],"up":[{"embeddable":true,"href":"https:\/\/alicantecenter.com\/es\/wp-json\/wp\/v2\/pages\/201068"}],"wp:featuredmedia":[{"embeddable":true,"href":"https:\/\/alicantecenter.com\/es\/wp-json\/wp\/v2\/media\/256011"}],"wp:attachment":[{"href":"https:\/\/alicantecenter.com\/es\/wp-json\/wp\/v2\/media?parent=201072"}],"curies":[{"name":"wp","href":"https:\/\/api.w.org\/{rel}","templated":true}]}}